{"id":1524,"date":"2025-07-01T06:58:46","date_gmt":"2025-07-01T04:58:46","guid":{"rendered":"https:\/\/jijitattoo.com\/?post_type=product&#038;p=1524"},"modified":"2025-09-06T20:47:59","modified_gmt":"2025-09-06T20:47:59","slug":"advanced-snail-92-all-in-one-cream-cosrx","status":"publish","type":"product","link":"https:\/\/jijitattoo.com\/?product=advanced-snail-92-all-in-one-cream-cosrx","title":{"rendered":"Advanced Snail 92 All In One Cream \u2013 COSRX"},"content":{"rendered":"<p>Cette cr\u00e8me multifonction \u00e0 base de 92% de mucine d\u2019escargot est une r\u00e9volution pour les peaux ab\u00eem\u00e9es, s\u00e8ches ou marqu\u00e9es. Elle hydrate intens\u00e9ment, am\u00e9liore l\u2019\u00e9lasticit\u00e9 et r\u00e9pare les cicatrices d\u2019acn\u00e9 ou irritations. Sa texture l\u00e9g\u00e8re mais nourrissante p\u00e9n\u00e8tre rapidement sans laisser de film gras. Id\u00e9ale pour restaurer l\u2019\u00e9clat naturel de votre peau au quotidien. Un incontournable pour une peau rebondie, saine et lumineuse.<\/p>\n","protected":false},"excerpt":{"rendered":"<p>Cette cr\u00e8me multifonction \u00e0 base de 92% de mucine d\u2019escargot est une r\u00e9volution pour les peaux ab\u00eem\u00e9es, s\u00e8ches ou marqu\u00e9es. Elle hydrate intens\u00e9ment, am\u00e9liore l\u2019\u00e9lasticit\u00e9 et r\u00e9pare les cicatrices d\u2019acn\u00e9 ou irritations. Sa texture l\u00e9g\u00e8re mais nourrissante p\u00e9n\u00e8tre rapidement sans laisser de film gras. Id\u00e9ale pour restaurer l\u2019\u00e9clat naturel de votre peau au quotidien. Un [&hellip;]<\/p>\n","protected":false},"featured_media":1526,"comment_status":"open","ping_status":"closed","template":"","meta":[],"product_brand":[],"product_cat":[15],"product_tag":[],"class_list":{"0":"post-1524","1":"product","2":"type-product","3":"status-publish","4":"has-post-thumbnail","6":"product_cat-uncategorized","8":"first","9":"instock","10":"shipping-taxable","11":"purchasable","12":"product-type-simple"},"supplier_id":null,"supplier_sku":"","barcode":null,"atum_controlled":true,"out_stock_date":null,"out_stock_threshold":null,"inheritable":false,"inbound_stock":0,"stock_on_hold":11,"sold_today":0,"sales_last_days":0,"reserved_stock":0,"customer_returns":0,"warehouse_damage":0,"lost_in_post":0,"other_logs":0,"out_stock_days":0,"lost_sales":0,"has_location":false,"update_date":"2026-04-10T05:58:46","atum_locations":[],"atum_stock_status":"instock","restock_status":false,"low_stock_amount":10,"sales_update_date":"2026-04-10T05:58:46","calc_backorders":0,"_links":{"self":[{"href":"https:\/\/jijitattoo.com\/index.php?rest_route=\/wp\/v2\/product\/1524","targetHints":{"allow":["GET"]}}],"collection":[{"href":"https:\/\/jijitattoo.com\/index.php?rest_route=\/wp\/v2\/product"}],"about":[{"href":"https:\/\/jijitattoo.com\/index.php?rest_route=\/wp\/v2\/types\/product"}],"replies":[{"embeddable":true,"href":"https:\/\/jijitattoo.com\/index.php?rest_route=%2Fwp%2Fv2%2Fcomments&post=1524"}],"wp:featuredmedia":[{"embeddable":true,"href":"https:\/\/jijitattoo.com\/index.php?rest_route=\/wp\/v2\/media\/1526"}],"wp:attachment":[{"href":"https:\/\/jijitattoo.com\/index.php?rest_route=%2Fwp%2Fv2%2Fmedia&parent=1524"}],"wp:term":[{"taxonomy":"product_brand","embeddable":true,"href":"https:\/\/jijitattoo.com\/index.php?rest_route=%2Fwp%2Fv2%2Fproduct_brand&post=1524"},{"taxonomy":"product_cat","embeddable":true,"href":"https:\/\/jijitattoo.com\/index.php?rest_route=%2Fwp%2Fv2%2Fproduct_cat&post=1524"},{"taxonomy":"product_tag","embeddable":true,"href":"https:\/\/jijitattoo.com\/index.php?rest_route=%2Fwp%2Fv2%2Fproduct_tag&post=1524"}],"curies":[{"name":"wp","href":"https:\/\/api.w.org\/{rel}","templated":true}]}}