{"id":1538,"date":"2025-07-01T07:25:48","date_gmt":"2025-07-01T05:25:48","guid":{"rendered":"https:\/\/jijitattoo.com\/?post_type=product&#038;p=1538"},"modified":"2025-08-08T04:58:29","modified_gmt":"2025-08-08T02:58:29","slug":"anthelios-uvmune-400-la-roche-posay","status":"publish","type":"product","link":"https:\/\/jijitattoo.com\/?product=anthelios-uvmune-400-la-roche-posay","title":{"rendered":"Anthelios UVmune 400 \u2013 La Roche-Posay"},"content":{"rendered":"<p>L\u2019un des \u00e9crans solaires les plus avanc\u00e9s du march\u00e9, avec une protection extr\u00eame contre les UVA ultra-longs (facteur 400). Id\u00e9al pour les peaux sensibles, ce soin invisible prot\u00e8ge contre les t\u00e2ches, le vieillissement et les irritations dues au soleil. Sa formule fluide ne pique pas les yeux et r\u00e9siste \u00e0 l\u2019eau. Recommand\u00e9 par les dermatologues, c\u2019est le bouclier ultime pour votre peau, en toute saison.<\/p>\n","protected":false},"excerpt":{"rendered":"<p>L\u2019un des \u00e9crans solaires les plus avanc\u00e9s du march\u00e9, avec une protection extr\u00eame contre les UVA ultra-longs (facteur 400). Id\u00e9al pour les peaux sensibles, ce soin invisible prot\u00e8ge contre les t\u00e2ches, le vieillissement et les irritations dues au soleil. Sa formule fluide ne pique pas les yeux et r\u00e9siste \u00e0 l\u2019eau. Recommand\u00e9 par les dermatologues, [&hellip;]<\/p>\n","protected":false},"featured_media":1539,"comment_status":"open","ping_status":"closed","template":"","meta":[],"product_brand":[],"product_cat":[15],"product_tag":[],"class_list":{"0":"post-1538","1":"product","2":"type-product","3":"status-publish","4":"has-post-thumbnail","6":"product_cat-uncategorized","8":"first","9":"instock","10":"shipping-taxable","11":"purchasable","12":"product-type-simple"},"supplier_id":null,"supplier_sku":"","barcode":null,"atum_controlled":true,"out_stock_date":null,"out_stock_threshold":null,"inheritable":false,"inbound_stock":0,"stock_on_hold":1,"sold_today":0,"sales_last_days":0,"reserved_stock":0,"customer_returns":0,"warehouse_damage":0,"lost_in_post":0,"other_logs":0,"out_stock_days":0,"lost_sales":0,"has_location":false,"update_date":"2026-04-08T04:59:25","atum_locations":[],"atum_stock_status":"instock","restock_status":false,"low_stock_amount":"","sales_update_date":"2026-04-08T04:59:25","calc_backorders":0,"_links":{"self":[{"href":"https:\/\/jijitattoo.com\/index.php?rest_route=\/wp\/v2\/product\/1538","targetHints":{"allow":["GET"]}}],"collection":[{"href":"https:\/\/jijitattoo.com\/index.php?rest_route=\/wp\/v2\/product"}],"about":[{"href":"https:\/\/jijitattoo.com\/index.php?rest_route=\/wp\/v2\/types\/product"}],"replies":[{"embeddable":true,"href":"https:\/\/jijitattoo.com\/index.php?rest_route=%2Fwp%2Fv2%2Fcomments&post=1538"}],"wp:featuredmedia":[{"embeddable":true,"href":"https:\/\/jijitattoo.com\/index.php?rest_route=\/wp\/v2\/media\/1539"}],"wp:attachment":[{"href":"https:\/\/jijitattoo.com\/index.php?rest_route=%2Fwp%2Fv2%2Fmedia&parent=1538"}],"wp:term":[{"taxonomy":"product_brand","embeddable":true,"href":"https:\/\/jijitattoo.com\/index.php?rest_route=%2Fwp%2Fv2%2Fproduct_brand&post=1538"},{"taxonomy":"product_cat","embeddable":true,"href":"https:\/\/jijitattoo.com\/index.php?rest_route=%2Fwp%2Fv2%2Fproduct_cat&post=1538"},{"taxonomy":"product_tag","embeddable":true,"href":"https:\/\/jijitattoo.com\/index.php?rest_route=%2Fwp%2Fv2%2Fproduct_tag&post=1538"}],"curies":[{"name":"wp","href":"https:\/\/api.w.org\/{rel}","templated":true}]}}