{"id":1541,"date":"2025-07-01T07:27:34","date_gmt":"2025-07-01T05:27:34","guid":{"rendered":"https:\/\/jijitattoo.com\/?post_type=product&#038;p=1541"},"modified":"2025-09-06T20:47:59","modified_gmt":"2025-09-06T20:47:59","slug":"beauty-of-joseon-glow-rice-milk","status":"publish","type":"product","link":"https:\/\/jijitattoo.com\/?product=beauty-of-joseon-glow-rice-milk","title":{"rendered":"Beauty of Joseon Glow Rice Milk"},"content":{"rendered":"<p>Inspir\u00e9 des secrets de beaut\u00e9 des femmes cor\u00e9ennes, ce s\u00e9rum lact\u00e9 au riz illumine le teint, hydrate intens\u00e9ment et uniformise la peau. Il est parfait pour celles et ceux qui cherchent \u00e0 retrouver de l\u2019\u00e9clat et de la douceur. Sa texture soyeuse s\u2019absorbe instantan\u00e9ment, sans effet collant. Adapt\u00e9 \u00e0 tous les types de peau, m\u00eame sensibles. Un v\u00e9ritable soin \u00ab\u00a0coup d\u2019\u00e9clat\u00a0\u00bb au quotidien.<\/p>\n","protected":false},"excerpt":{"rendered":"<p>Inspir\u00e9 des secrets de beaut\u00e9 des femmes cor\u00e9ennes, ce s\u00e9rum lact\u00e9 au riz illumine le teint, hydrate intens\u00e9ment et uniformise la peau. Il est parfait pour celles et ceux qui cherchent \u00e0 retrouver de l\u2019\u00e9clat et de la douceur. Sa texture soyeuse s\u2019absorbe instantan\u00e9ment, sans effet collant. Adapt\u00e9 \u00e0 tous les types de peau, m\u00eame [&hellip;]<\/p>\n","protected":false},"featured_media":1598,"comment_status":"open","ping_status":"closed","template":"","meta":[],"product_brand":[],"product_cat":[15],"product_tag":[],"class_list":{"0":"post-1541","1":"product","2":"type-product","3":"status-publish","4":"has-post-thumbnail","6":"product_cat-uncategorized","8":"first","9":"instock","10":"shipping-taxable","11":"purchasable","12":"product-type-simple"},"supplier_id":null,"supplier_sku":"","barcode":null,"atum_controlled":true,"out_stock_date":null,"out_stock_threshold":null,"inheritable":false,"inbound_stock":0,"stock_on_hold":3,"sold_today":0,"sales_last_days":0,"reserved_stock":0,"customer_returns":0,"warehouse_damage":0,"lost_in_post":0,"other_logs":0,"out_stock_days":0,"lost_sales":0,"has_location":false,"update_date":"2026-04-08T04:59:25","atum_locations":[],"atum_stock_status":"instock","restock_status":false,"low_stock_amount":"","sales_update_date":"2026-04-08T04:59:25","calc_backorders":null,"_links":{"self":[{"href":"https:\/\/jijitattoo.com\/index.php?rest_route=\/wp\/v2\/product\/1541","targetHints":{"allow":["GET"]}}],"collection":[{"href":"https:\/\/jijitattoo.com\/index.php?rest_route=\/wp\/v2\/product"}],"about":[{"href":"https:\/\/jijitattoo.com\/index.php?rest_route=\/wp\/v2\/types\/product"}],"replies":[{"embeddable":true,"href":"https:\/\/jijitattoo.com\/index.php?rest_route=%2Fwp%2Fv2%2Fcomments&post=1541"}],"wp:featuredmedia":[{"embeddable":true,"href":"https:\/\/jijitattoo.com\/index.php?rest_route=\/wp\/v2\/media\/1598"}],"wp:attachment":[{"href":"https:\/\/jijitattoo.com\/index.php?rest_route=%2Fwp%2Fv2%2Fmedia&parent=1541"}],"wp:term":[{"taxonomy":"product_brand","embeddable":true,"href":"https:\/\/jijitattoo.com\/index.php?rest_route=%2Fwp%2Fv2%2Fproduct_brand&post=1541"},{"taxonomy":"product_cat","embeddable":true,"href":"https:\/\/jijitattoo.com\/index.php?rest_route=%2Fwp%2Fv2%2Fproduct_cat&post=1541"},{"taxonomy":"product_tag","embeddable":true,"href":"https:\/\/jijitattoo.com\/index.php?rest_route=%2Fwp%2Fv2%2Fproduct_tag&post=1541"}],"curies":[{"name":"wp","href":"https:\/\/api.w.org\/{rel}","templated":true}]}}