{"id":1545,"date":"2025-07-01T07:34:12","date_gmt":"2025-07-01T05:34:12","guid":{"rendered":"https:\/\/jijitattoo.com\/?post_type=product&#038;p=1545"},"modified":"2025-08-15T11:17:36","modified_gmt":"2025-08-15T11:17:36","slug":"beauty-of-joseon-glow-serum-propolis-niacinamide","status":"publish","type":"product","link":"https:\/\/jijitattoo.com\/?product=beauty-of-joseon-glow-serum-propolis-niacinamide","title":{"rendered":"Beauty of Joseon Glow Serum \u2013 Propolis + Niacinamide"},"content":{"rendered":"<p>S\u00e9rum anti-imperfections \u00e0 base de propolis et niacinamide. Combat les boutons, r\u00e9duit les rougeurs et apporte de l\u2019\u00e9clat. Texture agr\u00e9able, id\u00e9al pour les peaux \u00e0 probl\u00e8mes<\/p>\n","protected":false},"excerpt":{"rendered":"<p>S\u00e9rum anti-imperfections \u00e0 base de propolis et niacinamide. Combat les boutons, r\u00e9duit les rougeurs et apporte de l\u2019\u00e9clat. Texture agr\u00e9able, id\u00e9al pour les peaux \u00e0 probl\u00e8mes<\/p>\n","protected":false},"featured_media":1546,"comment_status":"open","ping_status":"closed","template":"","meta":[],"product_brand":[],"product_cat":[15],"product_tag":[],"class_list":{"0":"post-1545","1":"product","2":"type-product","3":"status-publish","4":"has-post-thumbnail","6":"product_cat-uncategorized","8":"first","9":"instock","10":"shipping-taxable","11":"purchasable","12":"product-type-simple"},"supplier_id":null,"supplier_sku":"","barcode":null,"atum_controlled":true,"out_stock_date":null,"out_stock_threshold":null,"inheritable":false,"inbound_stock":0,"stock_on_hold":2,"sold_today":0,"sales_last_days":0,"reserved_stock":0,"customer_returns":0,"warehouse_damage":0,"lost_in_post":0,"other_logs":0,"out_stock_days":0,"lost_sales":0,"has_location":false,"update_date":"2026-04-10T05:58:46","atum_locations":[],"atum_stock_status":"instock","restock_status":false,"low_stock_amount":"","sales_update_date":"2026-04-10T05:58:46","calc_backorders":null,"_links":{"self":[{"href":"https:\/\/jijitattoo.com\/index.php?rest_route=\/wp\/v2\/product\/1545","targetHints":{"allow":["GET"]}}],"collection":[{"href":"https:\/\/jijitattoo.com\/index.php?rest_route=\/wp\/v2\/product"}],"about":[{"href":"https:\/\/jijitattoo.com\/index.php?rest_route=\/wp\/v2\/types\/product"}],"replies":[{"embeddable":true,"href":"https:\/\/jijitattoo.com\/index.php?rest_route=%2Fwp%2Fv2%2Fcomments&post=1545"}],"wp:featuredmedia":[{"embeddable":true,"href":"https:\/\/jijitattoo.com\/index.php?rest_route=\/wp\/v2\/media\/1546"}],"wp:attachment":[{"href":"https:\/\/jijitattoo.com\/index.php?rest_route=%2Fwp%2Fv2%2Fmedia&parent=1545"}],"wp:term":[{"taxonomy":"product_brand","embeddable":true,"href":"https:\/\/jijitattoo.com\/index.php?rest_route=%2Fwp%2Fv2%2Fproduct_brand&post=1545"},{"taxonomy":"product_cat","embeddable":true,"href":"https:\/\/jijitattoo.com\/index.php?rest_route=%2Fwp%2Fv2%2Fproduct_cat&post=1545"},{"taxonomy":"product_tag","embeddable":true,"href":"https:\/\/jijitattoo.com\/index.php?rest_route=%2Fwp%2Fv2%2Fproduct_tag&post=1545"}],"curies":[{"name":"wp","href":"https:\/\/api.w.org\/{rel}","templated":true}]}}