{"id":1547,"date":"2025-07-01T07:35:47","date_gmt":"2025-07-01T05:35:47","guid":{"rendered":"https:\/\/jijitattoo.com\/?post_type=product&#038;p=1547"},"modified":"2025-08-14T23:23:15","modified_gmt":"2025-08-14T21:23:15","slug":"beauty-of-joseon-relief-sun-rice-probiotics-spf50","status":"publish","type":"product","link":"https:\/\/jijitattoo.com\/?product=beauty-of-joseon-relief-sun-rice-probiotics-spf50","title":{"rendered":"Beauty of Joseon Relief Sun : Rice + Probiotics SPF50+"},"content":{"rendered":"<p>Cr\u00e8me solaire hydratante enrichie en extraits de riz et probiotiques. Prot\u00e8ge efficacement des UV tout en nourrissant la peau. Parfaite pour un usage quotidien, l\u00e9g\u00e8re et non com\u00e9dog\u00e8ne.<\/p>\n","protected":false},"excerpt":{"rendered":"<p>Cr\u00e8me solaire hydratante enrichie en extraits de riz et probiotiques. Prot\u00e8ge efficacement des UV tout en nourrissant la peau. Parfaite pour un usage quotidien, l\u00e9g\u00e8re et non com\u00e9dog\u00e8ne.<\/p>\n","protected":false},"featured_media":1548,"comment_status":"open","ping_status":"closed","template":"","meta":[],"product_brand":[],"product_cat":[15],"product_tag":[],"class_list":{"0":"post-1547","1":"product","2":"type-product","3":"status-publish","4":"has-post-thumbnail","6":"product_cat-uncategorized","8":"first","9":"instock","10":"shipping-taxable","11":"purchasable","12":"product-type-simple"},"supplier_id":null,"supplier_sku":"","barcode":null,"atum_controlled":true,"out_stock_date":null,"out_stock_threshold":null,"inheritable":false,"inbound_stock":0,"stock_on_hold":1,"sold_today":0,"sales_last_days":0,"reserved_stock":0,"customer_returns":0,"warehouse_damage":0,"lost_in_post":0,"other_logs":0,"out_stock_days":0,"lost_sales":0,"has_location":false,"update_date":"2026-04-08T04:59:25","atum_locations":[],"atum_stock_status":"instock","restock_status":false,"low_stock_amount":"","sales_update_date":"2026-04-08T04:59:25","calc_backorders":null,"_links":{"self":[{"href":"https:\/\/jijitattoo.com\/index.php?rest_route=\/wp\/v2\/product\/1547","targetHints":{"allow":["GET"]}}],"collection":[{"href":"https:\/\/jijitattoo.com\/index.php?rest_route=\/wp\/v2\/product"}],"about":[{"href":"https:\/\/jijitattoo.com\/index.php?rest_route=\/wp\/v2\/types\/product"}],"replies":[{"embeddable":true,"href":"https:\/\/jijitattoo.com\/index.php?rest_route=%2Fwp%2Fv2%2Fcomments&post=1547"}],"wp:featuredmedia":[{"embeddable":true,"href":"https:\/\/jijitattoo.com\/index.php?rest_route=\/wp\/v2\/media\/1548"}],"wp:attachment":[{"href":"https:\/\/jijitattoo.com\/index.php?rest_route=%2Fwp%2Fv2%2Fmedia&parent=1547"}],"wp:term":[{"taxonomy":"product_brand","embeddable":true,"href":"https:\/\/jijitattoo.com\/index.php?rest_route=%2Fwp%2Fv2%2Fproduct_brand&post=1547"},{"taxonomy":"product_cat","embeddable":true,"href":"https:\/\/jijitattoo.com\/index.php?rest_route=%2Fwp%2Fv2%2Fproduct_cat&post=1547"},{"taxonomy":"product_tag","embeddable":true,"href":"https:\/\/jijitattoo.com\/index.php?rest_route=%2Fwp%2Fv2%2Fproduct_tag&post=1547"}],"curies":[{"name":"wp","href":"https:\/\/api.w.org\/{rel}","templated":true}]}}