{"id":1549,"date":"2025-07-01T07:39:39","date_gmt":"2025-07-01T05:39:39","guid":{"rendered":"https:\/\/jijitattoo.com\/?post_type=product&#038;p=1549"},"modified":"2026-01-19T05:45:12","modified_gmt":"2026-01-19T05:45:12","slug":"centella-ampoule-foam","status":"publish","type":"product","link":"https:\/\/jijitattoo.com\/?product=centella-ampoule-foam","title":{"rendered":"Centella\u202fAmpoule\u202fFoam"},"content":{"rendered":"<p>Mousse nettoyante concentr\u00e9e en centella asiatica aux vertus cicatrisantes et anti\u2011rougeurs.<br data-start=\"3437\" data-end=\"3440\" \/>La formule cr\u00e9meuse se transforme en micro\u2011bulles pour \u00e9liminer pollution et exc\u00e8s de s\u00e9bum.<br data-start=\"3532\" data-end=\"3535\" \/>Apaise imm\u00e9diatement les peaux irrit\u00e9es, tout en renfor\u00e7ant la barri\u00e8re d\u2019hydratation.<br data-start=\"3621\" data-end=\"3624\" \/>Sans sulfates agressifs\u202f; convient aux routines double\u2011nettoyage K\u2011Beauty.<br data-start=\"3698\" data-end=\"3701\" \/>Pour un teint apais\u00e9, clair et confortable d\u00e8s la premi\u00e8re utilisation.<\/p>\n","protected":false},"excerpt":{"rendered":"<p>Mousse nettoyante concentr\u00e9e en centella asiatica aux vertus cicatrisantes et anti\u2011rougeurs.La formule cr\u00e9meuse se transforme en micro\u2011bulles pour \u00e9liminer pollution et exc\u00e8s de s\u00e9bum.Apaise imm\u00e9diatement les peaux irrit\u00e9es, tout en renfor\u00e7ant la barri\u00e8re d\u2019hydratation.Sans sulfates agressifs\u202f; convient aux routines double\u2011nettoyage K\u2011Beauty.Pour un teint apais\u00e9, clair et confortable d\u00e8s la premi\u00e8re utilisation.<\/p>\n","protected":false},"featured_media":1550,"comment_status":"open","ping_status":"closed","template":"","meta":[],"product_brand":[],"product_cat":[15],"product_tag":[],"class_list":{"0":"post-1549","1":"product","2":"type-product","3":"status-publish","4":"has-post-thumbnail","6":"product_cat-uncategorized","8":"first","9":"instock","10":"shipping-taxable","11":"purchasable","12":"product-type-simple"},"supplier_id":null,"supplier_sku":"","barcode":null,"atum_controlled":true,"out_stock_date":null,"out_stock_threshold":null,"inheritable":false,"inbound_stock":0,"stock_on_hold":3,"sold_today":0,"sales_last_days":0,"reserved_stock":0,"customer_returns":0,"warehouse_damage":0,"lost_in_post":0,"other_logs":0,"out_stock_days":0,"lost_sales":0,"has_location":false,"update_date":"2026-04-10T05:58:46","atum_locations":[],"atum_stock_status":"instock","restock_status":false,"low_stock_amount":"","sales_update_date":"2026-04-10T05:58:46","calc_backorders":0,"_links":{"self":[{"href":"https:\/\/jijitattoo.com\/index.php?rest_route=\/wp\/v2\/product\/1549","targetHints":{"allow":["GET"]}}],"collection":[{"href":"https:\/\/jijitattoo.com\/index.php?rest_route=\/wp\/v2\/product"}],"about":[{"href":"https:\/\/jijitattoo.com\/index.php?rest_route=\/wp\/v2\/types\/product"}],"replies":[{"embeddable":true,"href":"https:\/\/jijitattoo.com\/index.php?rest_route=%2Fwp%2Fv2%2Fcomments&post=1549"}],"wp:featuredmedia":[{"embeddable":true,"href":"https:\/\/jijitattoo.com\/index.php?rest_route=\/wp\/v2\/media\/1550"}],"wp:attachment":[{"href":"https:\/\/jijitattoo.com\/index.php?rest_route=%2Fwp%2Fv2%2Fmedia&parent=1549"}],"wp:term":[{"taxonomy":"product_brand","embeddable":true,"href":"https:\/\/jijitattoo.com\/index.php?rest_route=%2Fwp%2Fv2%2Fproduct_brand&post=1549"},{"taxonomy":"product_cat","embeddable":true,"href":"https:\/\/jijitattoo.com\/index.php?rest_route=%2Fwp%2Fv2%2Fproduct_cat&post=1549"},{"taxonomy":"product_tag","embeddable":true,"href":"https:\/\/jijitattoo.com\/index.php?rest_route=%2Fwp%2Fv2%2Fproduct_tag&post=1549"}],"curies":[{"name":"wp","href":"https:\/\/api.w.org\/{rel}","templated":true}]}}