{"id":1551,"date":"2025-07-01T07:41:11","date_gmt":"2025-07-01T05:41:11","guid":{"rendered":"https:\/\/jijitattoo.com\/?post_type=product&#038;p=1551"},"modified":"2025-08-15T11:30:40","modified_gmt":"2025-08-15T11:30:40","slug":"centella-probio%e2%80%91cica-essence-toner","status":"publish","type":"product","link":"https:\/\/jijitattoo.com\/?product=centella-probio%e2%80%91cica-essence-toner","title":{"rendered":"Centella Probio\u2011Cica\u202fEssence\u202fToner"},"content":{"rendered":"<p>Tonique\u2011essence 2\u2011en\u20111 enrichi en probiotiques et centella pour r\u00e9g\u00e9n\u00e9rer et \u00e9quilibrer la flore cutan\u00e9e.<br data-start=\"3945\" data-end=\"3948\" \/>Texture liquide\u2011gel qui hydrate en profondeur et pr\u00e9pare la peau aux soins suivants.<br data-start=\"4032\" data-end=\"4035\" \/>R\u00e9duit rougeurs et sensibilit\u00e9s, id\u00e9al apr\u00e8s le nettoyage ou un gommage.<br data-start=\"4107\" data-end=\"4110\" \/>Formulation sans alcool ni parfum artificiel pour une tol\u00e9rance maximale.<br data-start=\"4183\" data-end=\"4186\" \/>Step cl\u00e9 d\u2019une routine \u201cglass skin\u201d pour un visage lisse et lumineux.<\/p>\n","protected":false},"excerpt":{"rendered":"<p>Tonique\u2011essence 2\u2011en\u20111 enrichi en probiotiques et centella pour r\u00e9g\u00e9n\u00e9rer et \u00e9quilibrer la flore cutan\u00e9e.Texture liquide\u2011gel qui hydrate en profondeur et pr\u00e9pare la peau aux soins suivants.R\u00e9duit rougeurs et sensibilit\u00e9s, id\u00e9al apr\u00e8s le nettoyage ou un gommage.Formulation sans alcool ni parfum artificiel pour une tol\u00e9rance maximale.Step cl\u00e9 d\u2019une routine \u201cglass skin\u201d pour un visage lisse et [&hellip;]<\/p>\n","protected":false},"featured_media":1596,"comment_status":"open","ping_status":"closed","template":"","meta":[],"product_brand":[],"product_cat":[15],"product_tag":[],"class_list":{"0":"post-1551","1":"product","2":"type-product","3":"status-publish","4":"has-post-thumbnail","6":"product_cat-uncategorized","8":"first","9":"instock","10":"shipping-taxable","11":"purchasable","12":"product-type-simple"},"supplier_id":null,"supplier_sku":"","barcode":null,"atum_controlled":true,"out_stock_date":null,"out_stock_threshold":null,"inheritable":false,"inbound_stock":0,"stock_on_hold":3,"sold_today":0,"sales_last_days":0,"reserved_stock":0,"customer_returns":0,"warehouse_damage":0,"lost_in_post":0,"other_logs":0,"out_stock_days":0,"lost_sales":0,"has_location":false,"update_date":"2026-04-08T04:59:25","atum_locations":[],"atum_stock_status":"instock","restock_status":false,"low_stock_amount":"","sales_update_date":"2026-04-08T04:59:25","calc_backorders":null,"_links":{"self":[{"href":"https:\/\/jijitattoo.com\/index.php?rest_route=\/wp\/v2\/product\/1551","targetHints":{"allow":["GET"]}}],"collection":[{"href":"https:\/\/jijitattoo.com\/index.php?rest_route=\/wp\/v2\/product"}],"about":[{"href":"https:\/\/jijitattoo.com\/index.php?rest_route=\/wp\/v2\/types\/product"}],"replies":[{"embeddable":true,"href":"https:\/\/jijitattoo.com\/index.php?rest_route=%2Fwp%2Fv2%2Fcomments&post=1551"}],"wp:featuredmedia":[{"embeddable":true,"href":"https:\/\/jijitattoo.com\/index.php?rest_route=\/wp\/v2\/media\/1596"}],"wp:attachment":[{"href":"https:\/\/jijitattoo.com\/index.php?rest_route=%2Fwp%2Fv2%2Fmedia&parent=1551"}],"wp:term":[{"taxonomy":"product_brand","embeddable":true,"href":"https:\/\/jijitattoo.com\/index.php?rest_route=%2Fwp%2Fv2%2Fproduct_brand&post=1551"},{"taxonomy":"product_cat","embeddable":true,"href":"https:\/\/jijitattoo.com\/index.php?rest_route=%2Fwp%2Fv2%2Fproduct_cat&post=1551"},{"taxonomy":"product_tag","embeddable":true,"href":"https:\/\/jijitattoo.com\/index.php?rest_route=%2Fwp%2Fv2%2Fproduct_tag&post=1551"}],"curies":[{"name":"wp","href":"https:\/\/api.w.org\/{rel}","templated":true}]}}