{"id":1556,"date":"2025-07-01T07:45:34","date_gmt":"2025-07-01T05:45:34","guid":{"rendered":"https:\/\/jijitattoo.com\/?post_type=product&#038;p=1556"},"modified":"2025-08-20T22:08:49","modified_gmt":"2025-08-20T22:08:49","slug":"centella-toning-brightening-toner","status":"publish","type":"product","link":"https:\/\/jijitattoo.com\/?product=centella-toning-brightening-toner","title":{"rendered":"Centella Toning Brightening Toner"},"content":{"rendered":"<p>Tonique illuminateur qui associe centella et niacinamide pour estomper taches et teint terne.<br data-start=\"4898\" data-end=\"4901\" \/>Exfoliation douce AHA + PHA pour acc\u00e9l\u00e9rer le renouvellement cellulaire sans agresser.<br data-start=\"4987\" data-end=\"4990\" \/>Apporte un shot d\u2019hydratation et de fra\u00eecheur d\u00e8s l\u2019application.<br data-start=\"5054\" data-end=\"5057\" \/>Peau plus homog\u00e8ne, \u00e9clatante et pr\u00eate \u00e0 recevoir s\u00e9rums et cr\u00e8mes.<br data-start=\"5124\" data-end=\"5127\" \/>Parfait pour celles et ceux qui veulent un \u201cglow\u201d naturel, m\u00eame sans maquillage<\/p>\n","protected":false},"excerpt":{"rendered":"<p>Tonique illuminateur qui associe centella et niacinamide pour estomper taches et teint terne.Exfoliation douce AHA + PHA pour acc\u00e9l\u00e9rer le renouvellement cellulaire sans agresser.Apporte un shot d\u2019hydratation et de fra\u00eecheur d\u00e8s l\u2019application.Peau plus homog\u00e8ne, \u00e9clatante et pr\u00eate \u00e0 recevoir s\u00e9rums et cr\u00e8mes.Parfait pour celles et ceux qui veulent un \u201cglow\u201d naturel, m\u00eame sans maquillage<\/p>\n","protected":false},"featured_media":1557,"comment_status":"open","ping_status":"closed","template":"","meta":[],"product_brand":[],"product_cat":[15],"product_tag":[],"class_list":{"0":"post-1556","1":"product","2":"type-product","3":"status-publish","4":"has-post-thumbnail","6":"product_cat-uncategorized","8":"first","9":"instock","10":"shipping-taxable","11":"purchasable","12":"product-type-simple"},"supplier_id":null,"supplier_sku":"","barcode":null,"atum_controlled":true,"out_stock_date":null,"out_stock_threshold":null,"inheritable":false,"inbound_stock":0,"stock_on_hold":2,"sold_today":0,"sales_last_days":0,"reserved_stock":0,"customer_returns":0,"warehouse_damage":0,"lost_in_post":0,"other_logs":0,"out_stock_days":0,"lost_sales":0,"has_location":false,"update_date":"2026-04-10T05:58:46","atum_locations":[],"atum_stock_status":"instock","restock_status":false,"low_stock_amount":"","sales_update_date":"2026-04-10T05:58:46","calc_backorders":0,"_links":{"self":[{"href":"https:\/\/jijitattoo.com\/index.php?rest_route=\/wp\/v2\/product\/1556","targetHints":{"allow":["GET"]}}],"collection":[{"href":"https:\/\/jijitattoo.com\/index.php?rest_route=\/wp\/v2\/product"}],"about":[{"href":"https:\/\/jijitattoo.com\/index.php?rest_route=\/wp\/v2\/types\/product"}],"replies":[{"embeddable":true,"href":"https:\/\/jijitattoo.com\/index.php?rest_route=%2Fwp%2Fv2%2Fcomments&post=1556"}],"wp:featuredmedia":[{"embeddable":true,"href":"https:\/\/jijitattoo.com\/index.php?rest_route=\/wp\/v2\/media\/1557"}],"wp:attachment":[{"href":"https:\/\/jijitattoo.com\/index.php?rest_route=%2Fwp%2Fv2%2Fmedia&parent=1556"}],"wp:term":[{"taxonomy":"product_brand","embeddable":true,"href":"https:\/\/jijitattoo.com\/index.php?rest_route=%2Fwp%2Fv2%2Fproduct_brand&post=1556"},{"taxonomy":"product_cat","embeddable":true,"href":"https:\/\/jijitattoo.com\/index.php?rest_route=%2Fwp%2Fv2%2Fproduct_cat&post=1556"},{"taxonomy":"product_tag","embeddable":true,"href":"https:\/\/jijitattoo.com\/index.php?rest_route=%2Fwp%2Fv2%2Fproduct_tag&post=1556"}],"curies":[{"name":"wp","href":"https:\/\/api.w.org\/{rel}","templated":true}]}}