{"id":1558,"date":"2025-07-01T07:48:17","date_gmt":"2025-07-01T05:48:17","guid":{"rendered":"https:\/\/jijitattoo.com\/?post_type=product&#038;p=1558"},"modified":"2025-08-14T23:23:15","modified_gmt":"2025-08-14T21:23:15","slug":"eau-thermale-la-roche-posay","status":"publish","type":"product","link":"https:\/\/jijitattoo.com\/?product=eau-thermale-la-roche-posay","title":{"rendered":"Eau Thermale \u2014 La Roche-Posay"},"content":{"rendered":"<p>Brume apaisante et rafra\u00eechissante \u00e0 base d\u2019eau thermale pure riche en min\u00e9raux et oligo\u00e9l\u00e9ments.<br data-start=\"182\" data-end=\"185\" \/>Apaise instantan\u00e9ment les irritations, les rougeurs, les d\u00e9mangeaisons ou les \u00e9chauffements.<br data-start=\"277\" data-end=\"280\" \/>Peut s\u2019utiliser \u00e0 tout moment de la journ\u00e9e : apr\u00e8s le nettoyage, le maquillage ou en cas de chaleur.<br data-start=\"381\" data-end=\"384\" \/>Convient \u00e0 tous types de peaux, m\u00eame les plus sensibles, b\u00e9b\u00e9s compris.<br data-start=\"455\" data-end=\"458\" \/>Un indispensable dans sa routine pour hydrater et calmer la peau en douceur.<\/p>\n","protected":false},"excerpt":{"rendered":"<p>Brume apaisante et rafra\u00eechissante \u00e0 base d\u2019eau thermale pure riche en min\u00e9raux et oligo\u00e9l\u00e9ments.Apaise instantan\u00e9ment les irritations, les rougeurs, les d\u00e9mangeaisons ou les \u00e9chauffements.Peut s\u2019utiliser \u00e0 tout moment de la journ\u00e9e : apr\u00e8s le nettoyage, le maquillage ou en cas de chaleur.Convient \u00e0 tous types de peaux, m\u00eame les plus sensibles, b\u00e9b\u00e9s compris.Un indispensable dans [&hellip;]<\/p>\n","protected":false},"featured_media":1559,"comment_status":"open","ping_status":"closed","template":"","meta":[],"product_brand":[],"product_cat":[15],"product_tag":[],"class_list":{"0":"post-1558","1":"product","2":"type-product","3":"status-publish","4":"has-post-thumbnail","6":"product_cat-uncategorized","8":"first","9":"instock","10":"shipping-taxable","11":"purchasable","12":"product-type-simple"},"supplier_id":null,"supplier_sku":"","barcode":null,"atum_controlled":true,"out_stock_date":null,"out_stock_threshold":null,"inheritable":false,"inbound_stock":0,"stock_on_hold":1,"sold_today":0,"sales_last_days":0,"reserved_stock":0,"customer_returns":0,"warehouse_damage":0,"lost_in_post":0,"other_logs":0,"out_stock_days":0,"lost_sales":0,"has_location":false,"update_date":"2026-04-08T04:59:25","atum_locations":[],"atum_stock_status":"instock","restock_status":false,"low_stock_amount":"","sales_update_date":"2026-04-08T04:59:25","calc_backorders":0,"_links":{"self":[{"href":"https:\/\/jijitattoo.com\/index.php?rest_route=\/wp\/v2\/product\/1558","targetHints":{"allow":["GET"]}}],"collection":[{"href":"https:\/\/jijitattoo.com\/index.php?rest_route=\/wp\/v2\/product"}],"about":[{"href":"https:\/\/jijitattoo.com\/index.php?rest_route=\/wp\/v2\/types\/product"}],"replies":[{"embeddable":true,"href":"https:\/\/jijitattoo.com\/index.php?rest_route=%2Fwp%2Fv2%2Fcomments&post=1558"}],"wp:featuredmedia":[{"embeddable":true,"href":"https:\/\/jijitattoo.com\/index.php?rest_route=\/wp\/v2\/media\/1559"}],"wp:attachment":[{"href":"https:\/\/jijitattoo.com\/index.php?rest_route=%2Fwp%2Fv2%2Fmedia&parent=1558"}],"wp:term":[{"taxonomy":"product_brand","embeddable":true,"href":"https:\/\/jijitattoo.com\/index.php?rest_route=%2Fwp%2Fv2%2Fproduct_brand&post=1558"},{"taxonomy":"product_cat","embeddable":true,"href":"https:\/\/jijitattoo.com\/index.php?rest_route=%2Fwp%2Fv2%2Fproduct_cat&post=1558"},{"taxonomy":"product_tag","embeddable":true,"href":"https:\/\/jijitattoo.com\/index.php?rest_route=%2Fwp%2Fv2%2Fproduct_tag&post=1558"}],"curies":[{"name":"wp","href":"https:\/\/api.w.org\/{rel}","templated":true}]}}