{"id":1560,"date":"2025-07-01T07:52:51","date_gmt":"2025-07-01T05:52:51","guid":{"rendered":"https:\/\/jijitattoo.com\/?post_type=product&#038;p=1560"},"modified":"2025-08-14T23:23:15","modified_gmt":"2025-08-14T21:23:15","slug":"galactomyces-pure-vitamin-c-glow-serum-some-by-mi","status":"publish","type":"product","link":"https:\/\/jijitattoo.com\/?product=galactomyces-pure-vitamin-c-glow-serum-some-by-mi","title":{"rendered":"Galactomyces Pure Vitamin C Glow Serum \u2014 Some By Mi"},"content":{"rendered":"<p>S\u00e9rum ultra-\u00e9claircissant \u00e0 base de galactomyces et de vitamine C pure.<br data-start=\"688\" data-end=\"691\" \/>Illumine visiblement le teint, att\u00e9nue les taches et redonne \u00e9clat \u00e0 la peau fatigu\u00e9e.<br data-start=\"777\" data-end=\"780\" \/>Convient parfaitement aux teints ternes, peaux marqu\u00e9es ou en manque d\u2019uniformit\u00e9.<br data-start=\"862\" data-end=\"865\" \/>Sa texture l\u00e9g\u00e8re s\u2019absorbe rapidement sans coller ni irriter.<br data-start=\"927\" data-end=\"930\" \/>Une solution puissante et naturelle pour un teint radieux jour apr\u00e8s jour.<\/p>\n","protected":false},"excerpt":{"rendered":"<p>S\u00e9rum ultra-\u00e9claircissant \u00e0 base de galactomyces et de vitamine C pure.Illumine visiblement le teint, att\u00e9nue les taches et redonne \u00e9clat \u00e0 la peau fatigu\u00e9e.Convient parfaitement aux teints ternes, peaux marqu\u00e9es ou en manque d\u2019uniformit\u00e9.Sa texture l\u00e9g\u00e8re s\u2019absorbe rapidement sans coller ni irriter.Une solution puissante et naturelle pour un teint radieux jour apr\u00e8s jour.<\/p>\n","protected":false},"featured_media":1561,"comment_status":"open","ping_status":"closed","template":"","meta":[],"product_brand":[],"product_cat":[15],"product_tag":[],"class_list":{"0":"post-1560","1":"product","2":"type-product","3":"status-publish","4":"has-post-thumbnail","6":"product_cat-uncategorized","8":"first","9":"instock","10":"shipping-taxable","11":"purchasable","12":"product-type-simple"},"supplier_id":null,"supplier_sku":"","barcode":null,"atum_controlled":true,"out_stock_date":null,"out_stock_threshold":null,"inheritable":false,"inbound_stock":0,"stock_on_hold":1,"sold_today":0,"sales_last_days":0,"reserved_stock":0,"customer_returns":0,"warehouse_damage":0,"lost_in_post":0,"other_logs":0,"out_stock_days":0,"lost_sales":0,"has_location":false,"update_date":"2026-04-10T05:58:46","atum_locations":[],"atum_stock_status":"instock","restock_status":false,"low_stock_amount":"","sales_update_date":"2026-04-10T05:58:46","calc_backorders":0,"_links":{"self":[{"href":"https:\/\/jijitattoo.com\/index.php?rest_route=\/wp\/v2\/product\/1560","targetHints":{"allow":["GET"]}}],"collection":[{"href":"https:\/\/jijitattoo.com\/index.php?rest_route=\/wp\/v2\/product"}],"about":[{"href":"https:\/\/jijitattoo.com\/index.php?rest_route=\/wp\/v2\/types\/product"}],"replies":[{"embeddable":true,"href":"https:\/\/jijitattoo.com\/index.php?rest_route=%2Fwp%2Fv2%2Fcomments&post=1560"}],"wp:featuredmedia":[{"embeddable":true,"href":"https:\/\/jijitattoo.com\/index.php?rest_route=\/wp\/v2\/media\/1561"}],"wp:attachment":[{"href":"https:\/\/jijitattoo.com\/index.php?rest_route=%2Fwp%2Fv2%2Fmedia&parent=1560"}],"wp:term":[{"taxonomy":"product_brand","embeddable":true,"href":"https:\/\/jijitattoo.com\/index.php?rest_route=%2Fwp%2Fv2%2Fproduct_brand&post=1560"},{"taxonomy":"product_cat","embeddable":true,"href":"https:\/\/jijitattoo.com\/index.php?rest_route=%2Fwp%2Fv2%2Fproduct_cat&post=1560"},{"taxonomy":"product_tag","embeddable":true,"href":"https:\/\/jijitattoo.com\/index.php?rest_route=%2Fwp%2Fv2%2Fproduct_tag&post=1560"}],"curies":[{"name":"wp","href":"https:\/\/api.w.org\/{rel}","templated":true}]}}