{"id":1564,"date":"2025-07-01T07:59:34","date_gmt":"2025-07-01T05:59:34","guid":{"rendered":"https:\/\/jijitattoo.com\/?post_type=product&#038;p=1564"},"modified":"2025-08-14T23:23:16","modified_gmt":"2025-08-14T21:23:16","slug":"glow-rice-milk-beauty-of-joseon","status":"publish","type":"product","link":"https:\/\/jijitattoo.com\/?product=glow-rice-milk-beauty-of-joseon","title":{"rendered":"Glow Rice Milk \u2014 Beauty of Joseon"},"content":{"rendered":"<p>\u00c9mulsion nourrissante \u00e0 base de lait de riz, formul\u00e9e pour hydrater, lisser et \u00e9claircir le teint.<br data-start=\"1625\" data-end=\"1628\" \/>Riche en antioxydants, elle renforce la barri\u00e8re cutan\u00e9e et prot\u00e8ge contre les agressions ext\u00e9rieures.<br data-start=\"1730\" data-end=\"1733\" \/>Convient \u00e0 tous types de peau, surtout les peaux ternes et s\u00e8ches.<br data-start=\"1799\" data-end=\"1802\" \/>Peut \u00eatre utilis\u00e9e seule ou comme base avant le maquillage pour un effet \u201cpeau de porcelaine\u201d.<br data-start=\"1896\" data-end=\"1899\" \/>Un secret beaut\u00e9 cor\u00e9en pour r\u00e9v\u00e9ler un \u00e9clat naturel tout en douceur.<\/p>\n","protected":false},"excerpt":{"rendered":"<p>\u00c9mulsion nourrissante \u00e0 base de lait de riz, formul\u00e9e pour hydrater, lisser et \u00e9claircir le teint.Riche en antioxydants, elle renforce la barri\u00e8re cutan\u00e9e et prot\u00e8ge contre les agressions ext\u00e9rieures.Convient \u00e0 tous types de peau, surtout les peaux ternes et s\u00e8ches.Peut \u00eatre utilis\u00e9e seule ou comme base avant le maquillage pour un effet \u201cpeau de porcelaine\u201d.Un [&hellip;]<\/p>\n","protected":false},"featured_media":1565,"comment_status":"open","ping_status":"closed","template":"","meta":[],"product_brand":[],"product_cat":[15],"product_tag":[],"class_list":{"0":"post-1564","1":"product","2":"type-product","3":"status-publish","4":"has-post-thumbnail","6":"product_cat-uncategorized","8":"first","9":"instock","10":"shipping-taxable","11":"purchasable","12":"product-type-simple"},"supplier_id":null,"supplier_sku":"","barcode":null,"atum_controlled":true,"out_stock_date":null,"out_stock_threshold":null,"inheritable":false,"inbound_stock":0,"stock_on_hold":1,"sold_today":0,"sales_last_days":0,"reserved_stock":0,"customer_returns":0,"warehouse_damage":0,"lost_in_post":0,"other_logs":0,"out_stock_days":0,"lost_sales":0,"has_location":false,"update_date":"2026-04-10T05:58:46","atum_locations":[],"atum_stock_status":"instock","restock_status":false,"low_stock_amount":"","sales_update_date":"2026-04-10T05:58:46","calc_backorders":0,"_links":{"self":[{"href":"https:\/\/jijitattoo.com\/index.php?rest_route=\/wp\/v2\/product\/1564","targetHints":{"allow":["GET"]}}],"collection":[{"href":"https:\/\/jijitattoo.com\/index.php?rest_route=\/wp\/v2\/product"}],"about":[{"href":"https:\/\/jijitattoo.com\/index.php?rest_route=\/wp\/v2\/types\/product"}],"replies":[{"embeddable":true,"href":"https:\/\/jijitattoo.com\/index.php?rest_route=%2Fwp%2Fv2%2Fcomments&post=1564"}],"wp:featuredmedia":[{"embeddable":true,"href":"https:\/\/jijitattoo.com\/index.php?rest_route=\/wp\/v2\/media\/1565"}],"wp:attachment":[{"href":"https:\/\/jijitattoo.com\/index.php?rest_route=%2Fwp%2Fv2%2Fmedia&parent=1564"}],"wp:term":[{"taxonomy":"product_brand","embeddable":true,"href":"https:\/\/jijitattoo.com\/index.php?rest_route=%2Fwp%2Fv2%2Fproduct_brand&post=1564"},{"taxonomy":"product_cat","embeddable":true,"href":"https:\/\/jijitattoo.com\/index.php?rest_route=%2Fwp%2Fv2%2Fproduct_cat&post=1564"},{"taxonomy":"product_tag","embeddable":true,"href":"https:\/\/jijitattoo.com\/index.php?rest_route=%2Fwp%2Fv2%2Fproduct_tag&post=1564"}],"curies":[{"name":"wp","href":"https:\/\/api.w.org\/{rel}","templated":true}]}}