{"id":1566,"date":"2025-07-01T08:01:35","date_gmt":"2025-07-01T06:01:35","guid":{"rendered":"https:\/\/jijitattoo.com\/?post_type=product&#038;p=1566"},"modified":"2025-07-01T08:01:35","modified_gmt":"2025-07-01T06:01:35","slug":"heartleaf-77-toner-anua","status":"publish","type":"product","link":"https:\/\/jijitattoo.com\/?product=heartleaf-77-toner-anua","title":{"rendered":"Heartleaf 77% Toner \u2014 Anua"},"content":{"rendered":"<p>Tonique naturel \u00e0 77% de Houttuynia Cordata (plante m\u00e9dicinale cor\u00e9enne) r\u00e9put\u00e9e pour ses vertus calmantes.<br data-start=\"2133\" data-end=\"2136\" \/>R\u00e9duit les inflammations, \u00e9quilibre le pH cutan\u00e9 et hydrate en profondeur.<br data-start=\"2210\" data-end=\"2213\" \/>Parfait pour les peaux sensibles, sujettes \u00e0 l\u2019acn\u00e9 ou aux rougeurs.<br data-start=\"2281\" data-end=\"2284\" \/>Formule minimaliste sans parfum, alcool ni huiles essentielles.<br data-start=\"2347\" data-end=\"2350\" \/>Un geste essentiel dans une routine minimaliste et purifiante.<\/p>\n","protected":false},"excerpt":{"rendered":"<p>Tonique naturel \u00e0 77% de Houttuynia Cordata (plante m\u00e9dicinale cor\u00e9enne) r\u00e9put\u00e9e pour ses vertus calmantes.R\u00e9duit les inflammations, \u00e9quilibre le pH cutan\u00e9 et hydrate en profondeur.Parfait pour les peaux sensibles, sujettes \u00e0 l\u2019acn\u00e9 ou aux rougeurs.Formule minimaliste sans parfum, alcool ni huiles essentielles.Un geste essentiel dans une routine minimaliste et purifiante.<\/p>\n","protected":false},"featured_media":1567,"comment_status":"open","ping_status":"closed","template":"","meta":[],"product_brand":[],"product_cat":[15],"product_tag":[],"class_list":{"0":"post-1566","1":"product","2":"type-product","3":"status-publish","4":"has-post-thumbnail","6":"product_cat-uncategorized","8":"first","9":"instock","10":"shipping-taxable","11":"purchasable","12":"product-type-simple"},"supplier_id":null,"supplier_sku":"","barcode":null,"atum_controlled":true,"out_stock_date":null,"out_stock_threshold":null,"inheritable":false,"inbound_stock":0,"stock_on_hold":0,"sold_today":0,"sales_last_days":0,"reserved_stock":0,"customer_returns":0,"warehouse_damage":0,"lost_in_post":0,"other_logs":0,"out_stock_days":0,"lost_sales":0,"has_location":false,"update_date":"2026-04-10T05:58:46","atum_locations":[],"atum_stock_status":"instock","restock_status":false,"low_stock_amount":"","sales_update_date":"2026-04-10T05:58:46","calc_backorders":null,"_links":{"self":[{"href":"https:\/\/jijitattoo.com\/index.php?rest_route=\/wp\/v2\/product\/1566","targetHints":{"allow":["GET"]}}],"collection":[{"href":"https:\/\/jijitattoo.com\/index.php?rest_route=\/wp\/v2\/product"}],"about":[{"href":"https:\/\/jijitattoo.com\/index.php?rest_route=\/wp\/v2\/types\/product"}],"replies":[{"embeddable":true,"href":"https:\/\/jijitattoo.com\/index.php?rest_route=%2Fwp%2Fv2%2Fcomments&post=1566"}],"wp:featuredmedia":[{"embeddable":true,"href":"https:\/\/jijitattoo.com\/index.php?rest_route=\/wp\/v2\/media\/1567"}],"wp:attachment":[{"href":"https:\/\/jijitattoo.com\/index.php?rest_route=%2Fwp%2Fv2%2Fmedia&parent=1566"}],"wp:term":[{"taxonomy":"product_brand","embeddable":true,"href":"https:\/\/jijitattoo.com\/index.php?rest_route=%2Fwp%2Fv2%2Fproduct_brand&post=1566"},{"taxonomy":"product_cat","embeddable":true,"href":"https:\/\/jijitattoo.com\/index.php?rest_route=%2Fwp%2Fv2%2Fproduct_cat&post=1566"},{"taxonomy":"product_tag","embeddable":true,"href":"https:\/\/jijitattoo.com\/index.php?rest_route=%2Fwp%2Fv2%2Fproduct_tag&post=1566"}],"curies":[{"name":"wp","href":"https:\/\/api.w.org\/{rel}","templated":true}]}}