{"id":1568,"date":"2025-07-01T08:04:05","date_gmt":"2025-07-01T06:04:05","guid":{"rendered":"https:\/\/jijitattoo.com\/?post_type=product&#038;p=1568"},"modified":"2026-01-28T01:55:24","modified_gmt":"2026-01-28T01:55:24","slug":"hyalu-b5-serum-la-roche-posay","status":"publish","type":"product","link":"https:\/\/jijitattoo.com\/?product=hyalu-b5-serum-la-roche-posay","title":{"rendered":"Hyalu B5 S\u00e9rum \u2014 La Roche-Posay"},"content":{"rendered":"<p data-start=\"2475\" data-end=\"2843\">S\u00e9rum repulpant \u00e0 base d\u2019acide hyaluronique pur et de vitamine B5.<br data-start=\"2541\" data-end=\"2544\" \/>Hydrate en profondeur, comble les ridules et r\u00e9pare la barri\u00e8re cutan\u00e9e.<br data-start=\"2616\" data-end=\"2619\" \/>Id\u00e9al pour les peaux d\u00e9shydrat\u00e9es, fatigu\u00e9es ou en perte d\u2019\u00e9lasticit\u00e9.<br data-start=\"2689\" data-end=\"2692\" \/>Texture gel-fra\u00eeche, sans parfum, adapt\u00e9e aux peaux sensibles.<br data-start=\"2754\" data-end=\"2757\" \/>R\u00e9sultat : une peau plus rebondie, douce, souple et \u00e9clatante d\u00e8s la premi\u00e8re semaine.<\/p>\n","protected":false},"excerpt":{"rendered":"<p>S\u00e9rum repulpant \u00e0 base d\u2019acide hyaluronique pur et de vitamine B5.Hydrate en profondeur, comble les ridules et r\u00e9pare la barri\u00e8re cutan\u00e9e.Id\u00e9al pour les peaux d\u00e9shydrat\u00e9es, fatigu\u00e9es ou en perte d\u2019\u00e9lasticit\u00e9.Texture gel-fra\u00eeche, sans parfum, adapt\u00e9e aux peaux sensibles.R\u00e9sultat : une peau plus rebondie, douce, souple et \u00e9clatante d\u00e8s la premi\u00e8re semaine.<\/p>\n","protected":false},"featured_media":1569,"comment_status":"open","ping_status":"closed","template":"","meta":[],"product_brand":[],"product_cat":[15],"product_tag":[],"class_list":{"0":"post-1568","1":"product","2":"type-product","3":"status-publish","4":"has-post-thumbnail","6":"product_cat-uncategorized","8":"first","9":"instock","10":"shipping-taxable","11":"purchasable","12":"product-type-simple"},"supplier_id":null,"supplier_sku":"","barcode":null,"atum_controlled":true,"out_stock_date":null,"out_stock_threshold":null,"inheritable":false,"inbound_stock":0,"stock_on_hold":1,"sold_today":0,"sales_last_days":0,"reserved_stock":0,"customer_returns":0,"warehouse_damage":0,"lost_in_post":0,"other_logs":0,"out_stock_days":0,"lost_sales":0,"has_location":false,"update_date":"2026-04-10T05:58:46","atum_locations":[],"atum_stock_status":"instock","restock_status":false,"low_stock_amount":"","sales_update_date":"2026-04-10T05:58:46","calc_backorders":0,"_links":{"self":[{"href":"https:\/\/jijitattoo.com\/index.php?rest_route=\/wp\/v2\/product\/1568","targetHints":{"allow":["GET"]}}],"collection":[{"href":"https:\/\/jijitattoo.com\/index.php?rest_route=\/wp\/v2\/product"}],"about":[{"href":"https:\/\/jijitattoo.com\/index.php?rest_route=\/wp\/v2\/types\/product"}],"replies":[{"embeddable":true,"href":"https:\/\/jijitattoo.com\/index.php?rest_route=%2Fwp%2Fv2%2Fcomments&post=1568"}],"wp:featuredmedia":[{"embeddable":true,"href":"https:\/\/jijitattoo.com\/index.php?rest_route=\/wp\/v2\/media\/1569"}],"wp:attachment":[{"href":"https:\/\/jijitattoo.com\/index.php?rest_route=%2Fwp%2Fv2%2Fmedia&parent=1568"}],"wp:term":[{"taxonomy":"product_brand","embeddable":true,"href":"https:\/\/jijitattoo.com\/index.php?rest_route=%2Fwp%2Fv2%2Fproduct_brand&post=1568"},{"taxonomy":"product_cat","embeddable":true,"href":"https:\/\/jijitattoo.com\/index.php?rest_route=%2Fwp%2Fv2%2Fproduct_cat&post=1568"},{"taxonomy":"product_tag","embeddable":true,"href":"https:\/\/jijitattoo.com\/index.php?rest_route=%2Fwp%2Fv2%2Fproduct_tag&post=1568"}],"curies":[{"name":"wp","href":"https:\/\/api.w.org\/{rel}","templated":true}]}}