{"id":1572,"date":"2025-07-01T08:08:08","date_gmt":"2025-07-01T06:08:08","guid":{"rendered":"https:\/\/jijitattoo.com\/?post_type=product&#038;p=1572"},"modified":"2025-08-22T14:57:42","modified_gmt":"2025-08-22T14:57:42","slug":"low-ph-good-morning-gel-cleanser-cosrx","status":"publish","type":"product","link":"https:\/\/jijitattoo.com\/?product=low-ph-good-morning-gel-cleanser-cosrx","title":{"rendered":"Low pH Good Morning Gel Cleanser \u2014 COSRX"},"content":{"rendered":"<p>Nettoyant visage au pH faible, respectueux de la barri\u00e8re naturelle de la peau.<br data-start=\"3444\" data-end=\"3447\" \/>\u00c9limine les impuret\u00e9s, exc\u00e8s de s\u00e9bum et r\u00e9sidus de nuit sans dess\u00e9cher.<br data-start=\"3519\" data-end=\"3522\" \/>Contient de l\u2019huile d\u2019arbre \u00e0 th\u00e9 et du BHA naturel pour purifier en douceur.<br data-start=\"3599\" data-end=\"3602\" \/>Id\u00e9al pour les peaux mixtes \u00e0 grasses, ou comme nettoyant du matin.<br data-start=\"3669\" data-end=\"3672\" \/>Un basique cor\u00e9en adopt\u00e9 dans les routines de soin du monde entier<\/p>\n","protected":false},"excerpt":{"rendered":"<p>Nettoyant visage au pH faible, respectueux de la barri\u00e8re naturelle de la peau.\u00c9limine les impuret\u00e9s, exc\u00e8s de s\u00e9bum et r\u00e9sidus de nuit sans dess\u00e9cher.Contient de l\u2019huile d\u2019arbre \u00e0 th\u00e9 et du BHA naturel pour purifier en douceur.Id\u00e9al pour les peaux mixtes \u00e0 grasses, ou comme nettoyant du matin.Un basique cor\u00e9en adopt\u00e9 dans les routines de [&hellip;]<\/p>\n","protected":false},"featured_media":1573,"comment_status":"open","ping_status":"closed","template":"","meta":[],"product_brand":[],"product_cat":[15],"product_tag":[],"class_list":{"0":"post-1572","1":"product","2":"type-product","3":"status-publish","4":"has-post-thumbnail","6":"product_cat-uncategorized","8":"first","9":"instock","10":"shipping-taxable","11":"purchasable","12":"product-type-simple"},"supplier_id":null,"supplier_sku":"","barcode":null,"atum_controlled":true,"out_stock_date":null,"out_stock_threshold":null,"inheritable":false,"inbound_stock":0,"stock_on_hold":0,"sold_today":0,"sales_last_days":0,"reserved_stock":0,"customer_returns":0,"warehouse_damage":0,"lost_in_post":0,"other_logs":0,"out_stock_days":0,"lost_sales":0,"has_location":false,"update_date":"2026-04-10T05:58:46","atum_locations":[],"atum_stock_status":"instock","restock_status":false,"low_stock_amount":"","sales_update_date":"2026-04-10T05:58:46","calc_backorders":null,"_links":{"self":[{"href":"https:\/\/jijitattoo.com\/index.php?rest_route=\/wp\/v2\/product\/1572","targetHints":{"allow":["GET"]}}],"collection":[{"href":"https:\/\/jijitattoo.com\/index.php?rest_route=\/wp\/v2\/product"}],"about":[{"href":"https:\/\/jijitattoo.com\/index.php?rest_route=\/wp\/v2\/types\/product"}],"replies":[{"embeddable":true,"href":"https:\/\/jijitattoo.com\/index.php?rest_route=%2Fwp%2Fv2%2Fcomments&post=1572"}],"wp:featuredmedia":[{"embeddable":true,"href":"https:\/\/jijitattoo.com\/index.php?rest_route=\/wp\/v2\/media\/1573"}],"wp:attachment":[{"href":"https:\/\/jijitattoo.com\/index.php?rest_route=%2Fwp%2Fv2%2Fmedia&parent=1572"}],"wp:term":[{"taxonomy":"product_brand","embeddable":true,"href":"https:\/\/jijitattoo.com\/index.php?rest_route=%2Fwp%2Fv2%2Fproduct_brand&post=1572"},{"taxonomy":"product_cat","embeddable":true,"href":"https:\/\/jijitattoo.com\/index.php?rest_route=%2Fwp%2Fv2%2Fproduct_cat&post=1572"},{"taxonomy":"product_tag","embeddable":true,"href":"https:\/\/jijitattoo.com\/index.php?rest_route=%2Fwp%2Fv2%2Fproduct_tag&post=1572"}],"curies":[{"name":"wp","href":"https:\/\/api.w.org\/{rel}","templated":true}]}}