{"id":1574,"date":"2025-07-01T08:10:06","date_gmt":"2025-07-01T06:10:06","guid":{"rendered":"https:\/\/jijitattoo.com\/?post_type=product&#038;p=1574"},"modified":"2025-08-22T14:56:10","modified_gmt":"2025-08-22T14:56:10","slug":"mela-b3-serum-la-roche-posay","status":"publish","type":"product","link":"https:\/\/jijitattoo.com\/?product=mela-b3-serum-la-roche-posay","title":{"rendered":"Mela B3 S\u00e9rum \u2014 La Roche-Posay"},"content":{"rendered":"<p>S\u00e9rum anti-taches puissant \u00e0 la niacinamide 10% + m\u00e9lasyl, une nouvelle mol\u00e9cule exclusive.<br data-start=\"3892\" data-end=\"3895\" \/>Cible tous types de taches : solaires, hormonales, post-acn\u00e9\u2026 sans irriter la peau.<br data-start=\"3978\" data-end=\"3981\" \/>Am\u00e9liore l\u2019\u00e9clat du teint tout en hydratant et renfor\u00e7ant la barri\u00e8re cutan\u00e9e.<br data-start=\"4059\" data-end=\"4062\" \/>Convient aux peaux sensibles, m\u00eame sujettes \u00e0 la rosac\u00e9e ou \u00e0 l\u2019hyperpigmentation.<br data-start=\"4144\" data-end=\"4147\" \/>R\u00e9sultats visibles d\u00e8s 2 semaines sur la clart\u00e9 et l\u2019uniformit\u00e9 du teint.<\/p>\n","protected":false},"excerpt":{"rendered":"<p>S\u00e9rum anti-taches puissant \u00e0 la niacinamide 10% + m\u00e9lasyl, une nouvelle mol\u00e9cule exclusive.Cible tous types de taches : solaires, hormonales, post-acn\u00e9\u2026 sans irriter la peau.Am\u00e9liore l\u2019\u00e9clat du teint tout en hydratant et renfor\u00e7ant la barri\u00e8re cutan\u00e9e.Convient aux peaux sensibles, m\u00eame sujettes \u00e0 la rosac\u00e9e ou \u00e0 l\u2019hyperpigmentation.R\u00e9sultats visibles d\u00e8s 2 semaines sur la clart\u00e9 et [&hellip;]<\/p>\n","protected":false},"featured_media":1575,"comment_status":"open","ping_status":"closed","template":"","meta":[],"product_brand":[],"product_cat":[15],"product_tag":[],"class_list":{"0":"post-1574","1":"product","2":"type-product","3":"status-publish","4":"has-post-thumbnail","6":"product_cat-uncategorized","8":"first","9":"outofstock","10":"shipping-taxable","11":"purchasable","12":"product-type-simple"},"supplier_id":null,"supplier_sku":"","barcode":null,"atum_controlled":true,"out_stock_date":"2025-08-22 14:56:10","out_stock_threshold":null,"inheritable":false,"inbound_stock":0,"stock_on_hold":0,"sold_today":0,"sales_last_days":0,"reserved_stock":0,"customer_returns":0,"warehouse_damage":0,"lost_in_post":0,"other_logs":0,"out_stock_days":230,"lost_sales":0,"has_location":false,"update_date":"2026-04-10T05:58:46","atum_locations":[],"atum_stock_status":"outofstock","restock_status":false,"low_stock_amount":"","sales_update_date":"2026-04-10T05:58:46","calc_backorders":null,"_links":{"self":[{"href":"https:\/\/jijitattoo.com\/index.php?rest_route=\/wp\/v2\/product\/1574","targetHints":{"allow":["GET"]}}],"collection":[{"href":"https:\/\/jijitattoo.com\/index.php?rest_route=\/wp\/v2\/product"}],"about":[{"href":"https:\/\/jijitattoo.com\/index.php?rest_route=\/wp\/v2\/types\/product"}],"replies":[{"embeddable":true,"href":"https:\/\/jijitattoo.com\/index.php?rest_route=%2Fwp%2Fv2%2Fcomments&post=1574"}],"wp:featuredmedia":[{"embeddable":true,"href":"https:\/\/jijitattoo.com\/index.php?rest_route=\/wp\/v2\/media\/1575"}],"wp:attachment":[{"href":"https:\/\/jijitattoo.com\/index.php?rest_route=%2Fwp%2Fv2%2Fmedia&parent=1574"}],"wp:term":[{"taxonomy":"product_brand","embeddable":true,"href":"https:\/\/jijitattoo.com\/index.php?rest_route=%2Fwp%2Fv2%2Fproduct_brand&post=1574"},{"taxonomy":"product_cat","embeddable":true,"href":"https:\/\/jijitattoo.com\/index.php?rest_route=%2Fwp%2Fv2%2Fproduct_cat&post=1574"},{"taxonomy":"product_tag","embeddable":true,"href":"https:\/\/jijitattoo.com\/index.php?rest_route=%2Fwp%2Fv2%2Fproduct_tag&post=1574"}],"curies":[{"name":"wp","href":"https:\/\/api.w.org\/{rel}","templated":true}]}}