{"id":1576,"date":"2025-07-01T08:12:55","date_gmt":"2025-07-01T06:12:55","guid":{"rendered":"https:\/\/jijitattoo.com\/?post_type=product&#038;p=1576"},"modified":"2025-07-01T08:40:32","modified_gmt":"2025-07-01T06:40:32","slug":"redermic-retinol-yeux-la-roche-posay","status":"publish","type":"product","link":"https:\/\/jijitattoo.com\/?product=redermic-retinol-yeux-la-roche-posay","title":{"rendered":"Redermic Retinol Yeux \u2014 La Roche-Posay"},"content":{"rendered":"<p>Contour des yeux anti-\u00e2ge \u00e0 base de r\u00e9tinol pur et booster de r\u00e9tinol.<br data-start=\"164\" data-end=\"167\" \/>Lisse les ridules, r\u00e9duit les cernes pigmentaires et raffermit la peau fine du contour de l\u2019\u0153il.<br data-start=\"263\" data-end=\"266\" \/>Tol\u00e9rance optimis\u00e9e pour les peaux sensibles, sans parfum.<br data-start=\"324\" data-end=\"327\" \/>Id\u00e9al en routine de nuit pour une action anti-\u00e2ge cibl\u00e9e.<br data-start=\"384\" data-end=\"387\" \/>R\u00e9sultats visibles : regard plus jeune, plus frais et lumineux.<\/p>\n","protected":false},"excerpt":{"rendered":"<p>Contour des yeux anti-\u00e2ge \u00e0 base de r\u00e9tinol pur et booster de r\u00e9tinol.Lisse les ridules, r\u00e9duit les cernes pigmentaires et raffermit la peau fine du contour de l\u2019\u0153il.Tol\u00e9rance optimis\u00e9e pour les peaux sensibles, sans parfum.Id\u00e9al en routine de nuit pour une action anti-\u00e2ge cibl\u00e9e.R\u00e9sultats visibles : regard plus jeune, plus frais et lumineux.<\/p>\n","protected":false},"featured_media":1594,"comment_status":"open","ping_status":"closed","template":"","meta":[],"product_brand":[],"product_cat":[15],"product_tag":[],"class_list":{"0":"post-1576","1":"product","2":"type-product","3":"status-publish","4":"has-post-thumbnail","6":"product_cat-uncategorized","8":"first","9":"instock","10":"shipping-taxable","11":"purchasable","12":"product-type-simple"},"supplier_id":null,"supplier_sku":"","barcode":null,"atum_controlled":true,"out_stock_date":null,"out_stock_threshold":null,"inheritable":false,"inbound_stock":0,"stock_on_hold":0,"sold_today":0,"sales_last_days":0,"reserved_stock":0,"customer_returns":0,"warehouse_damage":0,"lost_in_post":0,"other_logs":0,"out_stock_days":0,"lost_sales":0,"has_location":false,"update_date":"2026-04-10T05:58:46","atum_locations":[],"atum_stock_status":"instock","restock_status":false,"low_stock_amount":"","sales_update_date":"2026-04-10T05:58:46","calc_backorders":0,"_links":{"self":[{"href":"https:\/\/jijitattoo.com\/index.php?rest_route=\/wp\/v2\/product\/1576","targetHints":{"allow":["GET"]}}],"collection":[{"href":"https:\/\/jijitattoo.com\/index.php?rest_route=\/wp\/v2\/product"}],"about":[{"href":"https:\/\/jijitattoo.com\/index.php?rest_route=\/wp\/v2\/types\/product"}],"replies":[{"embeddable":true,"href":"https:\/\/jijitattoo.com\/index.php?rest_route=%2Fwp%2Fv2%2Fcomments&post=1576"}],"wp:featuredmedia":[{"embeddable":true,"href":"https:\/\/jijitattoo.com\/index.php?rest_route=\/wp\/v2\/media\/1594"}],"wp:attachment":[{"href":"https:\/\/jijitattoo.com\/index.php?rest_route=%2Fwp%2Fv2%2Fmedia&parent=1576"}],"wp:term":[{"taxonomy":"product_brand","embeddable":true,"href":"https:\/\/jijitattoo.com\/index.php?rest_route=%2Fwp%2Fv2%2Fproduct_brand&post=1576"},{"taxonomy":"product_cat","embeddable":true,"href":"https:\/\/jijitattoo.com\/index.php?rest_route=%2Fwp%2Fv2%2Fproduct_cat&post=1576"},{"taxonomy":"product_tag","embeddable":true,"href":"https:\/\/jijitattoo.com\/index.php?rest_route=%2Fwp%2Fv2%2Fproduct_tag&post=1576"}],"curies":[{"name":"wp","href":"https:\/\/api.w.org\/{rel}","templated":true}]}}