{"id":1580,"date":"2025-07-01T08:16:33","date_gmt":"2025-07-01T06:16:33","guid":{"rendered":"https:\/\/jijitattoo.com\/?post_type=product&#038;p=1580"},"modified":"2025-08-27T16:32:32","modified_gmt":"2025-08-27T16:32:32","slug":"retinol-b3-serum-la-roche-posay","status":"publish","type":"product","link":"https:\/\/jijitattoo.com\/?product=retinol-b3-serum-la-roche-posay","title":{"rendered":"Retinol B3 S\u00e9rum \u2014 La Roche-Posay"},"content":{"rendered":"<p>S\u00e9rum anti-rides au r\u00e9tinol pur + r\u00e9tinol \u00e0 lib\u00e9ration progressive, enrichi en vitamine B3.<br data-start=\"1069\" data-end=\"1072\" \/>Corrige les signes de l\u2019\u00e2ge, am\u00e9liore la texture et l\u2019uniformit\u00e9 de la peau.<br data-start=\"1148\" data-end=\"1151\" \/>Convient m\u00eame aux peaux sensibles gr\u00e2ce \u00e0 sa formule apaisante.<br data-start=\"1214\" data-end=\"1217\" \/>Utilisation id\u00e9ale le soir pour renouveler la peau pendant la nuit.<br data-start=\"1284\" data-end=\"1287\" \/>R\u00e9sultat : peau liss\u00e9e, plus ferme, \u00e9clatante au r\u00e9veil.<\/p>\n","protected":false},"excerpt":{"rendered":"<p>S\u00e9rum anti-rides au r\u00e9tinol pur + r\u00e9tinol \u00e0 lib\u00e9ration progressive, enrichi en vitamine B3.Corrige les signes de l\u2019\u00e2ge, am\u00e9liore la texture et l\u2019uniformit\u00e9 de la peau.Convient m\u00eame aux peaux sensibles gr\u00e2ce \u00e0 sa formule apaisante.Utilisation id\u00e9ale le soir pour renouveler la peau pendant la nuit.R\u00e9sultat : peau liss\u00e9e, plus ferme, \u00e9clatante au r\u00e9veil.<\/p>\n","protected":false},"featured_media":1581,"comment_status":"open","ping_status":"closed","template":"","meta":[],"product_brand":[],"product_cat":[15],"product_tag":[],"class_list":{"0":"post-1580","1":"product","2":"type-product","3":"status-publish","4":"has-post-thumbnail","6":"product_cat-uncategorized","8":"first","9":"outofstock","10":"shipping-taxable","11":"purchasable","12":"product-type-simple"},"supplier_id":null,"supplier_sku":"","barcode":null,"atum_controlled":true,"out_stock_date":"2025-08-27 16:32:32","out_stock_threshold":null,"inheritable":false,"inbound_stock":0,"stock_on_hold":0,"sold_today":0,"sales_last_days":0,"reserved_stock":0,"customer_returns":0,"warehouse_damage":0,"lost_in_post":0,"other_logs":0,"out_stock_days":225,"lost_sales":0,"has_location":false,"update_date":"2026-04-10T05:58:46","atum_locations":[],"atum_stock_status":"outofstock","restock_status":false,"low_stock_amount":"","sales_update_date":"2026-04-10T05:58:46","calc_backorders":null,"_links":{"self":[{"href":"https:\/\/jijitattoo.com\/index.php?rest_route=\/wp\/v2\/product\/1580","targetHints":{"allow":["GET"]}}],"collection":[{"href":"https:\/\/jijitattoo.com\/index.php?rest_route=\/wp\/v2\/product"}],"about":[{"href":"https:\/\/jijitattoo.com\/index.php?rest_route=\/wp\/v2\/types\/product"}],"replies":[{"embeddable":true,"href":"https:\/\/jijitattoo.com\/index.php?rest_route=%2Fwp%2Fv2%2Fcomments&post=1580"}],"wp:featuredmedia":[{"embeddable":true,"href":"https:\/\/jijitattoo.com\/index.php?rest_route=\/wp\/v2\/media\/1581"}],"wp:attachment":[{"href":"https:\/\/jijitattoo.com\/index.php?rest_route=%2Fwp%2Fv2%2Fmedia&parent=1580"}],"wp:term":[{"taxonomy":"product_brand","embeddable":true,"href":"https:\/\/jijitattoo.com\/index.php?rest_route=%2Fwp%2Fv2%2Fproduct_brand&post=1580"},{"taxonomy":"product_cat","embeddable":true,"href":"https:\/\/jijitattoo.com\/index.php?rest_route=%2Fwp%2Fv2%2Fproduct_cat&post=1580"},{"taxonomy":"product_tag","embeddable":true,"href":"https:\/\/jijitattoo.com\/index.php?rest_route=%2Fwp%2Fv2%2Fproduct_tag&post=1580"}],"curies":[{"name":"wp","href":"https:\/\/api.w.org\/{rel}","templated":true}]}}