{"id":1582,"date":"2025-07-01T08:17:50","date_gmt":"2025-07-01T06:17:50","guid":{"rendered":"https:\/\/jijitattoo.com\/?post_type=product&#038;p=1582"},"modified":"2025-08-22T14:55:58","modified_gmt":"2025-08-22T14:55:58","slug":"salicylic-acid-daily-gentle-cleanser","status":"publish","type":"product","link":"https:\/\/jijitattoo.com\/?product=salicylic-acid-daily-gentle-cleanser","title":{"rendered":"Salicylic Acid Daily Gentle Cleanser"},"content":{"rendered":"<p>Nettoyant doux \u00e0 l\u2019acide salicylique qui purifie en profondeur et pr\u00e9vient l\u2019apparition de boutons.<br data-start=\"1517\" data-end=\"1520\" \/>\u00c9limine le s\u00e9bum, les cellules mortes et d\u00e9sobstrue les pores sans agresser la peau.<br data-start=\"1604\" data-end=\"1607\" \/>Id\u00e9al pour les peaux mixtes \u00e0 grasses sujettes \u00e0 l\u2019acn\u00e9 ou aux points noirs.<br data-start=\"1683\" data-end=\"1686\" \/>Formule \u00e9quilibr\u00e9e pour un usage quotidien matin et soir.<br data-start=\"1743\" data-end=\"1746\" \/>Un essentiel pour une peau nette, lisse et purifi\u00e9e<\/p>\n","protected":false},"excerpt":{"rendered":"<p>Nettoyant doux \u00e0 l\u2019acide salicylique qui purifie en profondeur et pr\u00e9vient l\u2019apparition de boutons.\u00c9limine le s\u00e9bum, les cellules mortes et d\u00e9sobstrue les pores sans agresser la peau.Id\u00e9al pour les peaux mixtes \u00e0 grasses sujettes \u00e0 l\u2019acn\u00e9 ou aux points noirs.Formule \u00e9quilibr\u00e9e pour un usage quotidien matin et soir.Un essentiel pour une peau nette, lisse et [&hellip;]<\/p>\n","protected":false},"featured_media":1583,"comment_status":"open","ping_status":"closed","template":"","meta":[],"product_brand":[],"product_cat":[15],"product_tag":[],"class_list":{"0":"post-1582","1":"product","2":"type-product","3":"status-publish","4":"has-post-thumbnail","6":"product_cat-uncategorized","8":"first","9":"instock","10":"shipping-taxable","11":"purchasable","12":"product-type-simple"},"supplier_id":null,"supplier_sku":"","barcode":null,"atum_controlled":true,"out_stock_date":null,"out_stock_threshold":null,"inheritable":false,"inbound_stock":0,"stock_on_hold":0,"sold_today":0,"sales_last_days":0,"reserved_stock":0,"customer_returns":0,"warehouse_damage":0,"lost_in_post":0,"other_logs":0,"out_stock_days":0,"lost_sales":0,"has_location":false,"update_date":"2026-04-10T05:58:46","atum_locations":[],"atum_stock_status":"instock","restock_status":false,"low_stock_amount":"","sales_update_date":"2026-04-10T05:58:46","calc_backorders":null,"_links":{"self":[{"href":"https:\/\/jijitattoo.com\/index.php?rest_route=\/wp\/v2\/product\/1582","targetHints":{"allow":["GET"]}}],"collection":[{"href":"https:\/\/jijitattoo.com\/index.php?rest_route=\/wp\/v2\/product"}],"about":[{"href":"https:\/\/jijitattoo.com\/index.php?rest_route=\/wp\/v2\/types\/product"}],"replies":[{"embeddable":true,"href":"https:\/\/jijitattoo.com\/index.php?rest_route=%2Fwp%2Fv2%2Fcomments&post=1582"}],"wp:featuredmedia":[{"embeddable":true,"href":"https:\/\/jijitattoo.com\/index.php?rest_route=\/wp\/v2\/media\/1583"}],"wp:attachment":[{"href":"https:\/\/jijitattoo.com\/index.php?rest_route=%2Fwp%2Fv2%2Fmedia&parent=1582"}],"wp:term":[{"taxonomy":"product_brand","embeddable":true,"href":"https:\/\/jijitattoo.com\/index.php?rest_route=%2Fwp%2Fv2%2Fproduct_brand&post=1582"},{"taxonomy":"product_cat","embeddable":true,"href":"https:\/\/jijitattoo.com\/index.php?rest_route=%2Fwp%2Fv2%2Fproduct_cat&post=1582"},{"taxonomy":"product_tag","embeddable":true,"href":"https:\/\/jijitattoo.com\/index.php?rest_route=%2Fwp%2Fv2%2Fproduct_tag&post=1582"}],"curies":[{"name":"wp","href":"https:\/\/api.w.org\/{rel}","templated":true}]}}