{"id":1584,"date":"2025-07-01T08:19:18","date_gmt":"2025-07-01T06:19:18","guid":{"rendered":"https:\/\/jijitattoo.com\/?post_type=product&#038;p=1584"},"modified":"2025-08-22T14:08:55","modified_gmt":"2025-08-22T14:08:55","slug":"toner-au-riz-im-from","status":"publish","type":"product","link":"https:\/\/jijitattoo.com\/?product=toner-au-riz-im-from","title":{"rendered":"Toner au Riz \u2014 I\u2019m From"},"content":{"rendered":"<p>Tonique \u00e0 base de 77,78% d\u2019extrait de riz pour illuminer, hydrater et lisser la peau.<br data-start=\"1937\" data-end=\"1940\" \/>Exfolie en douceur, favorise la r\u00e9g\u00e9n\u00e9ration cellulaire et ravive l\u2019\u00e9clat du teint.<br data-start=\"2023\" data-end=\"2026\" \/>Parfait pour les peaux ternes, d\u00e9shydrat\u00e9es ou sujettes aux taches.<br data-start=\"2093\" data-end=\"2096\" \/>Texture l\u00e9g\u00e8rement laiteuse qui p\u00e9n\u00e8tre rapidement.<br data-start=\"2147\" data-end=\"2150\" \/>Une perle de la cosm\u00e9tique cor\u00e9enne pour un teint lumineux et uniforme.<\/p>\n","protected":false},"excerpt":{"rendered":"<p>Tonique \u00e0 base de 77,78% d\u2019extrait de riz pour illuminer, hydrater et lisser la peau.Exfolie en douceur, favorise la r\u00e9g\u00e9n\u00e9ration cellulaire et ravive l\u2019\u00e9clat du teint.Parfait pour les peaux ternes, d\u00e9shydrat\u00e9es ou sujettes aux taches.Texture l\u00e9g\u00e8rement laiteuse qui p\u00e9n\u00e8tre rapidement.Une perle de la cosm\u00e9tique cor\u00e9enne pour un teint lumineux et uniforme.<\/p>\n","protected":false},"featured_media":1585,"comment_status":"open","ping_status":"closed","template":"","meta":[],"product_brand":[],"product_cat":[15],"product_tag":[],"class_list":{"0":"post-1584","1":"product","2":"type-product","3":"status-publish","4":"has-post-thumbnail","6":"product_cat-uncategorized","8":"first","9":"instock","10":"shipping-taxable","11":"purchasable","12":"product-type-simple"},"supplier_id":null,"supplier_sku":"","barcode":null,"atum_controlled":true,"out_stock_date":null,"out_stock_threshold":null,"inheritable":false,"inbound_stock":0,"stock_on_hold":0,"sold_today":0,"sales_last_days":0,"reserved_stock":0,"customer_returns":0,"warehouse_damage":0,"lost_in_post":0,"other_logs":0,"out_stock_days":0,"lost_sales":0,"has_location":false,"update_date":"2026-04-10T05:58:46","atum_locations":[],"atum_stock_status":"instock","restock_status":false,"low_stock_amount":"","sales_update_date":"2026-04-10T05:58:46","calc_backorders":null,"_links":{"self":[{"href":"https:\/\/jijitattoo.com\/index.php?rest_route=\/wp\/v2\/product\/1584","targetHints":{"allow":["GET"]}}],"collection":[{"href":"https:\/\/jijitattoo.com\/index.php?rest_route=\/wp\/v2\/product"}],"about":[{"href":"https:\/\/jijitattoo.com\/index.php?rest_route=\/wp\/v2\/types\/product"}],"replies":[{"embeddable":true,"href":"https:\/\/jijitattoo.com\/index.php?rest_route=%2Fwp%2Fv2%2Fcomments&post=1584"}],"wp:featuredmedia":[{"embeddable":true,"href":"https:\/\/jijitattoo.com\/index.php?rest_route=\/wp\/v2\/media\/1585"}],"wp:attachment":[{"href":"https:\/\/jijitattoo.com\/index.php?rest_route=%2Fwp%2Fv2%2Fmedia&parent=1584"}],"wp:term":[{"taxonomy":"product_brand","embeddable":true,"href":"https:\/\/jijitattoo.com\/index.php?rest_route=%2Fwp%2Fv2%2Fproduct_brand&post=1584"},{"taxonomy":"product_cat","embeddable":true,"href":"https:\/\/jijitattoo.com\/index.php?rest_route=%2Fwp%2Fv2%2Fproduct_cat&post=1584"},{"taxonomy":"product_tag","embeddable":true,"href":"https:\/\/jijitattoo.com\/index.php?rest_route=%2Fwp%2Fv2%2Fproduct_tag&post=1584"}],"curies":[{"name":"wp","href":"https:\/\/api.w.org\/{rel}","templated":true}]}}