{"id":1586,"date":"2025-07-01T08:26:12","date_gmt":"2025-07-01T06:26:12","guid":{"rendered":"https:\/\/jijitattoo.com\/?post_type=product&#038;p=1586"},"modified":"2025-08-22T13:44:41","modified_gmt":"2025-08-22T13:44:41","slug":"the-vitamin-c23-serum-cosrx","status":"publish","type":"product","link":"https:\/\/jijitattoo.com\/?product=the-vitamin-c23-serum-cosrx","title":{"rendered":"The Vitamin C23 S\u00e9rum \u2014 COSRX"},"content":{"rendered":"<p>S\u00e9rum ultra-concentr\u00e9 \u00e0 23% de vitamine C pure pour booster l\u2019\u00e9clat et att\u00e9nuer les taches.<br data-start=\"2373\" data-end=\"2376\" \/>Combat le teint terne, les cicatrices d\u2019acn\u00e9 et les premiers signes de l\u2019\u00e2ge.<br data-start=\"2453\" data-end=\"2456\" \/>Formule stabilis\u00e9e, enrichie en acide hyaluronique pour \u00e9viter l\u2019irritation.<br data-start=\"2532\" data-end=\"2535\" \/>Effet \u201cglow\u201d visible en quelques jours avec un teint plus clair et lumineux.<br data-start=\"2611\" data-end=\"2614\" \/>\u00c0 appliquer le matin avec une cr\u00e8me solaire ou le soir pour une routine \u00e9claircissante<\/p>\n","protected":false},"excerpt":{"rendered":"<p>S\u00e9rum ultra-concentr\u00e9 \u00e0 23% de vitamine C pure pour booster l\u2019\u00e9clat et att\u00e9nuer les taches.Combat le teint terne, les cicatrices d\u2019acn\u00e9 et les premiers signes de l\u2019\u00e2ge.Formule stabilis\u00e9e, enrichie en acide hyaluronique pour \u00e9viter l\u2019irritation.Effet \u201cglow\u201d visible en quelques jours avec un teint plus clair et lumineux.\u00c0 appliquer le matin avec une cr\u00e8me solaire ou [&hellip;]<\/p>\n","protected":false},"featured_media":1587,"comment_status":"open","ping_status":"closed","template":"","meta":[],"product_brand":[],"product_cat":[15],"product_tag":[],"class_list":{"0":"post-1586","1":"product","2":"type-product","3":"status-publish","4":"has-post-thumbnail","6":"product_cat-uncategorized","8":"first","9":"outofstock","10":"shipping-taxable","11":"purchasable","12":"product-type-simple"},"supplier_id":null,"supplier_sku":"","barcode":null,"atum_controlled":true,"out_stock_date":"2025-08-22 13:44:41","out_stock_threshold":null,"inheritable":false,"inbound_stock":0,"stock_on_hold":0,"sold_today":0,"sales_last_days":0,"reserved_stock":0,"customer_returns":0,"warehouse_damage":0,"lost_in_post":0,"other_logs":0,"out_stock_days":228,"lost_sales":0,"has_location":false,"update_date":"2026-04-08T04:59:25","atum_locations":[],"atum_stock_status":"outofstock","restock_status":false,"low_stock_amount":"","sales_update_date":"2026-04-08T04:59:25","calc_backorders":null,"_links":{"self":[{"href":"https:\/\/jijitattoo.com\/index.php?rest_route=\/wp\/v2\/product\/1586","targetHints":{"allow":["GET"]}}],"collection":[{"href":"https:\/\/jijitattoo.com\/index.php?rest_route=\/wp\/v2\/product"}],"about":[{"href":"https:\/\/jijitattoo.com\/index.php?rest_route=\/wp\/v2\/types\/product"}],"replies":[{"embeddable":true,"href":"https:\/\/jijitattoo.com\/index.php?rest_route=%2Fwp%2Fv2%2Fcomments&post=1586"}],"wp:featuredmedia":[{"embeddable":true,"href":"https:\/\/jijitattoo.com\/index.php?rest_route=\/wp\/v2\/media\/1587"}],"wp:attachment":[{"href":"https:\/\/jijitattoo.com\/index.php?rest_route=%2Fwp%2Fv2%2Fmedia&parent=1586"}],"wp:term":[{"taxonomy":"product_brand","embeddable":true,"href":"https:\/\/jijitattoo.com\/index.php?rest_route=%2Fwp%2Fv2%2Fproduct_brand&post=1586"},{"taxonomy":"product_cat","embeddable":true,"href":"https:\/\/jijitattoo.com\/index.php?rest_route=%2Fwp%2Fv2%2Fproduct_cat&post=1586"},{"taxonomy":"product_tag","embeddable":true,"href":"https:\/\/jijitattoo.com\/index.php?rest_route=%2Fwp%2Fv2%2Fproduct_tag&post=1586"}],"curies":[{"name":"wp","href":"https:\/\/api.w.org\/{rel}","templated":true}]}}