{"id":1588,"date":"2025-07-01T08:27:57","date_gmt":"2025-07-01T06:27:57","guid":{"rendered":"https:\/\/jijitattoo.com\/?post_type=product&#038;p=1588"},"modified":"2025-08-22T14:53:12","modified_gmt":"2025-08-22T14:53:12","slug":"vitamin-c-serum-la-roche-posay","status":"publish","type":"product","link":"https:\/\/jijitattoo.com\/?product=vitamin-c-serum-la-roche-posay","title":{"rendered":"Vitamin C S\u00e9rum \u2014 La Roche-Posay"},"content":{"rendered":"<p>S\u00e9rum illuminateur \u00e0 la vitamine C pure 10% combin\u00e9e \u00e0 l\u2019acide salicylique et acide hyaluronique.<br data-start=\"3318\" data-end=\"3321\" \/>R\u00e9duit visiblement les ridules, les irr\u00e9gularit\u00e9s du teint et apporte \u00e9clat \u00e0 la peau.<br data-start=\"3407\" data-end=\"3410\" \/>Convient \u00e0 toutes les peaux, m\u00eame sensibles.<br data-start=\"3454\" data-end=\"3457\" \/>Texture fluide, non grasse, parfaite sous la cr\u00e8me ou le maquillage.<br data-start=\"3525\" data-end=\"3528\" \/>Un coup d\u2019\u00e9clat imm\u00e9diat pour un visage r\u00e9veill\u00e9, net et lumineux.<\/p>\n","protected":false},"excerpt":{"rendered":"<p>S\u00e9rum illuminateur \u00e0 la vitamine C pure 10% combin\u00e9e \u00e0 l\u2019acide salicylique et acide hyaluronique.R\u00e9duit visiblement les ridules, les irr\u00e9gularit\u00e9s du teint et apporte \u00e9clat \u00e0 la peau.Convient \u00e0 toutes les peaux, m\u00eame sensibles.Texture fluide, non grasse, parfaite sous la cr\u00e8me ou le maquillage.Un coup d\u2019\u00e9clat imm\u00e9diat pour un visage r\u00e9veill\u00e9, net et lumineux.<\/p>\n","protected":false},"featured_media":1589,"comment_status":"open","ping_status":"closed","template":"","meta":[],"product_brand":[],"product_cat":[15],"product_tag":[],"class_list":{"0":"post-1588","1":"product","2":"type-product","3":"status-publish","4":"has-post-thumbnail","6":"product_cat-uncategorized","8":"first","9":"outofstock","10":"shipping-taxable","11":"purchasable","12":"product-type-simple"},"supplier_id":null,"supplier_sku":"","barcode":null,"atum_controlled":true,"out_stock_date":"2025-08-22 14:53:12","out_stock_threshold":null,"inheritable":false,"inbound_stock":0,"stock_on_hold":0,"sold_today":0,"sales_last_days":0,"reserved_stock":0,"customer_returns":0,"warehouse_damage":0,"lost_in_post":0,"other_logs":0,"out_stock_days":228,"lost_sales":0,"has_location":false,"update_date":"2026-04-08T04:59:25","atum_locations":[],"atum_stock_status":"outofstock","restock_status":false,"low_stock_amount":"","sales_update_date":"2026-04-08T04:59:25","calc_backorders":null,"_links":{"self":[{"href":"https:\/\/jijitattoo.com\/index.php?rest_route=\/wp\/v2\/product\/1588","targetHints":{"allow":["GET"]}}],"collection":[{"href":"https:\/\/jijitattoo.com\/index.php?rest_route=\/wp\/v2\/product"}],"about":[{"href":"https:\/\/jijitattoo.com\/index.php?rest_route=\/wp\/v2\/types\/product"}],"replies":[{"embeddable":true,"href":"https:\/\/jijitattoo.com\/index.php?rest_route=%2Fwp%2Fv2%2Fcomments&post=1588"}],"wp:featuredmedia":[{"embeddable":true,"href":"https:\/\/jijitattoo.com\/index.php?rest_route=\/wp\/v2\/media\/1589"}],"wp:attachment":[{"href":"https:\/\/jijitattoo.com\/index.php?rest_route=%2Fwp%2Fv2%2Fmedia&parent=1588"}],"wp:term":[{"taxonomy":"product_brand","embeddable":true,"href":"https:\/\/jijitattoo.com\/index.php?rest_route=%2Fwp%2Fv2%2Fproduct_brand&post=1588"},{"taxonomy":"product_cat","embeddable":true,"href":"https:\/\/jijitattoo.com\/index.php?rest_route=%2Fwp%2Fv2%2Fproduct_cat&post=1588"},{"taxonomy":"product_tag","embeddable":true,"href":"https:\/\/jijitattoo.com\/index.php?rest_route=%2Fwp%2Fv2%2Fproduct_tag&post=1588"}],"curies":[{"name":"wp","href":"https:\/\/api.w.org\/{rel}","templated":true}]}}