{"id":1590,"date":"2025-07-01T08:30:59","date_gmt":"2025-07-01T06:30:59","guid":{"rendered":"https:\/\/jijitattoo.com\/?post_type=product&#038;p=1590"},"modified":"2025-09-06T20:47:59","modified_gmt":"2025-09-06T20:47:59","slug":"1025-dokdo-gel-cleanser-round-lab","status":"publish","type":"product","link":"https:\/\/jijitattoo.com\/?product=1025-dokdo-gel-cleanser-round-lab","title":{"rendered":"1025 Dokdo Gel Cleanser \u2014 Round Lab"},"content":{"rendered":"<p data-start=\"3660\" data-end=\"4039\">Nettoyant cor\u00e9en \u00e0 base d\u2019eau min\u00e9rale marine des \u00eeles Dokdo et d&rsquo;ingr\u00e9dients doux.<br data-start=\"3743\" data-end=\"3746\" \/>\u00c9limine les impuret\u00e9s, les cellules mortes et l&rsquo;exc\u00e8s de s\u00e9bum sans agresser.<br data-start=\"3823\" data-end=\"3826\" \/>Maintient le pH naturel de la peau pour une sensation de propret\u00e9 douce.<br data-start=\"3898\" data-end=\"3901\" \/>Id\u00e9al pour les peaux sensibles, d\u00e9shydrat\u00e9es ou expos\u00e9es \u00e0 la pollution.<br data-start=\"3973\" data-end=\"3976\" \/>Un nettoyant de qualit\u00e9 spa pour une routine douce et efficace.<\/p>\n","protected":false},"excerpt":{"rendered":"<p>Nettoyant cor\u00e9en \u00e0 base d\u2019eau min\u00e9rale marine des \u00eeles Dokdo et d&rsquo;ingr\u00e9dients doux.\u00c9limine les impuret\u00e9s, les cellules mortes et l&rsquo;exc\u00e8s de s\u00e9bum sans agresser.Maintient le pH naturel de la peau pour une sensation de propret\u00e9 douce.Id\u00e9al pour les peaux sensibles, d\u00e9shydrat\u00e9es ou expos\u00e9es \u00e0 la pollution.Un nettoyant de qualit\u00e9 spa pour une routine douce et [&hellip;]<\/p>\n","protected":false},"featured_media":1591,"comment_status":"open","ping_status":"closed","template":"","meta":[],"product_brand":[],"product_cat":[15],"product_tag":[],"class_list":{"0":"post-1590","1":"product","2":"type-product","3":"status-publish","4":"has-post-thumbnail","6":"product_cat-uncategorized","8":"first","9":"instock","10":"shipping-taxable","11":"purchasable","12":"product-type-simple"},"supplier_id":null,"supplier_sku":"","barcode":null,"atum_controlled":true,"out_stock_date":null,"out_stock_threshold":null,"inheritable":false,"inbound_stock":0,"stock_on_hold":5,"sold_today":0,"sales_last_days":0,"reserved_stock":0,"customer_returns":0,"warehouse_damage":0,"lost_in_post":0,"other_logs":0,"out_stock_days":0,"lost_sales":0,"has_location":false,"update_date":"2026-04-10T05:58:46","atum_locations":[],"atum_stock_status":"instock","restock_status":false,"low_stock_amount":"","sales_update_date":"2026-04-10T05:58:46","calc_backorders":null,"_links":{"self":[{"href":"https:\/\/jijitattoo.com\/index.php?rest_route=\/wp\/v2\/product\/1590","targetHints":{"allow":["GET"]}}],"collection":[{"href":"https:\/\/jijitattoo.com\/index.php?rest_route=\/wp\/v2\/product"}],"about":[{"href":"https:\/\/jijitattoo.com\/index.php?rest_route=\/wp\/v2\/types\/product"}],"replies":[{"embeddable":true,"href":"https:\/\/jijitattoo.com\/index.php?rest_route=%2Fwp%2Fv2%2Fcomments&post=1590"}],"wp:featuredmedia":[{"embeddable":true,"href":"https:\/\/jijitattoo.com\/index.php?rest_route=\/wp\/v2\/media\/1591"}],"wp:attachment":[{"href":"https:\/\/jijitattoo.com\/index.php?rest_route=%2Fwp%2Fv2%2Fmedia&parent=1590"}],"wp:term":[{"taxonomy":"product_brand","embeddable":true,"href":"https:\/\/jijitattoo.com\/index.php?rest_route=%2Fwp%2Fv2%2Fproduct_brand&post=1590"},{"taxonomy":"product_cat","embeddable":true,"href":"https:\/\/jijitattoo.com\/index.php?rest_route=%2Fwp%2Fv2%2Fproduct_cat&post=1590"},{"taxonomy":"product_tag","embeddable":true,"href":"https:\/\/jijitattoo.com\/index.php?rest_route=%2Fwp%2Fv2%2Fproduct_tag&post=1590"}],"curies":[{"name":"wp","href":"https:\/\/api.w.org\/{rel}","templated":true}]}}