{"id":2007,"date":"2025-09-28T17:40:35","date_gmt":"2025-09-28T17:40:35","guid":{"rendered":"https:\/\/jijitattoo.com\/?post_type=product&#038;p=2007"},"modified":"2025-09-28T17:40:35","modified_gmt":"2025-09-28T17:40:35","slug":"la-roche-posay-lipikar-baume-apm","status":"publish","type":"product","link":"https:\/\/jijitattoo.com\/?product=la-roche-posay-lipikar-baume-apm","title":{"rendered":"la roche-posay lipikar baume ap+m"},"content":{"rendered":"<h3 data-start=\"74\" data-end=\"154\"><strong data-start=\"78\" data-end=\"152\">La Roche-Posay Lipikar Baume AP+M \u2013 Baume Relipidant Triple R\u00e9paration<\/strong><\/h3>\n<p data-start=\"156\" data-end=\"434\">Apaisez, restaurez et prot\u00e9gez votre peau avec <strong data-start=\"203\" data-end=\"225\">Lipikar Baume AP+M<\/strong> de La Roche-Posay. Sp\u00e9cialement formul\u00e9 pour les peaux tr\u00e8s s\u00e8ches, \u00e0 tendance atopique ou sujettes aux d\u00e9mangeaisons, ce baume relipidant apporte un confort imm\u00e9diat et durable d\u00e8s la premi\u00e8re application.<\/p>\n<p data-start=\"436\" data-end=\"769\">Gr\u00e2ce \u00e0 sa technologie exclusive <strong data-start=\"469\" data-end=\"503\">AP+M [Aqua Posae + Microresyl]<\/strong>, il r\u00e9\u00e9quilibre le microbiome cutan\u00e9 et aide \u00e0 espacer les pics de s\u00e9cheresse s\u00e9v\u00e8re. Sa formule, enrichie en <strong data-start=\"614\" data-end=\"634\">beurre de karit\u00e9<\/strong> et en <strong data-start=\"641\" data-end=\"656\">niacinamide<\/strong>, nourrit intens\u00e9ment, restaure la barri\u00e8re cutan\u00e9e et r\u00e9duit les sensations de tiraillements et d\u2019irritations.<\/p>\n","protected":false},"excerpt":{"rendered":"<p>La Roche-Posay Lipikar Baume AP+M \u2013 Baume Relipidant Triple R\u00e9paration Apaisez, restaurez et prot\u00e9gez votre peau avec Lipikar Baume AP+M de La Roche-Posay. Sp\u00e9cialement formul\u00e9 pour les peaux tr\u00e8s s\u00e8ches, \u00e0 tendance atopique ou sujettes aux d\u00e9mangeaisons, ce baume relipidant apporte un confort imm\u00e9diat et durable d\u00e8s la premi\u00e8re application. Gr\u00e2ce \u00e0 sa technologie exclusive [&hellip;]<\/p>\n","protected":false},"featured_media":2008,"comment_status":"open","ping_status":"closed","template":"","meta":[],"product_brand":[],"product_cat":[15],"product_tag":[],"class_list":{"0":"post-2007","1":"product","2":"type-product","3":"status-publish","4":"has-post-thumbnail","6":"product_cat-uncategorized","8":"first","9":"instock","10":"shipping-taxable","11":"purchasable","12":"product-type-simple"},"supplier_id":null,"supplier_sku":"","barcode":null,"atum_controlled":true,"out_stock_date":null,"out_stock_threshold":null,"inheritable":false,"inbound_stock":null,"stock_on_hold":0,"sold_today":0,"sales_last_days":0,"reserved_stock":null,"customer_returns":null,"warehouse_damage":null,"lost_in_post":null,"other_logs":null,"out_stock_days":0,"lost_sales":0,"has_location":false,"update_date":"2026-04-10T05:58:47","atum_locations":[],"atum_stock_status":"instock","restock_status":false,"low_stock_amount":"","sales_update_date":"2026-04-10T05:58:46","calc_backorders":0,"_links":{"self":[{"href":"https:\/\/jijitattoo.com\/index.php?rest_route=\/wp\/v2\/product\/2007","targetHints":{"allow":["GET"]}}],"collection":[{"href":"https:\/\/jijitattoo.com\/index.php?rest_route=\/wp\/v2\/product"}],"about":[{"href":"https:\/\/jijitattoo.com\/index.php?rest_route=\/wp\/v2\/types\/product"}],"replies":[{"embeddable":true,"href":"https:\/\/jijitattoo.com\/index.php?rest_route=%2Fwp%2Fv2%2Fcomments&post=2007"}],"wp:featuredmedia":[{"embeddable":true,"href":"https:\/\/jijitattoo.com\/index.php?rest_route=\/wp\/v2\/media\/2008"}],"wp:attachment":[{"href":"https:\/\/jijitattoo.com\/index.php?rest_route=%2Fwp%2Fv2%2Fmedia&parent=2007"}],"wp:term":[{"taxonomy":"product_brand","embeddable":true,"href":"https:\/\/jijitattoo.com\/index.php?rest_route=%2Fwp%2Fv2%2Fproduct_brand&post=2007"},{"taxonomy":"product_cat","embeddable":true,"href":"https:\/\/jijitattoo.com\/index.php?rest_route=%2Fwp%2Fv2%2Fproduct_cat&post=2007"},{"taxonomy":"product_tag","embeddable":true,"href":"https:\/\/jijitattoo.com\/index.php?rest_route=%2Fwp%2Fv2%2Fproduct_tag&post=2007"}],"curies":[{"name":"wp","href":"https:\/\/api.w.org\/{rel}","templated":true}]}}