{"id":2011,"date":"2025-09-28T18:08:53","date_gmt":"2025-09-28T18:08:53","guid":{"rendered":"https:\/\/jijitattoo.com\/?post_type=product&#038;p=2011"},"modified":"2025-09-28T18:08:53","modified_gmt":"2025-09-28T18:08:53","slug":"la-roche-posay-effaclar-gel-moussant-purifiant","status":"publish","type":"product","link":"https:\/\/jijitattoo.com\/?product=la-roche-posay-effaclar-gel-moussant-purifiant","title":{"rendered":"La Roche-Posay Effaclar Gel Moussant Purifiant"},"content":{"rendered":"<h3 data-start=\"73\" data-end=\"129\"><strong data-start=\"77\" data-end=\"127\">La Roche-Posay Effaclar Gel Moussant Purifiant<\/strong><\/h3>\n<p data-start=\"131\" data-end=\"383\">Offrez \u00e0 votre peau une sensation de fra\u00eecheur et de propret\u00e9 avec <strong data-start=\"198\" data-end=\"223\">Effaclar Gel Moussant<\/strong> de La Roche-Posay. Sp\u00e9cialement con\u00e7u pour les peaux grasses et sensibles, ce nettoyant doux \u00e9limine l\u2019exc\u00e8s de s\u00e9bum et les impuret\u00e9s sans agresser la peau.<\/p>\n<p data-start=\"385\" data-end=\"613\">Sa formule enrichie en <strong data-start=\"408\" data-end=\"442\">Eau Thermale de La Roche-Posay<\/strong> apaise et r\u00e9duit les irritations, tout en laissant la peau nette et matifi\u00e9e. Jour apr\u00e8s jour, les imperfections sont visiblement r\u00e9duites et le grain de peau s\u2019affine.<\/p>\n<p data-start=\"615\" data-end=\"781\">\u2714 Peaux grasses et sensibles<br data-start=\"643\" data-end=\"646\" \/>\u2714 Nettoie en profondeur et d\u00e9sincruste les pores<br data-start=\"694\" data-end=\"697\" \/>\u2714 Texture gel fra\u00eeche et l\u00e9g\u00e8re<br data-start=\"728\" data-end=\"731\" \/>\u2714 Sans savon \u2013 pH physiologique \u2013 Non com\u00e9dog\u00e8ne<\/p>\n<p data-start=\"783\" data-end=\"881\"><strong data-start=\"783\" data-end=\"797\">R\u00e9sultat :<\/strong> une peau purifi\u00e9e, matifi\u00e9e et plus saine, pr\u00eate \u00e0 recevoir les soins quotidiens.<\/p>\n","protected":false},"excerpt":{"rendered":"<p>La Roche-Posay Effaclar Gel Moussant Purifiant Offrez \u00e0 votre peau une sensation de fra\u00eecheur et de propret\u00e9 avec Effaclar Gel Moussant de La Roche-Posay. Sp\u00e9cialement con\u00e7u pour les peaux grasses et sensibles, ce nettoyant doux \u00e9limine l\u2019exc\u00e8s de s\u00e9bum et les impuret\u00e9s sans agresser la peau. Sa formule enrichie en Eau Thermale de La Roche-Posay [&hellip;]<\/p>\n","protected":false},"featured_media":2015,"comment_status":"open","ping_status":"closed","template":"","meta":[],"product_brand":[],"product_cat":[15],"product_tag":[],"class_list":{"0":"post-2011","1":"product","2":"type-product","3":"status-publish","4":"has-post-thumbnail","6":"product_cat-uncategorized","8":"first","9":"instock","10":"shipping-taxable","11":"purchasable","12":"product-type-simple"},"supplier_id":null,"supplier_sku":"","barcode":null,"atum_controlled":true,"out_stock_date":null,"out_stock_threshold":null,"inheritable":false,"inbound_stock":null,"stock_on_hold":0,"sold_today":0,"sales_last_days":0,"reserved_stock":null,"customer_returns":null,"warehouse_damage":null,"lost_in_post":null,"other_logs":null,"out_stock_days":0,"lost_sales":0,"has_location":false,"update_date":"2026-04-10T05:58:47","atum_locations":[],"atum_stock_status":"instock","restock_status":false,"low_stock_amount":"","sales_update_date":"2026-04-10T05:58:47","calc_backorders":null,"_links":{"self":[{"href":"https:\/\/jijitattoo.com\/index.php?rest_route=\/wp\/v2\/product\/2011","targetHints":{"allow":["GET"]}}],"collection":[{"href":"https:\/\/jijitattoo.com\/index.php?rest_route=\/wp\/v2\/product"}],"about":[{"href":"https:\/\/jijitattoo.com\/index.php?rest_route=\/wp\/v2\/types\/product"}],"replies":[{"embeddable":true,"href":"https:\/\/jijitattoo.com\/index.php?rest_route=%2Fwp%2Fv2%2Fcomments&post=2011"}],"wp:featuredmedia":[{"embeddable":true,"href":"https:\/\/jijitattoo.com\/index.php?rest_route=\/wp\/v2\/media\/2015"}],"wp:attachment":[{"href":"https:\/\/jijitattoo.com\/index.php?rest_route=%2Fwp%2Fv2%2Fmedia&parent=2011"}],"wp:term":[{"taxonomy":"product_brand","embeddable":true,"href":"https:\/\/jijitattoo.com\/index.php?rest_route=%2Fwp%2Fv2%2Fproduct_brand&post=2011"},{"taxonomy":"product_cat","embeddable":true,"href":"https:\/\/jijitattoo.com\/index.php?rest_route=%2Fwp%2Fv2%2Fproduct_cat&post=2011"},{"taxonomy":"product_tag","embeddable":true,"href":"https:\/\/jijitattoo.com\/index.php?rest_route=%2Fwp%2Fv2%2Fproduct_tag&post=2011"}],"curies":[{"name":"wp","href":"https:\/\/api.w.org\/{rel}","templated":true}]}}