{"id":2049,"date":"2025-10-14T11:06:17","date_gmt":"2025-10-14T11:06:17","guid":{"rendered":"https:\/\/jijitattoo.com\/?post_type=product&#038;p=2049"},"modified":"2025-10-14T11:09:10","modified_gmt":"2025-10-14T11:09:10","slug":"centella-ampoule","status":"publish","type":"product","link":"https:\/\/jijitattoo.com\/?product=centella-ampoule","title":{"rendered":"Centella Ampoule"},"content":{"rendered":"<p><strong>Centella Ampoule<\/strong><\/p>\n<p>Description :<br \/>\nL\u2019Ampoule Centella est un s\u00e9rum concentr\u00e9 \u00e0 base d\u2019extrait pur de Centella Asiatica (Cica), reconnu pour ses vertus apaisantes, r\u00e9paratrices et anti-inflammatoires. V\u00e9ritable soin SOS, elle aide \u00e0 calmer instantan\u00e9ment les irritations, renforcer la barri\u00e8re cutan\u00e9e et restaurer l\u2019\u00e9quilibre naturel de la peau. Sa texture l\u00e9g\u00e8re et fluide p\u00e9n\u00e8tre rapidement, laissant la peau hydrat\u00e9e, souple et \u00e9clatante de sant\u00e9.<\/p>\n<p>Bienfaits :<\/p>\n<ul>\n<li>Apaise les rougeurs, irritations et inflammations cutan\u00e9es<\/li>\n<li>Favorise la cicatrisation et la r\u00e9g\u00e9n\u00e9ration cellulaire<\/li>\n<li>Renforce la barri\u00e8re protectrice de la peau<\/li>\n<li>Hydrate sans alourdir, pour une peau douce et fra\u00eeche<\/li>\n<li>Convient \u00e0 tous les types de peau, m\u00eame les plus sensibles ou acn\u00e9iques<\/li>\n<\/ul>\n<p>Conseils d\u2019utilisation :<br \/>\nAppliquez 2 \u00e0 3 gouttes sur une peau propre et s\u00e8che, matin et\/ou soir, avant la cr\u00e8me hydratante.<br \/>\nTapotez doucement pour favoriser l\u2019absorption.<br \/>\nPeut \u00eatre utilis\u00e9 quotidiennement ou en cure apaisante.<\/p>\n<p>&nbsp;<\/p>\n","protected":false},"excerpt":{"rendered":"<p>Centella Ampoule Description : L\u2019Ampoule Centella est un s\u00e9rum concentr\u00e9 \u00e0 base d\u2019extrait pur de Centella Asiatica (Cica), reconnu pour ses vertus apaisantes, r\u00e9paratrices et anti-inflammatoires. V\u00e9ritable soin SOS, elle aide \u00e0 calmer instantan\u00e9ment les irritations, renforcer la barri\u00e8re cutan\u00e9e et restaurer l\u2019\u00e9quilibre naturel de la peau. Sa texture l\u00e9g\u00e8re et fluide p\u00e9n\u00e8tre rapidement, laissant [&hellip;]<\/p>\n","protected":false},"featured_media":2052,"comment_status":"open","ping_status":"closed","template":"","meta":[],"product_brand":[],"product_cat":[15],"product_tag":[],"class_list":{"0":"post-2049","1":"product","2":"type-product","3":"status-publish","4":"has-post-thumbnail","6":"product_cat-uncategorized","8":"first","9":"instock","10":"shipping-taxable","11":"product-type-simple"},"supplier_id":null,"supplier_sku":"","barcode":null,"atum_controlled":true,"out_stock_date":null,"out_stock_threshold":null,"inheritable":false,"inbound_stock":null,"stock_on_hold":0,"sold_today":0,"sales_last_days":0,"reserved_stock":null,"customer_returns":null,"warehouse_damage":null,"lost_in_post":null,"other_logs":null,"out_stock_days":0,"lost_sales":0,"has_location":false,"update_date":"2026-04-14T06:40:47","atum_locations":[],"atum_stock_status":"instock","restock_status":false,"low_stock_amount":"","sales_update_date":"2026-04-14T06:40:47","calc_backorders":null,"_links":{"self":[{"href":"https:\/\/jijitattoo.com\/index.php?rest_route=\/wp\/v2\/product\/2049","targetHints":{"allow":["GET"]}}],"collection":[{"href":"https:\/\/jijitattoo.com\/index.php?rest_route=\/wp\/v2\/product"}],"about":[{"href":"https:\/\/jijitattoo.com\/index.php?rest_route=\/wp\/v2\/types\/product"}],"replies":[{"embeddable":true,"href":"https:\/\/jijitattoo.com\/index.php?rest_route=%2Fwp%2Fv2%2Fcomments&post=2049"}],"wp:featuredmedia":[{"embeddable":true,"href":"https:\/\/jijitattoo.com\/index.php?rest_route=\/wp\/v2\/media\/2052"}],"wp:attachment":[{"href":"https:\/\/jijitattoo.com\/index.php?rest_route=%2Fwp%2Fv2%2Fmedia&parent=2049"}],"wp:term":[{"taxonomy":"product_brand","embeddable":true,"href":"https:\/\/jijitattoo.com\/index.php?rest_route=%2Fwp%2Fv2%2Fproduct_brand&post=2049"},{"taxonomy":"product_cat","embeddable":true,"href":"https:\/\/jijitattoo.com\/index.php?rest_route=%2Fwp%2Fv2%2Fproduct_cat&post=2049"},{"taxonomy":"product_tag","embeddable":true,"href":"https:\/\/jijitattoo.com\/index.php?rest_route=%2Fwp%2Fv2%2Fproduct_tag&post=2049"}],"curies":[{"name":"wp","href":"https:\/\/api.w.org\/{rel}","templated":true}]}}