{"id":2057,"date":"2025-10-14T11:14:19","date_gmt":"2025-10-14T11:14:19","guid":{"rendered":"https:\/\/jijitattoo.com\/?post_type=product&#038;p=2057"},"modified":"2025-10-14T11:14:19","modified_gmt":"2025-10-14T11:14:19","slug":"centella-trea-trica","status":"publish","type":"product","link":"https:\/\/jijitattoo.com\/?product=centella-trea-trica","title":{"rendered":"centella trea-TRICA"},"content":{"rendered":"<p><strong>Centella Trea-Trica Ampoule<\/strong><\/p>\n<p>La Centella Trea-Trica Ampoule est un soin intensif con\u00e7u pour les peaux \u00e0 tendance acn\u00e9ique, sensibles ou irrit\u00e9es. Enrichie en extrait de Centella Asiatica (Cica) et en arbre \u00e0 th\u00e9 (Tea Tree), cette formule puissante combine apaisement, purification et r\u00e9g\u00e9n\u00e9ration cutan\u00e9e. Elle aide \u00e0 r\u00e9duire visiblement les imperfections, \u00e0 \u00e9quilibrer la production de s\u00e9bum et \u00e0 restaurer une peau plus nette et plus saine jour apr\u00e8s jour.<\/p>\n<p>Bienfaits :<\/p>\n<ul>\n<li>Apaise instantan\u00e9ment les rougeurs et inflammations dues \u00e0 l\u2019acn\u00e9<\/li>\n<li>Purifie la peau gr\u00e2ce \u00e0 l\u2019action antibact\u00e9rienne du Tea Tree<\/li>\n<li>Acc\u00e9l\u00e8re la cicatrisation et pr\u00e9vient les marques post-acn\u00e9<\/li>\n<li>R\u00e9duit la brillance excessive et \u00e9quilibre le s\u00e9bum<\/li>\n<li>Laisse la peau douce, claire et apais\u00e9e<\/li>\n<\/ul>\n<p>Conseils d\u2019utilisation :<br \/>\nAppliquez 2 \u00e0 3 gouttes sur une peau propre et s\u00e8che, matin et\/ou soir, avant la cr\u00e8me hydratante.<br \/>\nTapotez d\u00e9licatement jusqu\u2019\u00e0 absorption compl\u00e8te.<br \/>\nPour un meilleur r\u00e9sultat, utilisez en combinaison avec une cr\u00e8me \u00e0 la Centella.<\/p>\n","protected":false},"excerpt":{"rendered":"<p>Centella Trea-Trica Ampoule La Centella Trea-Trica Ampoule est un soin intensif con\u00e7u pour les peaux \u00e0 tendance acn\u00e9ique, sensibles ou irrit\u00e9es. Enrichie en extrait de Centella Asiatica (Cica) et en arbre \u00e0 th\u00e9 (Tea Tree), cette formule puissante combine apaisement, purification et r\u00e9g\u00e9n\u00e9ration cutan\u00e9e. Elle aide \u00e0 r\u00e9duire visiblement les imperfections, \u00e0 \u00e9quilibrer la production [&hellip;]<\/p>\n","protected":false},"featured_media":2059,"comment_status":"open","ping_status":"closed","template":"","meta":[],"product_brand":[],"product_cat":[15],"product_tag":[],"class_list":{"0":"post-2057","1":"product","2":"type-product","3":"status-publish","4":"has-post-thumbnail","6":"product_cat-uncategorized","8":"first","9":"instock","10":"shipping-taxable","11":"product-type-simple"},"supplier_id":null,"supplier_sku":"","barcode":null,"atum_controlled":true,"out_stock_date":null,"out_stock_threshold":null,"inheritable":false,"inbound_stock":null,"stock_on_hold":0,"sold_today":0,"sales_last_days":0,"reserved_stock":null,"customer_returns":null,"warehouse_damage":null,"lost_in_post":null,"other_logs":null,"out_stock_days":0,"lost_sales":0,"has_location":false,"update_date":"2026-04-10T05:58:46","atum_locations":[],"atum_stock_status":"instock","restock_status":false,"low_stock_amount":"","sales_update_date":"2026-04-10T05:58:46","calc_backorders":null,"_links":{"self":[{"href":"https:\/\/jijitattoo.com\/index.php?rest_route=\/wp\/v2\/product\/2057","targetHints":{"allow":["GET"]}}],"collection":[{"href":"https:\/\/jijitattoo.com\/index.php?rest_route=\/wp\/v2\/product"}],"about":[{"href":"https:\/\/jijitattoo.com\/index.php?rest_route=\/wp\/v2\/types\/product"}],"replies":[{"embeddable":true,"href":"https:\/\/jijitattoo.com\/index.php?rest_route=%2Fwp%2Fv2%2Fcomments&post=2057"}],"wp:featuredmedia":[{"embeddable":true,"href":"https:\/\/jijitattoo.com\/index.php?rest_route=\/wp\/v2\/media\/2059"}],"wp:attachment":[{"href":"https:\/\/jijitattoo.com\/index.php?rest_route=%2Fwp%2Fv2%2Fmedia&parent=2057"}],"wp:term":[{"taxonomy":"product_brand","embeddable":true,"href":"https:\/\/jijitattoo.com\/index.php?rest_route=%2Fwp%2Fv2%2Fproduct_brand&post=2057"},{"taxonomy":"product_cat","embeddable":true,"href":"https:\/\/jijitattoo.com\/index.php?rest_route=%2Fwp%2Fv2%2Fproduct_cat&post=2057"},{"taxonomy":"product_tag","embeddable":true,"href":"https:\/\/jijitattoo.com\/index.php?rest_route=%2Fwp%2Fv2%2Fproduct_tag&post=2057"}],"curies":[{"name":"wp","href":"https:\/\/api.w.org\/{rel}","templated":true}]}}