{"id":2096,"date":"2025-10-14T12:27:37","date_gmt":"2025-10-14T12:27:37","guid":{"rendered":"https:\/\/jijitattoo.com\/?post_type=product&#038;p=2096"},"modified":"2025-10-14T12:27:37","modified_gmt":"2025-10-14T12:27:37","slug":"cerave-healing-ointment","status":"publish","type":"product","link":"https:\/\/jijitattoo.com\/?product=cerave-healing-ointment","title":{"rendered":"cerave healing ointment"},"content":{"rendered":"<p><strong>CeraVe Acne Foaming Cleanser<\/strong><\/p>\n<p><strong>Description :<\/strong><br \/>\nLe <strong>CeraVe Acne Foaming Cleanser<\/strong> est un nettoyant moussant doux formul\u00e9 sp\u00e9cialement pour les <strong>peaux sujettes \u00e0 l\u2019acn\u00e9<\/strong>. Enrichi en <strong>acide salicylique (BHA)<\/strong>, <strong>c\u00e9ramides<\/strong> et <strong>acide hyaluronique<\/strong>, il aide \u00e0 <strong>d\u00e9sincruster les pores<\/strong>, <strong>r\u00e9duire les imperfections<\/strong> et <strong>pr\u00e9server la barri\u00e8re cutan\u00e9e<\/strong>. Sa mousse l\u00e9g\u00e8re nettoie efficacement sans ass\u00e9cher la peau, laissant un teint frais, purifi\u00e9 et \u00e9quilibr\u00e9.<\/p>\n<p><strong>Bienfaits :<\/strong><\/p>\n<ul>\n<li>\u00c9limine <strong>exc\u00e8s de s\u00e9bum<\/strong>, impuret\u00e9s et cellules mortes<\/li>\n<li>Lutte contre <strong>les points noirs et boutons<\/strong> gr\u00e2ce \u00e0 l\u2019acide salicylique<\/li>\n<li>Renforce et <strong>pr\u00e9serve la barri\u00e8re cutan\u00e9e<\/strong> gr\u00e2ce aux c\u00e9ramides<\/li>\n<li>Hydrate et apaise la peau avec l\u2019acide hyaluronique<\/li>\n<li>Convient aux peaux sensibles, mixtes ou grasses<\/li>\n<\/ul>\n<p><strong>Conseils d\u2019utilisation :<\/strong><\/p>\n<ol>\n<li>Appliquez une petite quantit\u00e9 sur peau humide.<\/li>\n<li>Faites mousser et massez d\u00e9licatement le visage, en insistant sur les zones sujettes \u00e0 l\u2019acn\u00e9.<\/li>\n<li>Rincez abondamment \u00e0 l\u2019eau ti\u00e8de.<br \/>\nUtilisez <strong>1 \u00e0 2 fois par jour<\/strong>, matin et soir.<\/li>\n<\/ol>\n","protected":false},"excerpt":{"rendered":"<p>CeraVe Acne Foaming Cleanser Description : Le CeraVe Acne Foaming Cleanser est un nettoyant moussant doux formul\u00e9 sp\u00e9cialement pour les peaux sujettes \u00e0 l\u2019acn\u00e9. Enrichi en acide salicylique (BHA), c\u00e9ramides et acide hyaluronique, il aide \u00e0 d\u00e9sincruster les pores, r\u00e9duire les imperfections et pr\u00e9server la barri\u00e8re cutan\u00e9e. Sa mousse l\u00e9g\u00e8re nettoie efficacement sans ass\u00e9cher la [&hellip;]<\/p>\n","protected":false},"featured_media":2097,"comment_status":"open","ping_status":"closed","template":"","meta":[],"product_brand":[],"product_cat":[15],"product_tag":[],"class_list":{"0":"post-2096","1":"product","2":"type-product","3":"status-publish","4":"has-post-thumbnail","6":"product_cat-uncategorized","8":"first","9":"instock","10":"shipping-taxable","11":"product-type-simple"},"supplier_id":null,"supplier_sku":"","barcode":null,"atum_controlled":true,"out_stock_date":null,"out_stock_threshold":null,"inheritable":false,"inbound_stock":null,"stock_on_hold":0,"sold_today":0,"sales_last_days":0,"reserved_stock":null,"customer_returns":null,"warehouse_damage":null,"lost_in_post":null,"other_logs":null,"out_stock_days":0,"lost_sales":0,"has_location":false,"update_date":"2026-04-10T05:58:46","atum_locations":[],"atum_stock_status":"instock","restock_status":false,"low_stock_amount":"","sales_update_date":"2026-04-10T05:58:46","calc_backorders":null,"_links":{"self":[{"href":"https:\/\/jijitattoo.com\/index.php?rest_route=\/wp\/v2\/product\/2096","targetHints":{"allow":["GET"]}}],"collection":[{"href":"https:\/\/jijitattoo.com\/index.php?rest_route=\/wp\/v2\/product"}],"about":[{"href":"https:\/\/jijitattoo.com\/index.php?rest_route=\/wp\/v2\/types\/product"}],"replies":[{"embeddable":true,"href":"https:\/\/jijitattoo.com\/index.php?rest_route=%2Fwp%2Fv2%2Fcomments&post=2096"}],"wp:featuredmedia":[{"embeddable":true,"href":"https:\/\/jijitattoo.com\/index.php?rest_route=\/wp\/v2\/media\/2097"}],"wp:attachment":[{"href":"https:\/\/jijitattoo.com\/index.php?rest_route=%2Fwp%2Fv2%2Fmedia&parent=2096"}],"wp:term":[{"taxonomy":"product_brand","embeddable":true,"href":"https:\/\/jijitattoo.com\/index.php?rest_route=%2Fwp%2Fv2%2Fproduct_brand&post=2096"},{"taxonomy":"product_cat","embeddable":true,"href":"https:\/\/jijitattoo.com\/index.php?rest_route=%2Fwp%2Fv2%2Fproduct_cat&post=2096"},{"taxonomy":"product_tag","embeddable":true,"href":"https:\/\/jijitattoo.com\/index.php?rest_route=%2Fwp%2Fv2%2Fproduct_tag&post=2096"}],"curies":[{"name":"wp","href":"https:\/\/api.w.org\/{rel}","templated":true}]}}