{"id":2111,"date":"2025-10-23T06:53:33","date_gmt":"2025-10-23T06:53:33","guid":{"rendered":"https:\/\/jijitattoo.com\/?post_type=product&#038;p=2111"},"modified":"2025-10-23T06:53:33","modified_gmt":"2025-10-23T06:53:33","slug":"topicals-ingrown-tonic","status":"publish","type":"product","link":"https:\/\/jijitattoo.com\/?product=topicals-ingrown-tonic","title":{"rendered":"topicals ingrown tonic"},"content":{"rendered":"<p><strong>Topicals Ingrown Tonic \u2013 Soin Exfoliant Anti-Poils Incarn\u00e9s<\/strong><\/p>\n<p>Dites adieu aux poils incarn\u00e9s et aux irritations avec le <strong>Topicals Ingrown Tonic (High Roller)<\/strong>. Ce soin roll-on innovant exfolie, apaise et lisse la peau pour pr\u00e9venir et traiter efficacement les bosses dues au rasage ou \u00e0 l\u2019\u00e9pilation.<\/p>\n<p>Formul\u00e9 avec un m\u00e9lange d\u2019<strong>acides exfoliants (AHA &amp; BHA)<\/strong>, il d\u00e9sobstrue les pores, \u00e9limine les cellules mortes et am\u00e9liore la texture de la peau. L\u2019association de <strong>niacinamide<\/strong>, <strong>zinc PCA<\/strong> et <strong>extrait de Centella Asiatica<\/strong> aide \u00e0 calmer les rougeurs, uniformiser le teint et r\u00e9duire l\u2019inflammation.<\/p>\n<p>\u2714 Id\u00e9al pour les zones sujettes aux poils incarn\u00e9s (aisselles, maillot, jambes, visage)<br \/>\n\u2714 Texture l\u00e9g\u00e8re, non collante, \u00e0 absorption rapide<br \/>\n\u2714 Format roll-on pratique et hygi\u00e9nique<br \/>\n\u2714 Convient \u00e0 tous les types de peau<\/p>\n<p>&nbsp;<\/p>\n","protected":false},"excerpt":{"rendered":"<p>Topicals Ingrown Tonic \u2013 Soin Exfoliant Anti-Poils Incarn\u00e9s Dites adieu aux poils incarn\u00e9s et aux irritations avec le Topicals Ingrown Tonic (High Roller). Ce soin roll-on innovant exfolie, apaise et lisse la peau pour pr\u00e9venir et traiter efficacement les bosses dues au rasage ou \u00e0 l\u2019\u00e9pilation. Formul\u00e9 avec un m\u00e9lange d\u2019acides exfoliants (AHA &amp; BHA), [&hellip;]<\/p>\n","protected":false},"featured_media":2112,"comment_status":"open","ping_status":"closed","template":"","meta":[],"product_brand":[],"product_cat":[15],"product_tag":[],"class_list":{"0":"post-2111","1":"product","2":"type-product","3":"status-publish","4":"has-post-thumbnail","6":"product_cat-uncategorized","8":"first","9":"instock","10":"shipping-taxable","11":"product-type-simple"},"supplier_id":null,"supplier_sku":"","barcode":null,"atum_controlled":true,"out_stock_date":null,"out_stock_threshold":null,"inheritable":false,"inbound_stock":null,"stock_on_hold":0,"sold_today":0,"sales_last_days":0,"reserved_stock":null,"customer_returns":null,"warehouse_damage":null,"lost_in_post":null,"other_logs":null,"out_stock_days":0,"lost_sales":0,"has_location":false,"update_date":"2026-04-10T05:58:46","atum_locations":[],"atum_stock_status":"instock","restock_status":false,"low_stock_amount":"","sales_update_date":"2026-04-10T05:58:46","calc_backorders":0,"_links":{"self":[{"href":"https:\/\/jijitattoo.com\/index.php?rest_route=\/wp\/v2\/product\/2111","targetHints":{"allow":["GET"]}}],"collection":[{"href":"https:\/\/jijitattoo.com\/index.php?rest_route=\/wp\/v2\/product"}],"about":[{"href":"https:\/\/jijitattoo.com\/index.php?rest_route=\/wp\/v2\/types\/product"}],"replies":[{"embeddable":true,"href":"https:\/\/jijitattoo.com\/index.php?rest_route=%2Fwp%2Fv2%2Fcomments&post=2111"}],"wp:featuredmedia":[{"embeddable":true,"href":"https:\/\/jijitattoo.com\/index.php?rest_route=\/wp\/v2\/media\/2112"}],"wp:attachment":[{"href":"https:\/\/jijitattoo.com\/index.php?rest_route=%2Fwp%2Fv2%2Fmedia&parent=2111"}],"wp:term":[{"taxonomy":"product_brand","embeddable":true,"href":"https:\/\/jijitattoo.com\/index.php?rest_route=%2Fwp%2Fv2%2Fproduct_brand&post=2111"},{"taxonomy":"product_cat","embeddable":true,"href":"https:\/\/jijitattoo.com\/index.php?rest_route=%2Fwp%2Fv2%2Fproduct_cat&post=2111"},{"taxonomy":"product_tag","embeddable":true,"href":"https:\/\/jijitattoo.com\/index.php?rest_route=%2Fwp%2Fv2%2Fproduct_tag&post=2111"}],"curies":[{"name":"wp","href":"https:\/\/api.w.org\/{rel}","templated":true}]}}