{"id":2137,"date":"2025-10-23T07:15:05","date_gmt":"2025-10-23T07:15:05","guid":{"rendered":"https:\/\/jijitattoo.com\/?post_type=product&#038;p=2137"},"modified":"2025-10-23T07:15:05","modified_gmt":"2025-10-23T07:15:05","slug":"the-ordinary-glycolic-acid-7","status":"publish","type":"product","link":"https:\/\/jijitattoo.com\/?product=the-ordinary-glycolic-acid-7","title":{"rendered":"the ordinary glycolic acid 7%"},"content":{"rendered":"<p><strong>The Ordinary Glycolic Acid 7% Toning Solution \u2013 Lotion Tonique Exfoliante<\/strong><\/p>\n<p>Offrez un nouvel \u00e9clat \u00e0 votre peau avec la <strong>Glycolic Acid 7% Toning Solution<\/strong> de The Ordinary. Cette lotion tonique exfoliante douce \u00e9limine les cellules mortes, affine le grain de peau et ravive la luminosit\u00e9 du teint.<\/p>\n<p>Formul\u00e9e avec <strong>7 % d\u2019acide glycolique (AHA)<\/strong>, elle stimule le renouvellement cellulaire pour une peau plus lisse et uniforme. L\u2019ajout de <strong>racine de ginseng<\/strong>, <strong>alo\u00e9 vera<\/strong> et <strong>Tasmanian Pepperberry<\/strong> apaise et r\u00e9duit les irritations souvent associ\u00e9es aux acides exfoliants.<\/p>\n<p>\u2714 Exfolie en douceur pour une peau \u00e9clatante<br \/>\n\u2714 Am\u00e9liore la texture et le teint irr\u00e9gulier<br \/>\n\u2714 R\u00e9duit les taches, points noirs et pores visibles<br \/>\n\u2714 Convient aux peaux normales \u00e0 grasses (\u00e9viter sur peaux sensibles)<\/p>\n<p><strong>R\u00e9sultat :<\/strong> un teint plus clair, lumineux et une peau visiblement plus douce d\u00e8s les premi\u00e8res semaines d\u2019utilisation.<\/p>\n","protected":false},"excerpt":{"rendered":"<p>The Ordinary Glycolic Acid 7% Toning Solution \u2013 Lotion Tonique Exfoliante Offrez un nouvel \u00e9clat \u00e0 votre peau avec la Glycolic Acid 7% Toning Solution de The Ordinary. Cette lotion tonique exfoliante douce \u00e9limine les cellules mortes, affine le grain de peau et ravive la luminosit\u00e9 du teint. Formul\u00e9e avec 7 % d\u2019acide glycolique (AHA), [&hellip;]<\/p>\n","protected":false},"featured_media":2141,"comment_status":"open","ping_status":"closed","template":"","meta":[],"product_brand":[],"product_cat":[15],"product_tag":[],"class_list":{"0":"post-2137","1":"product","2":"type-product","3":"status-publish","4":"has-post-thumbnail","6":"product_cat-uncategorized","8":"first","9":"instock","10":"shipping-taxable","11":"product-type-simple"},"supplier_id":null,"supplier_sku":"","barcode":null,"atum_controlled":true,"out_stock_date":null,"out_stock_threshold":null,"inheritable":false,"inbound_stock":null,"stock_on_hold":0,"sold_today":0,"sales_last_days":0,"reserved_stock":null,"customer_returns":null,"warehouse_damage":null,"lost_in_post":null,"other_logs":null,"out_stock_days":0,"lost_sales":0,"has_location":false,"update_date":"2026-04-10T05:58:46","atum_locations":[],"atum_stock_status":"instock","restock_status":false,"low_stock_amount":"","sales_update_date":"2026-04-10T05:58:46","calc_backorders":null,"_links":{"self":[{"href":"https:\/\/jijitattoo.com\/index.php?rest_route=\/wp\/v2\/product\/2137","targetHints":{"allow":["GET"]}}],"collection":[{"href":"https:\/\/jijitattoo.com\/index.php?rest_route=\/wp\/v2\/product"}],"about":[{"href":"https:\/\/jijitattoo.com\/index.php?rest_route=\/wp\/v2\/types\/product"}],"replies":[{"embeddable":true,"href":"https:\/\/jijitattoo.com\/index.php?rest_route=%2Fwp%2Fv2%2Fcomments&post=2137"}],"wp:featuredmedia":[{"embeddable":true,"href":"https:\/\/jijitattoo.com\/index.php?rest_route=\/wp\/v2\/media\/2141"}],"wp:attachment":[{"href":"https:\/\/jijitattoo.com\/index.php?rest_route=%2Fwp%2Fv2%2Fmedia&parent=2137"}],"wp:term":[{"taxonomy":"product_brand","embeddable":true,"href":"https:\/\/jijitattoo.com\/index.php?rest_route=%2Fwp%2Fv2%2Fproduct_brand&post=2137"},{"taxonomy":"product_cat","embeddable":true,"href":"https:\/\/jijitattoo.com\/index.php?rest_route=%2Fwp%2Fv2%2Fproduct_cat&post=2137"},{"taxonomy":"product_tag","embeddable":true,"href":"https:\/\/jijitattoo.com\/index.php?rest_route=%2Fwp%2Fv2%2Fproduct_tag&post=2137"}],"curies":[{"name":"wp","href":"https:\/\/api.w.org\/{rel}","templated":true}]}}