{"id":2146,"date":"2025-10-23T07:23:23","date_gmt":"2025-10-23T07:23:23","guid":{"rendered":"https:\/\/jijitattoo.com\/?post_type=product&#038;p=2146"},"modified":"2025-10-23T07:23:23","modified_gmt":"2025-10-23T07:23:23","slug":"the-ordinary-niacinamide-10-zinc-1","status":"publish","type":"product","link":"https:\/\/jijitattoo.com\/?product=the-ordinary-niacinamide-10-zinc-1","title":{"rendered":"the ordinary niacinamide 10% + zinc 1%"},"content":{"rendered":"<p><strong>The Ordinary Niacinamide 10% + Zinc 1% \u2013 S\u00e9rum R\u00e9gulateur et Purifiant<\/strong><\/p>\n<p>\u00c9quilibrez et purifiez votre peau avec le <strong>Niacinamide 10% + Zinc 1%<\/strong> de The Ordinary. Ce s\u00e9rum culte agit en profondeur pour r\u00e9duire les imperfections, resserrer les pores et r\u00e9guler la production de s\u00e9bum sans dess\u00e9cher la peau.<\/p>\n<p>Sa formule hautement concentr\u00e9e en <strong>niacinamide (vitamine B3)<\/strong> aide \u00e0 am\u00e9liorer la texture du teint, \u00e0 att\u00e9nuer les taches et \u00e0 renforcer la barri\u00e8re cutan\u00e9e. Le <strong>zinc PCA<\/strong>, quant \u00e0 lui, apaise les inflammations et favorise la cicatrisation des imperfections pour une peau plus nette et \u00e9quilibr\u00e9e.<\/p>\n<p>\u2714 R\u00e9duit les boutons, points noirs et exc\u00e8s de s\u00e9bum<br \/>\n\u2714 Affine le grain de peau et resserre les pores<br \/>\n\u2714 Aide \u00e0 unifier le teint et \u00e0 pr\u00e9venir les imperfections<br \/>\n\u2714 Texture l\u00e9g\u00e8re, non grasse et sans parfum<br \/>\n\u2714 Convient \u00e0 tous les types de peau, particuli\u00e8rement les peaux mixtes \u00e0 grasses<\/p>\n<p><strong>R\u00e9sultat :<\/strong> une peau plus claire, lisse et visiblement plus saine jour apr\u00e8s jour.<\/p>\n<p>&nbsp;<\/p>\n","protected":false},"excerpt":{"rendered":"<p>The Ordinary Niacinamide 10% + Zinc 1% \u2013 S\u00e9rum R\u00e9gulateur et Purifiant \u00c9quilibrez et purifiez votre peau avec le Niacinamide 10% + Zinc 1% de The Ordinary. Ce s\u00e9rum culte agit en profondeur pour r\u00e9duire les imperfections, resserrer les pores et r\u00e9guler la production de s\u00e9bum sans dess\u00e9cher la peau. Sa formule hautement concentr\u00e9e en [&hellip;]<\/p>\n","protected":false},"featured_media":2147,"comment_status":"open","ping_status":"closed","template":"","meta":[],"product_brand":[],"product_cat":[15],"product_tag":[],"class_list":{"0":"post-2146","1":"product","2":"type-product","3":"status-publish","4":"has-post-thumbnail","6":"product_cat-uncategorized","8":"first","9":"instock","10":"shipping-taxable","11":"product-type-simple"},"supplier_id":null,"supplier_sku":"","barcode":null,"atum_controlled":true,"out_stock_date":null,"out_stock_threshold":null,"inheritable":false,"inbound_stock":null,"stock_on_hold":0,"sold_today":0,"sales_last_days":0,"reserved_stock":null,"customer_returns":null,"warehouse_damage":null,"lost_in_post":null,"other_logs":null,"out_stock_days":0,"lost_sales":0,"has_location":false,"update_date":"2026-04-10T05:58:46","atum_locations":[],"atum_stock_status":"instock","restock_status":false,"low_stock_amount":"","sales_update_date":"2026-04-10T05:58:46","calc_backorders":null,"_links":{"self":[{"href":"https:\/\/jijitattoo.com\/index.php?rest_route=\/wp\/v2\/product\/2146","targetHints":{"allow":["GET"]}}],"collection":[{"href":"https:\/\/jijitattoo.com\/index.php?rest_route=\/wp\/v2\/product"}],"about":[{"href":"https:\/\/jijitattoo.com\/index.php?rest_route=\/wp\/v2\/types\/product"}],"replies":[{"embeddable":true,"href":"https:\/\/jijitattoo.com\/index.php?rest_route=%2Fwp%2Fv2%2Fcomments&post=2146"}],"wp:featuredmedia":[{"embeddable":true,"href":"https:\/\/jijitattoo.com\/index.php?rest_route=\/wp\/v2\/media\/2147"}],"wp:attachment":[{"href":"https:\/\/jijitattoo.com\/index.php?rest_route=%2Fwp%2Fv2%2Fmedia&parent=2146"}],"wp:term":[{"taxonomy":"product_brand","embeddable":true,"href":"https:\/\/jijitattoo.com\/index.php?rest_route=%2Fwp%2Fv2%2Fproduct_brand&post=2146"},{"taxonomy":"product_cat","embeddable":true,"href":"https:\/\/jijitattoo.com\/index.php?rest_route=%2Fwp%2Fv2%2Fproduct_cat&post=2146"},{"taxonomy":"product_tag","embeddable":true,"href":"https:\/\/jijitattoo.com\/index.php?rest_route=%2Fwp%2Fv2%2Fproduct_tag&post=2146"}],"curies":[{"name":"wp","href":"https:\/\/api.w.org\/{rel}","templated":true}]}}