{"id":2169,"date":"2025-10-23T07:47:22","date_gmt":"2025-10-23T07:47:22","guid":{"rendered":"https:\/\/jijitattoo.com\/?post_type=product&#038;p=2169"},"modified":"2025-10-23T07:47:22","modified_gmt":"2025-10-23T07:47:22","slug":"anua-niacinamide-10-txa-4-serum","status":"publish","type":"product","link":"https:\/\/jijitattoo.com\/?product=anua-niacinamide-10-txa-4-serum","title":{"rendered":"anua niacinamide 10% + txa 4% serum"},"content":{"rendered":"<p><strong>ANUA Niacinamide 10% + TXA 4% Serum \u2013 S\u00e9rum \u00c9claircissant &amp; Uniformisant<\/strong><\/p>\n<p>Unifiez et illuminez votre teint avec le <strong>Niacinamide 10% + TXA 4% Serum<\/strong> de <strong>ANUA<\/strong>. Ce s\u00e9rum concentr\u00e9 cible les taches brunes, l\u2019hyperpigmentation et les irr\u00e9gularit\u00e9s du teint pour une peau visiblement plus lumineuse et uniforme.<\/p>\n<p>Sa formule associe <strong>niacinamide 10%<\/strong>, puissant r\u00e9gulateur de s\u00e9bum et illuminateur du teint, \u00e0 <strong>tranexamique acid (TXA) 4%<\/strong>, reconnu pour r\u00e9duire l\u2019apparence des taches et pr\u00e9venir leur r\u00e9apparition. Enrichi en <strong>extrait de plantes apaisantes<\/strong>, il aide \u00e0 calmer les irritations et \u00e0 renforcer la barri\u00e8re cutan\u00e9e.<\/p>\n<p>\u2714 R\u00e9duit visiblement les taches et uniformise le teint<br \/>\n\u2714 Apaise et renforce la peau sensible<br \/>\n\u2714 Lisse la texture de la peau et affine le grain<br \/>\n\u2714 Convient \u00e0 tous les types de peau, m\u00eame sensibles<\/p>\n<p><strong>R\u00e9sultat :<\/strong> une peau lumineuse, unifi\u00e9e et plus douce, avec un teint visiblement plus \u00e9clatant d\u00e8s les premi\u00e8res utilisations.<\/p>\n<p>&nbsp;<\/p>\n","protected":false},"excerpt":{"rendered":"<p>ANUA Niacinamide 10% + TXA 4% Serum \u2013 S\u00e9rum \u00c9claircissant &amp; Uniformisant Unifiez et illuminez votre teint avec le Niacinamide 10% + TXA 4% Serum de ANUA. Ce s\u00e9rum concentr\u00e9 cible les taches brunes, l\u2019hyperpigmentation et les irr\u00e9gularit\u00e9s du teint pour une peau visiblement plus lumineuse et uniforme. Sa formule associe niacinamide 10%, puissant r\u00e9gulateur [&hellip;]<\/p>\n","protected":false},"featured_media":2170,"comment_status":"open","ping_status":"closed","template":"","meta":[],"product_brand":[],"product_cat":[15],"product_tag":[],"class_list":{"0":"post-2169","1":"product","2":"type-product","3":"status-publish","4":"has-post-thumbnail","6":"product_cat-uncategorized","8":"first","9":"instock","10":"shipping-taxable","11":"product-type-simple"},"supplier_id":null,"supplier_sku":"","barcode":null,"atum_controlled":true,"out_stock_date":null,"out_stock_threshold":null,"inheritable":false,"inbound_stock":null,"stock_on_hold":0,"sold_today":0,"sales_last_days":0,"reserved_stock":null,"customer_returns":null,"warehouse_damage":null,"lost_in_post":null,"other_logs":null,"out_stock_days":0,"lost_sales":0,"has_location":false,"update_date":"2026-04-10T05:58:46","atum_locations":[],"atum_stock_status":"instock","restock_status":false,"low_stock_amount":"","sales_update_date":"2026-04-10T05:58:46","calc_backorders":null,"_links":{"self":[{"href":"https:\/\/jijitattoo.com\/index.php?rest_route=\/wp\/v2\/product\/2169","targetHints":{"allow":["GET"]}}],"collection":[{"href":"https:\/\/jijitattoo.com\/index.php?rest_route=\/wp\/v2\/product"}],"about":[{"href":"https:\/\/jijitattoo.com\/index.php?rest_route=\/wp\/v2\/types\/product"}],"replies":[{"embeddable":true,"href":"https:\/\/jijitattoo.com\/index.php?rest_route=%2Fwp%2Fv2%2Fcomments&post=2169"}],"wp:featuredmedia":[{"embeddable":true,"href":"https:\/\/jijitattoo.com\/index.php?rest_route=\/wp\/v2\/media\/2170"}],"wp:attachment":[{"href":"https:\/\/jijitattoo.com\/index.php?rest_route=%2Fwp%2Fv2%2Fmedia&parent=2169"}],"wp:term":[{"taxonomy":"product_brand","embeddable":true,"href":"https:\/\/jijitattoo.com\/index.php?rest_route=%2Fwp%2Fv2%2Fproduct_brand&post=2169"},{"taxonomy":"product_cat","embeddable":true,"href":"https:\/\/jijitattoo.com\/index.php?rest_route=%2Fwp%2Fv2%2Fproduct_cat&post=2169"},{"taxonomy":"product_tag","embeddable":true,"href":"https:\/\/jijitattoo.com\/index.php?rest_route=%2Fwp%2Fv2%2Fproduct_tag&post=2169"}],"curies":[{"name":"wp","href":"https:\/\/api.w.org\/{rel}","templated":true}]}}