{"id":2206,"date":"2025-12-27T18:29:21","date_gmt":"2025-12-27T18:29:21","guid":{"rendered":"https:\/\/jijitattoo.com\/?post_type=product&#038;p=2206"},"modified":"2025-12-27T18:36:22","modified_gmt":"2025-12-27T18:36:22","slug":"toner-cosrx-centella","status":"publish","type":"product","link":"https:\/\/jijitattoo.com\/?product=toner-cosrx-centella","title":{"rendered":"Toner Cosrx Centella"},"content":{"rendered":"<p><strong data-start=\"271\" data-end=\"314\">COSRX Centella Water Alcohol-Free Toner<\/strong> \u2013 sans alcool \u00e0 base d\u2019eau de feuille de <em data-start=\"371\" data-end=\"390\">Centella Asiatica<\/em>.<br \/>\nLe <strong data-start=\"471\" data-end=\"508\">Centella Water Alcohol-Free Toner<\/strong> est un tonique doux, l\u00e9ger et rafra\u00eechissant con\u00e7u pour calmer et hydrater la peau tout en respectant sa barri\u00e8re naturelle. Sa formule simple et minimaliste cible les rougeurs, irritations et sensations de tiraillement sans irriter la peau, car elle est <strong data-start=\"764\" data-end=\"803\">sans alcool et sans parfum agressif<\/strong>.<br \/>\nConvient particuli\u00e8rement aux <strong data-start=\"2905\" data-end=\"2973\">peaux sensibles, irrit\u00e9es, d\u00e9shydrat\u00e9es ou sujettes aux rougeurs<\/strong>, mais il est doux et adapt\u00e9 \u00e0 <strong data-start=\"3004\" data-end=\"3026\">tous types de peau<\/strong> gr\u00e2ce \u00e0 sa formule sans alcool et sans ingr\u00e9dients agressifs.<\/p>\n","protected":false},"excerpt":{"rendered":"<p>COSRX Centella Water Alcohol-Free Toner \u2013 sans alcool \u00e0 base d\u2019eau de feuille de Centella Asiatica. Le Centella Water Alcohol-Free Toner est un tonique doux, l\u00e9ger et rafra\u00eechissant con\u00e7u pour calmer et hydrater la peau tout en respectant sa barri\u00e8re naturelle. Sa formule simple et minimaliste cible les rougeurs, irritations et sensations de tiraillement sans [&hellip;]<\/p>\n","protected":false},"featured_media":2212,"comment_status":"open","ping_status":"closed","template":"","meta":[],"product_brand":[],"product_cat":[15],"product_tag":[],"class_list":{"0":"post-2206","1":"product","2":"type-product","3":"status-publish","4":"has-post-thumbnail","6":"product_cat-uncategorized","8":"first","9":"instock","10":"shipping-taxable","11":"purchasable","12":"product-type-simple"},"supplier_id":null,"supplier_sku":"","barcode":null,"atum_controlled":true,"out_stock_date":null,"out_stock_threshold":null,"inheritable":false,"inbound_stock":null,"stock_on_hold":0,"sold_today":0,"sales_last_days":0,"reserved_stock":null,"customer_returns":null,"warehouse_damage":null,"lost_in_post":null,"other_logs":null,"out_stock_days":0,"lost_sales":0,"has_location":false,"update_date":"2026-04-10T05:58:46","atum_locations":[],"atum_stock_status":"instock","restock_status":false,"low_stock_amount":"","sales_update_date":"2026-04-10T05:58:46","calc_backorders":null,"_links":{"self":[{"href":"https:\/\/jijitattoo.com\/index.php?rest_route=\/wp\/v2\/product\/2206","targetHints":{"allow":["GET"]}}],"collection":[{"href":"https:\/\/jijitattoo.com\/index.php?rest_route=\/wp\/v2\/product"}],"about":[{"href":"https:\/\/jijitattoo.com\/index.php?rest_route=\/wp\/v2\/types\/product"}],"replies":[{"embeddable":true,"href":"https:\/\/jijitattoo.com\/index.php?rest_route=%2Fwp%2Fv2%2Fcomments&post=2206"}],"wp:featuredmedia":[{"embeddable":true,"href":"https:\/\/jijitattoo.com\/index.php?rest_route=\/wp\/v2\/media\/2212"}],"wp:attachment":[{"href":"https:\/\/jijitattoo.com\/index.php?rest_route=%2Fwp%2Fv2%2Fmedia&parent=2206"}],"wp:term":[{"taxonomy":"product_brand","embeddable":true,"href":"https:\/\/jijitattoo.com\/index.php?rest_route=%2Fwp%2Fv2%2Fproduct_brand&post=2206"},{"taxonomy":"product_cat","embeddable":true,"href":"https:\/\/jijitattoo.com\/index.php?rest_route=%2Fwp%2Fv2%2Fproduct_cat&post=2206"},{"taxonomy":"product_tag","embeddable":true,"href":"https:\/\/jijitattoo.com\/index.php?rest_route=%2Fwp%2Fv2%2Fproduct_tag&post=2206"}],"curies":[{"name":"wp","href":"https:\/\/api.w.org\/{rel}","templated":true}]}}