{"id":2215,"date":"2025-12-27T18:41:41","date_gmt":"2025-12-27T18:41:41","guid":{"rendered":"https:\/\/jijitattoo.com\/?post_type=product&#038;p=2215"},"modified":"2025-12-27T18:41:41","modified_gmt":"2025-12-27T18:41:41","slug":"snail-96essence","status":"publish","type":"product","link":"https:\/\/jijitattoo.com\/?product=snail-96essence","title":{"rendered":"Snail 96Essence"},"content":{"rendered":"<p>Cette essence est un soin hydratant l\u00e9ger et nourrissant con\u00e7u pour <strong data-start=\"414\" data-end=\"541\">apporter une hydratation intense, renforcer la barri\u00e8re cutan\u00e9e, apaiser la peau et am\u00e9liorer l\u2019apparence g\u00e9n\u00e9rale du teint<\/strong>. Elle utilise une <strong data-start=\"560\" data-end=\"644\">concentration tr\u00e8s \u00e9lev\u00e9e de mucine d\u2019escargot (filtrat de s\u00e9cr\u00e9tion d\u2019escargot)<\/strong> \u2014 l\u2019ingr\u00e9dient star qui aide \u00e0 retenir l\u2019eau dans la peau, r\u00e9parer les zones endommag\u00e9es et lisser la texture cutan\u00e9e.<\/p>\n<p data-start=\"2976\" data-end=\"3026\">Convient \u00e0 <strong data-start=\"2987\" data-end=\"3013\">tous les types de peau<\/strong>, notamment :<\/p>\n<ul data-start=\"3027\" data-end=\"3242\">\n<li data-start=\"3027\" data-end=\"3062\">\n<p data-start=\"3029\" data-end=\"3062\">peaux <strong data-start=\"3035\" data-end=\"3051\">d\u00e9shydrat\u00e9es<\/strong> ou s\u00e8ches,<\/p>\n<\/li>\n<li data-start=\"3027\" data-end=\"3062\">\n<p data-start=\"3029\" data-end=\"3062\">peaux <strong data-start=\"3071\" data-end=\"3084\">sensibles<\/strong> ou irrit\u00e9es,<\/p>\n<\/li>\n<li data-start=\"3098\" data-end=\"3150\">\n<p data-start=\"3100\" data-end=\"3150\">peaux ayant des <strong data-start=\"3116\" data-end=\"3137\">marques post-acn\u00e9<\/strong> ou rougeurs,<\/p>\n<\/li>\n<li data-start=\"3151\" data-end=\"3242\">\n<p data-start=\"3153\" data-end=\"3242\">peaux cherchant plus de <strong data-start=\"3177\" data-end=\"3201\">glow et d\u2019\u00e9lasticit\u00e9<\/strong>.<\/p>\n<\/li>\n<\/ul>\n","protected":false},"excerpt":{"rendered":"<p>Cette essence est un soin hydratant l\u00e9ger et nourrissant con\u00e7u pour apporter une hydratation intense, renforcer la barri\u00e8re cutan\u00e9e, apaiser la peau et am\u00e9liorer l\u2019apparence g\u00e9n\u00e9rale du teint. Elle utilise une concentration tr\u00e8s \u00e9lev\u00e9e de mucine d\u2019escargot (filtrat de s\u00e9cr\u00e9tion d\u2019escargot) \u2014 l\u2019ingr\u00e9dient star qui aide \u00e0 retenir l\u2019eau dans la peau, r\u00e9parer les zones [&hellip;]<\/p>\n","protected":false},"featured_media":2202,"comment_status":"open","ping_status":"closed","template":"","meta":[],"product_brand":[],"product_cat":[15],"product_tag":[],"class_list":{"0":"post-2215","1":"product","2":"type-product","3":"status-publish","4":"has-post-thumbnail","6":"product_cat-uncategorized","8":"first","9":"instock","10":"shipping-taxable","11":"purchasable","12":"product-type-simple"},"supplier_id":null,"supplier_sku":"","barcode":null,"atum_controlled":true,"out_stock_date":null,"out_stock_threshold":null,"inheritable":false,"inbound_stock":null,"stock_on_hold":0,"sold_today":0,"sales_last_days":0,"reserved_stock":null,"customer_returns":null,"warehouse_damage":null,"lost_in_post":null,"other_logs":null,"out_stock_days":0,"lost_sales":0,"has_location":false,"update_date":"2026-04-10T05:58:46","atum_locations":[],"atum_stock_status":"instock","restock_status":false,"low_stock_amount":"","sales_update_date":"2026-04-10T05:58:46","calc_backorders":null,"_links":{"self":[{"href":"https:\/\/jijitattoo.com\/index.php?rest_route=\/wp\/v2\/product\/2215","targetHints":{"allow":["GET"]}}],"collection":[{"href":"https:\/\/jijitattoo.com\/index.php?rest_route=\/wp\/v2\/product"}],"about":[{"href":"https:\/\/jijitattoo.com\/index.php?rest_route=\/wp\/v2\/types\/product"}],"replies":[{"embeddable":true,"href":"https:\/\/jijitattoo.com\/index.php?rest_route=%2Fwp%2Fv2%2Fcomments&post=2215"}],"wp:featuredmedia":[{"embeddable":true,"href":"https:\/\/jijitattoo.com\/index.php?rest_route=\/wp\/v2\/media\/2202"}],"wp:attachment":[{"href":"https:\/\/jijitattoo.com\/index.php?rest_route=%2Fwp%2Fv2%2Fmedia&parent=2215"}],"wp:term":[{"taxonomy":"product_brand","embeddable":true,"href":"https:\/\/jijitattoo.com\/index.php?rest_route=%2Fwp%2Fv2%2Fproduct_brand&post=2215"},{"taxonomy":"product_cat","embeddable":true,"href":"https:\/\/jijitattoo.com\/index.php?rest_route=%2Fwp%2Fv2%2Fproduct_cat&post=2215"},{"taxonomy":"product_tag","embeddable":true,"href":"https:\/\/jijitattoo.com\/index.php?rest_route=%2Fwp%2Fv2%2Fproduct_tag&post=2215"}],"curies":[{"name":"wp","href":"https:\/\/api.w.org\/{rel}","templated":true}]}}