{"id":2217,"date":"2025-12-27T18:49:10","date_gmt":"2025-12-27T18:49:10","guid":{"rendered":"https:\/\/jijitattoo.com\/?post_type=product&#038;p=2217"},"modified":"2025-12-27T18:49:10","modified_gmt":"2025-12-27T18:49:10","slug":"cosrx-aha-bha-toner","status":"publish","type":"product","link":"https:\/\/jijitattoo.com\/?product=cosrx-aha-bha-toner","title":{"rendered":"Cosrx AHA\/BHA Toner"},"content":{"rendered":"<p>Ce toner combine <strong data-start=\"429\" data-end=\"456\">acides doux (AHA &amp; BHA)<\/strong> avec des eaux v\u00e9g\u00e9tales purifiantes pour <strong data-start=\"498\" data-end=\"589\">exfolier l\u00e9g\u00e8rement la peau, \u00e9liminer les cellules mortes et aider \u00e0 purifier les pores<\/strong>. Il agit comme un soin <strong data-start=\"613\" data-end=\"646\">tonique + exfoliant quotidien<\/strong> qui pr\u00e9pare la peau \u00e0 mieux absorber les soins suivants et favorise un teint plus <strong data-start=\"729\" data-end=\"755\">lisse, net et lumineux<\/strong>.<br \/>\nConvient \u00e0 <strong data-start=\"3423\" data-end=\"3449\">tous les types de peau<\/strong>, notamment celles qui veulent <strong data-start=\"3480\" data-end=\"3566\">une exfoliation l\u00e9g\u00e8re, pores plus nets, texture plus lisse et teint plus lumineux<\/strong>.<\/p>\n","protected":false},"excerpt":{"rendered":"<p>Ce toner combine acides doux (AHA &amp; BHA) avec des eaux v\u00e9g\u00e9tales purifiantes pour exfolier l\u00e9g\u00e8rement la peau, \u00e9liminer les cellules mortes et aider \u00e0 purifier les pores. Il agit comme un soin tonique + exfoliant quotidien qui pr\u00e9pare la peau \u00e0 mieux absorber les soins suivants et favorise un teint plus lisse, net et [&hellip;]<\/p>\n","protected":false},"featured_media":2218,"comment_status":"open","ping_status":"closed","template":"","meta":[],"product_brand":[],"product_cat":[15],"product_tag":[],"class_list":{"0":"post-2217","1":"product","2":"type-product","3":"status-publish","4":"has-post-thumbnail","6":"product_cat-uncategorized","8":"first","9":"instock","10":"shipping-taxable","11":"purchasable","12":"product-type-simple"},"supplier_id":null,"supplier_sku":"","barcode":null,"atum_controlled":true,"out_stock_date":null,"out_stock_threshold":null,"inheritable":false,"inbound_stock":null,"stock_on_hold":0,"sold_today":0,"sales_last_days":0,"reserved_stock":null,"customer_returns":null,"warehouse_damage":null,"lost_in_post":null,"other_logs":null,"out_stock_days":0,"lost_sales":0,"has_location":false,"update_date":"2026-04-10T05:58:46","atum_locations":[],"atum_stock_status":"instock","restock_status":false,"low_stock_amount":"","sales_update_date":"2026-04-10T05:58:46","calc_backorders":null,"_links":{"self":[{"href":"https:\/\/jijitattoo.com\/index.php?rest_route=\/wp\/v2\/product\/2217","targetHints":{"allow":["GET"]}}],"collection":[{"href":"https:\/\/jijitattoo.com\/index.php?rest_route=\/wp\/v2\/product"}],"about":[{"href":"https:\/\/jijitattoo.com\/index.php?rest_route=\/wp\/v2\/types\/product"}],"replies":[{"embeddable":true,"href":"https:\/\/jijitattoo.com\/index.php?rest_route=%2Fwp%2Fv2%2Fcomments&post=2217"}],"wp:featuredmedia":[{"embeddable":true,"href":"https:\/\/jijitattoo.com\/index.php?rest_route=\/wp\/v2\/media\/2218"}],"wp:attachment":[{"href":"https:\/\/jijitattoo.com\/index.php?rest_route=%2Fwp%2Fv2%2Fmedia&parent=2217"}],"wp:term":[{"taxonomy":"product_brand","embeddable":true,"href":"https:\/\/jijitattoo.com\/index.php?rest_route=%2Fwp%2Fv2%2Fproduct_brand&post=2217"},{"taxonomy":"product_cat","embeddable":true,"href":"https:\/\/jijitattoo.com\/index.php?rest_route=%2Fwp%2Fv2%2Fproduct_cat&post=2217"},{"taxonomy":"product_tag","embeddable":true,"href":"https:\/\/jijitattoo.com\/index.php?rest_route=%2Fwp%2Fv2%2Fproduct_tag&post=2217"}],"curies":[{"name":"wp","href":"https:\/\/api.w.org\/{rel}","templated":true}]}}