{"id":2221,"date":"2025-12-27T18:54:57","date_gmt":"2025-12-27T18:54:57","guid":{"rendered":"https:\/\/jijitattoo.com\/?post_type=product&#038;p=2221"},"modified":"2025-12-27T19:17:17","modified_gmt":"2025-12-27T19:17:17","slug":"snail-92-cosrx","status":"publish","type":"product","link":"https:\/\/jijitattoo.com\/?product=snail-92-cosrx","title":{"rendered":"Snail 92 Cosrx"},"content":{"rendered":"<p>La <strong data-start=\"349\" data-end=\"378\">Snail 92 All in One Cream<\/strong> est une cr\u00e8me visage l\u00e9g\u00e8re qui combine <strong data-start=\"419\" data-end=\"477\">hydratation profonde, r\u00e9paration cutan\u00e9e et apaisement<\/strong> dans une seule formule. Elle est con\u00e7ue pour am\u00e9liorer l\u2019\u00e9lasticit\u00e9 de la peau, renforcer la barri\u00e8re cutan\u00e9e et laisser la peau <strong data-start=\"607\" data-end=\"639\">douce, rebondie et lumineuse<\/strong> sans sensation lourde ou grasse.<\/p>\n<p data-start=\"2797\" data-end=\"2847\">Convient \u00e0 <strong data-start=\"2808\" data-end=\"2834\">tous les types de peau<\/strong>, y compris :<\/p>\n<ul data-start=\"2848\" data-end=\"3299\">\n<li data-start=\"2848\" data-end=\"2944\">\n<p data-start=\"2850\" data-end=\"2944\"><strong data-start=\"2850\" data-end=\"2881\">Peaux sensibles ou irrit\u00e9es<\/strong>, gr\u00e2ce \u00e0 sa douceur.<\/p>\n<\/li>\n<li data-start=\"2848\" data-end=\"2944\">\n<p data-start=\"2850\" data-end=\"2944\"><strong data-start=\"2947\" data-end=\"2979\">Peaux s\u00e8ches ou d\u00e9shydrat\u00e9es<\/strong> qui ont besoin d\u2019hydratation longue dur\u00e9e.<\/p>\n<\/li>\n<li data-start=\"3065\" data-end=\"3192\">\n<p data-start=\"3067\" data-end=\"3192\"><strong data-start=\"3067\" data-end=\"3099\">Peaux matures ou d\u00e9but d\u2019\u00e2ge<\/strong> d\u00e9sirant plus d\u2019\u00e9lasticit\u00e9 et un teint plus lisse.<\/p>\n<\/li>\n<li data-start=\"3193\" data-end=\"3299\">\n<p data-start=\"3195\" data-end=\"3299\"><strong data-start=\"3195\" data-end=\"3221\">Peaux mixtes \u00e0 grasses<\/strong> \u00e9galement, gr\u00e2ce \u00e0 sa texture l\u00e9g\u00e8re.<\/p>\n<\/li>\n<\/ul>\n","protected":false},"excerpt":{"rendered":"<p>La Snail 92 All in One Cream est une cr\u00e8me visage l\u00e9g\u00e8re qui combine hydratation profonde, r\u00e9paration cutan\u00e9e et apaisement dans une seule formule. Elle est con\u00e7ue pour am\u00e9liorer l\u2019\u00e9lasticit\u00e9 de la peau, renforcer la barri\u00e8re cutan\u00e9e et laisser la peau douce, rebondie et lumineuse sans sensation lourde ou grasse. Convient \u00e0 tous les types [&hellip;]<\/p>\n","protected":false},"featured_media":2222,"comment_status":"open","ping_status":"closed","template":"","meta":[],"product_brand":[],"product_cat":[15],"product_tag":[],"class_list":{"0":"post-2221","1":"product","2":"type-product","3":"status-publish","4":"has-post-thumbnail","6":"product_cat-uncategorized","8":"first","9":"outofstock","10":"shipping-taxable","11":"purchasable","12":"product-type-simple"},"supplier_id":null,"supplier_sku":"","barcode":null,"atum_controlled":true,"out_stock_date":"2025-12-27 19:05:43","out_stock_threshold":null,"inheritable":false,"inbound_stock":null,"stock_on_hold":0,"sold_today":0,"sales_last_days":0,"reserved_stock":null,"customer_returns":null,"warehouse_damage":null,"lost_in_post":null,"other_logs":null,"out_stock_days":103,"lost_sales":0,"has_location":false,"update_date":"2026-04-10T05:58:46","atum_locations":[],"atum_stock_status":"outofstock","restock_status":false,"low_stock_amount":"","sales_update_date":"2026-04-10T05:58:46","calc_backorders":null,"_links":{"self":[{"href":"https:\/\/jijitattoo.com\/index.php?rest_route=\/wp\/v2\/product\/2221","targetHints":{"allow":["GET"]}}],"collection":[{"href":"https:\/\/jijitattoo.com\/index.php?rest_route=\/wp\/v2\/product"}],"about":[{"href":"https:\/\/jijitattoo.com\/index.php?rest_route=\/wp\/v2\/types\/product"}],"replies":[{"embeddable":true,"href":"https:\/\/jijitattoo.com\/index.php?rest_route=%2Fwp%2Fv2%2Fcomments&post=2221"}],"wp:featuredmedia":[{"embeddable":true,"href":"https:\/\/jijitattoo.com\/index.php?rest_route=\/wp\/v2\/media\/2222"}],"wp:attachment":[{"href":"https:\/\/jijitattoo.com\/index.php?rest_route=%2Fwp%2Fv2%2Fmedia&parent=2221"}],"wp:term":[{"taxonomy":"product_brand","embeddable":true,"href":"https:\/\/jijitattoo.com\/index.php?rest_route=%2Fwp%2Fv2%2Fproduct_brand&post=2221"},{"taxonomy":"product_cat","embeddable":true,"href":"https:\/\/jijitattoo.com\/index.php?rest_route=%2Fwp%2Fv2%2Fproduct_cat&post=2221"},{"taxonomy":"product_tag","embeddable":true,"href":"https:\/\/jijitattoo.com\/index.php?rest_route=%2Fwp%2Fv2%2Fproduct_tag&post=2221"}],"curies":[{"name":"wp","href":"https:\/\/api.w.org\/{rel}","templated":true}]}}