{"id":2229,"date":"2025-12-27T19:16:07","date_gmt":"2025-12-27T19:16:07","guid":{"rendered":"https:\/\/jijitattoo.com\/?post_type=product&#038;p=2229"},"modified":"2025-12-27T19:16:07","modified_gmt":"2025-12-27T19:16:07","slug":"creme-au-riz-im-from","status":"publish","type":"product","link":"https:\/\/jijitattoo.com\/?product=creme-au-riz-im-from","title":{"rendered":"Cr\u00e8me au riz I&rsquo;m FROM"},"content":{"rendered":"<p>La <strong data-start=\"441\" data-end=\"455\">Rice Cream<\/strong> de <em data-start=\"459\" data-end=\"469\">I\u2019m From<\/em> est une cr\u00e8me visage <strong data-start=\"491\" data-end=\"536\">nourrissante, hydratante et revitalisante<\/strong> formul\u00e9e avec <strong data-start=\"551\" data-end=\"583\">41 % d\u2019extrait de son de riz<\/strong> \u2014 un ingr\u00e9dient naturel riche en c\u00e9ramides, vitamines et antioxydants. Elle aide \u00e0 <strong data-start=\"667\" data-end=\"785\">renforcer la barri\u00e8re cutan\u00e9e, retenir l\u2019eau dans la peau, \u00e9quilibrer la production de s\u00e9bum et illuminer le teint<\/strong>, tout en laissant une texture <strong data-start=\"816\" data-end=\"841\">soyeuse et non grasse<\/strong>.<\/p>\n<p data-start=\"2745\" data-end=\"2803\">Convient \u00e0 <strong data-start=\"2759\" data-end=\"2785\">tous les types de peau<\/strong>, en particulier :<\/p>\n<ul data-start=\"2804\" data-end=\"3202\">\n<li data-start=\"2804\" data-end=\"2931\">\n<p data-start=\"2806\" data-end=\"2931\"><strong data-start=\"2806\" data-end=\"2849\">Peaux normales \u00e0 s\u00e8ches ou d\u00e9shydrat\u00e9es<\/strong>, qui ont besoin d\u2019hydratation profonde.<\/p>\n<\/li>\n<li data-start=\"2932\" data-end=\"3068\">\n<p data-start=\"2934\" data-end=\"3068\"><strong data-start=\"2934\" data-end=\"2950\">Peaux ternes<\/strong> ou sujettes aux rougeurs, gr\u00e2ce \u00e0 l\u2019effet apaisant et \u00e9claircissant du riz.<\/p>\n<\/li>\n<li data-start=\"3069\" data-end=\"3202\">\n<p data-start=\"3071\" data-end=\"3202\"><strong data-start=\"3071\" data-end=\"3097\">Peaux mixtes \u00e0 grasses<\/strong>, car elle aide \u00e0 r\u00e9guler l\u2019exc\u00e8s de s\u00e9bum sans alourdir la peau.<\/p>\n<\/li>\n<\/ul>\n","protected":false},"excerpt":{"rendered":"<p>La Rice Cream de I\u2019m From est une cr\u00e8me visage nourrissante, hydratante et revitalisante formul\u00e9e avec 41 % d\u2019extrait de son de riz \u2014 un ingr\u00e9dient naturel riche en c\u00e9ramides, vitamines et antioxydants. Elle aide \u00e0 renforcer la barri\u00e8re cutan\u00e9e, retenir l\u2019eau dans la peau, \u00e9quilibrer la production de s\u00e9bum et illuminer le teint, tout [&hellip;]<\/p>\n","protected":false},"featured_media":2230,"comment_status":"open","ping_status":"closed","template":"","meta":[],"product_brand":[],"product_cat":[15],"product_tag":[],"class_list":{"0":"post-2229","1":"product","2":"type-product","3":"status-publish","4":"has-post-thumbnail","6":"product_cat-uncategorized","8":"first","9":"outofstock","10":"shipping-taxable","11":"purchasable","12":"product-type-simple"},"supplier_id":null,"supplier_sku":"","barcode":null,"atum_controlled":true,"out_stock_date":null,"out_stock_threshold":null,"inheritable":false,"inbound_stock":null,"stock_on_hold":0,"sold_today":0,"sales_last_days":0,"reserved_stock":null,"customer_returns":null,"warehouse_damage":null,"lost_in_post":null,"other_logs":null,"out_stock_days":0,"lost_sales":0,"has_location":false,"update_date":"2026-04-10T05:58:46","atum_locations":[],"atum_stock_status":"outofstock","restock_status":false,"low_stock_amount":"","sales_update_date":"2026-04-10T05:58:46","calc_backorders":null,"_links":{"self":[{"href":"https:\/\/jijitattoo.com\/index.php?rest_route=\/wp\/v2\/product\/2229","targetHints":{"allow":["GET"]}}],"collection":[{"href":"https:\/\/jijitattoo.com\/index.php?rest_route=\/wp\/v2\/product"}],"about":[{"href":"https:\/\/jijitattoo.com\/index.php?rest_route=\/wp\/v2\/types\/product"}],"replies":[{"embeddable":true,"href":"https:\/\/jijitattoo.com\/index.php?rest_route=%2Fwp%2Fv2%2Fcomments&post=2229"}],"wp:featuredmedia":[{"embeddable":true,"href":"https:\/\/jijitattoo.com\/index.php?rest_route=\/wp\/v2\/media\/2230"}],"wp:attachment":[{"href":"https:\/\/jijitattoo.com\/index.php?rest_route=%2Fwp%2Fv2%2Fmedia&parent=2229"}],"wp:term":[{"taxonomy":"product_brand","embeddable":true,"href":"https:\/\/jijitattoo.com\/index.php?rest_route=%2Fwp%2Fv2%2Fproduct_brand&post=2229"},{"taxonomy":"product_cat","embeddable":true,"href":"https:\/\/jijitattoo.com\/index.php?rest_route=%2Fwp%2Fv2%2Fproduct_cat&post=2229"},{"taxonomy":"product_tag","embeddable":true,"href":"https:\/\/jijitattoo.com\/index.php?rest_route=%2Fwp%2Fv2%2Fproduct_tag&post=2229"}],"curies":[{"name":"wp","href":"https:\/\/api.w.org\/{rel}","templated":true}]}}