{"id":2238,"date":"2025-12-27T19:32:44","date_gmt":"2025-12-27T19:32:44","guid":{"rendered":"https:\/\/jijitattoo.com\/?post_type=product&#038;p=2238"},"modified":"2025-12-27T19:50:25","modified_gmt":"2025-12-27T19:50:25","slug":"creme-visage-beauty-of-j","status":"publish","type":"product","link":"https:\/\/jijitattoo.com\/?product=creme-visage-beauty-of-j","title":{"rendered":"Cr\u00e8me visage beauty of J"},"content":{"rendered":"<p>La <strong data-start=\"417\" data-end=\"451\">Beauty of Joseon Dynasty Cream<\/strong> est une <strong data-start=\"460\" data-end=\"516\">cr\u00e8me pour le visage \u00e0 texture riche mais non grasse<\/strong>, con\u00e7ue pour <strong data-start=\"530\" data-end=\"599\">hydrater profond\u00e9ment, nourrir la peau et lui redonner de l\u2019\u00e9clat<\/strong> tout en respectant sa barri\u00e8re naturelle. Elle est inspir\u00e9e des recettes traditionnelles cor\u00e9ennes (<em data-start=\"700\" data-end=\"709\">Hanbang<\/em>) et combine des ingr\u00e9dients naturels comme l\u2019eau de son de riz, le ginseng, la niacinamide et le squalane pour une <strong data-start=\"825\" data-end=\"889\">hydratation longue dur\u00e9e et une peau plus saine et lumineuse<\/strong>.<\/p>\n<p><strong data-start=\"3007\" data-end=\"3029\">Tous types de peau<\/strong>, y compris normales, mixtes, s\u00e8ches ou sensibles, gr\u00e2ce \u00e0 sa formule douce et \u00e9quilibr\u00e9e.\u00a0<br data-start=\"3159\" data-end=\"3162\" \/>\u00a0Particuli\u00e8rement utile pour <strong data-start=\"3193\" data-end=\"3215\">peaux d\u00e9shydrat\u00e9es<\/strong> ou ternes qui ont besoin d\u2019hydratation et d\u2019\u00e9clat.<\/p>\n","protected":false},"excerpt":{"rendered":"<p>La Beauty of Joseon Dynasty Cream est une cr\u00e8me pour le visage \u00e0 texture riche mais non grasse, con\u00e7ue pour hydrater profond\u00e9ment, nourrir la peau et lui redonner de l\u2019\u00e9clat tout en respectant sa barri\u00e8re naturelle. Elle est inspir\u00e9e des recettes traditionnelles cor\u00e9ennes (Hanbang) et combine des ingr\u00e9dients naturels comme l\u2019eau de son de riz, [&hellip;]<\/p>\n","protected":false},"featured_media":2239,"comment_status":"open","ping_status":"closed","template":"","meta":[],"product_brand":[],"product_cat":[15],"product_tag":[],"class_list":{"0":"post-2238","1":"product","2":"type-product","3":"status-publish","4":"has-post-thumbnail","6":"product_cat-uncategorized","8":"first","9":"instock","10":"shipping-taxable","11":"purchasable","12":"product-type-simple"},"supplier_id":null,"supplier_sku":"","barcode":null,"atum_controlled":true,"out_stock_date":null,"out_stock_threshold":null,"inheritable":false,"inbound_stock":null,"stock_on_hold":0,"sold_today":0,"sales_last_days":0,"reserved_stock":null,"customer_returns":null,"warehouse_damage":null,"lost_in_post":null,"other_logs":null,"out_stock_days":0,"lost_sales":0,"has_location":false,"update_date":"2026-04-10T05:58:46","atum_locations":[],"atum_stock_status":"instock","restock_status":false,"low_stock_amount":"","sales_update_date":"2026-04-10T05:58:46","calc_backorders":null,"_links":{"self":[{"href":"https:\/\/jijitattoo.com\/index.php?rest_route=\/wp\/v2\/product\/2238","targetHints":{"allow":["GET"]}}],"collection":[{"href":"https:\/\/jijitattoo.com\/index.php?rest_route=\/wp\/v2\/product"}],"about":[{"href":"https:\/\/jijitattoo.com\/index.php?rest_route=\/wp\/v2\/types\/product"}],"replies":[{"embeddable":true,"href":"https:\/\/jijitattoo.com\/index.php?rest_route=%2Fwp%2Fv2%2Fcomments&post=2238"}],"wp:featuredmedia":[{"embeddable":true,"href":"https:\/\/jijitattoo.com\/index.php?rest_route=\/wp\/v2\/media\/2239"}],"wp:attachment":[{"href":"https:\/\/jijitattoo.com\/index.php?rest_route=%2Fwp%2Fv2%2Fmedia&parent=2238"}],"wp:term":[{"taxonomy":"product_brand","embeddable":true,"href":"https:\/\/jijitattoo.com\/index.php?rest_route=%2Fwp%2Fv2%2Fproduct_brand&post=2238"},{"taxonomy":"product_cat","embeddable":true,"href":"https:\/\/jijitattoo.com\/index.php?rest_route=%2Fwp%2Fv2%2Fproduct_cat&post=2238"},{"taxonomy":"product_tag","embeddable":true,"href":"https:\/\/jijitattoo.com\/index.php?rest_route=%2Fwp%2Fv2%2Fproduct_tag&post=2238"}],"curies":[{"name":"wp","href":"https:\/\/api.w.org\/{rel}","templated":true}]}}