{"id":2250,"date":"2025-12-27T20:00:48","date_gmt":"2025-12-27T20:00:48","guid":{"rendered":"https:\/\/jijitattoo.com\/?post_type=product&#038;p=2250"},"modified":"2025-12-27T20:00:48","modified_gmt":"2025-12-27T20:00:48","slug":"faded-topicals","status":"publish","type":"product","link":"https:\/\/jijitattoo.com\/?product=faded-topicals","title":{"rendered":"Faded Topicals"},"content":{"rendered":"<p data-start=\"396\" data-end=\"782\"><em data-start=\"396\" data-end=\"403\">Faded<\/em> est un <strong data-start=\"411\" data-end=\"444\">traitement cibl\u00e9 pour la peau<\/strong>, pr\u00e9sent\u00e9 sous une <strong data-start=\"464\" data-end=\"492\">texture gel\u2011cr\u00e8me l\u00e9g\u00e8re<\/strong> qui p\u00e9n\u00e8tre rapidement sans laisser de film gras. Il est formul\u00e9 pour <strong data-start=\"563\" data-end=\"691\">r\u00e9duire visuellement l\u2019apparence des taches pigmentaires, des marques post\u2011acn\u00e9, des cicatrices et des zones de d\u00e9coloration<\/strong> tout en am\u00e9liorant l\u2019uniformit\u00e9 et l\u2019\u00e9clat du teint.<\/p>\n<p data-start=\"396\" data-end=\"782\">Id\u00e9al pour les personnes qui veulent <strong data-start=\"3512\" data-end=\"3614\">cibler les taches pigmentaires, marques post\u2011acn\u00e9, irr\u00e9gularit\u00e9s du teint et zones de d\u00e9coloration<\/strong>.<br data-start=\"3655\" data-end=\"3658\" \/>\u00a0Convient m\u00eame aux <strong data-start=\"3678\" data-end=\"3697\">peaux sensibles<\/strong>, car il est g\u00e9n\u00e9ralement formul\u00e9 sans parfum et sans ingr\u00e9dients agressifs.\u00a0<br data-start=\"3813\" data-end=\"3816\" \/><strong data-start=\"3819\" data-end=\"3832\">Attention<\/strong> : toujours utiliser avec une protection solaire pour prot\u00e9ger les zones trait\u00e9es.<\/p>\n","protected":false},"excerpt":{"rendered":"<p>Faded est un traitement cibl\u00e9 pour la peau, pr\u00e9sent\u00e9 sous une texture gel\u2011cr\u00e8me l\u00e9g\u00e8re qui p\u00e9n\u00e8tre rapidement sans laisser de film gras. Il est formul\u00e9 pour r\u00e9duire visuellement l\u2019apparence des taches pigmentaires, des marques post\u2011acn\u00e9, des cicatrices et des zones de d\u00e9coloration tout en am\u00e9liorant l\u2019uniformit\u00e9 et l\u2019\u00e9clat du teint. Id\u00e9al pour les personnes qui [&hellip;]<\/p>\n","protected":false},"featured_media":2251,"comment_status":"open","ping_status":"closed","template":"","meta":[],"product_brand":[],"product_cat":[15],"product_tag":[],"class_list":{"0":"post-2250","1":"product","2":"type-product","3":"status-publish","4":"has-post-thumbnail","6":"product_cat-uncategorized","8":"first","9":"instock","10":"shipping-taxable","11":"purchasable","12":"product-type-simple"},"supplier_id":null,"supplier_sku":"","barcode":null,"atum_controlled":true,"out_stock_date":null,"out_stock_threshold":null,"inheritable":false,"inbound_stock":null,"stock_on_hold":0,"sold_today":0,"sales_last_days":0,"reserved_stock":null,"customer_returns":null,"warehouse_damage":null,"lost_in_post":null,"other_logs":null,"out_stock_days":0,"lost_sales":0,"has_location":false,"update_date":"2026-04-10T05:58:46","atum_locations":[],"atum_stock_status":"instock","restock_status":false,"low_stock_amount":"","sales_update_date":"2026-04-10T05:58:46","calc_backorders":null,"_links":{"self":[{"href":"https:\/\/jijitattoo.com\/index.php?rest_route=\/wp\/v2\/product\/2250","targetHints":{"allow":["GET"]}}],"collection":[{"href":"https:\/\/jijitattoo.com\/index.php?rest_route=\/wp\/v2\/product"}],"about":[{"href":"https:\/\/jijitattoo.com\/index.php?rest_route=\/wp\/v2\/types\/product"}],"replies":[{"embeddable":true,"href":"https:\/\/jijitattoo.com\/index.php?rest_route=%2Fwp%2Fv2%2Fcomments&post=2250"}],"wp:featuredmedia":[{"embeddable":true,"href":"https:\/\/jijitattoo.com\/index.php?rest_route=\/wp\/v2\/media\/2251"}],"wp:attachment":[{"href":"https:\/\/jijitattoo.com\/index.php?rest_route=%2Fwp%2Fv2%2Fmedia&parent=2250"}],"wp:term":[{"taxonomy":"product_brand","embeddable":true,"href":"https:\/\/jijitattoo.com\/index.php?rest_route=%2Fwp%2Fv2%2Fproduct_brand&post=2250"},{"taxonomy":"product_cat","embeddable":true,"href":"https:\/\/jijitattoo.com\/index.php?rest_route=%2Fwp%2Fv2%2Fproduct_cat&post=2250"},{"taxonomy":"product_tag","embeddable":true,"href":"https:\/\/jijitattoo.com\/index.php?rest_route=%2Fwp%2Fv2%2Fproduct_tag&post=2250"}],"curies":[{"name":"wp","href":"https:\/\/api.w.org\/{rel}","templated":true}]}}