{"id":2254,"date":"2025-12-27T20:09:01","date_gmt":"2025-12-27T20:09:01","guid":{"rendered":"https:\/\/jijitattoo.com\/?post_type=product&#038;p=2254"},"modified":"2025-12-27T20:09:01","modified_gmt":"2025-12-27T20:09:01","slug":"niacinamide-good-molecule","status":"publish","type":"product","link":"https:\/\/jijitattoo.com\/?product=niacinamide-good-molecule","title":{"rendered":"Niacinamide Good Molecule"},"content":{"rendered":"<p>Ce s\u00e9rum est formul\u00e9 pour <strong data-start=\"439\" data-end=\"484\">refiner le teint et la texture de la peau<\/strong>, r\u00e9duire l\u2019apparence des <strong data-start=\"510\" data-end=\"527\">pores dilat\u00e9s<\/strong>, uniformiser le teint et apporter un <strong data-start=\"565\" data-end=\"596\">\u00e9clat plus sain et lumineux<\/strong>. Sa texture est <strong data-start=\"613\" data-end=\"637\">l\u00e9g\u00e8re, \u00e0 base d\u2019eau<\/strong>, ce qui le rend facile \u00e0 superposer \u00e0 d\u2019autres produits ou au maquillage.<\/p>\n<p data-start=\"788\" data-end=\"1407\">\u2714\ufe0f <strong data-start=\"914\" data-end=\"937\">Uniformise le teint<\/strong> et am\u00e9liore l\u2019\u00e9clat g\u00e9n\u00e9ral de la peau.<br data-start=\"1015\" data-end=\"1018\" \/>\u2714\ufe0f <strong data-start=\"1021\" data-end=\"1064\">Hydrate et renforce la barri\u00e8re cutan\u00e9e<\/strong>, aidant \u00e0 limiter la perte d\u2019eau.\u00a0<br data-start=\"1136\" data-end=\"1139\" \/>\u2714\ufe0f <strong data-start=\"1142\" data-end=\"1177\">Am\u00e9liore la texture irr\u00e9guli\u00e8re<\/strong> et peut aider \u00e0 r\u00e9duire les imperfections caus\u00e9es par l\u2019exc\u00e8s de s\u00e9bum.<br data-start=\"1287\" data-end=\"1290\" \/>\u2714\ufe0f <strong data-start=\"1293\" data-end=\"1311\">Formule l\u00e9g\u00e8re<\/strong> qui s\u2019int\u00e8gre facilement sous les soins et le maquillage.<\/p>\n","protected":false},"excerpt":{"rendered":"<p>Ce s\u00e9rum est formul\u00e9 pour refiner le teint et la texture de la peau, r\u00e9duire l\u2019apparence des pores dilat\u00e9s, uniformiser le teint et apporter un \u00e9clat plus sain et lumineux. Sa texture est l\u00e9g\u00e8re, \u00e0 base d\u2019eau, ce qui le rend facile \u00e0 superposer \u00e0 d\u2019autres produits ou au maquillage. \u2714\ufe0f Uniformise le teint et [&hellip;]<\/p>\n","protected":false},"featured_media":2255,"comment_status":"open","ping_status":"closed","template":"","meta":[],"product_brand":[],"product_cat":[15],"product_tag":[],"class_list":{"0":"post-2254","1":"product","2":"type-product","3":"status-publish","4":"has-post-thumbnail","6":"product_cat-uncategorized","8":"first","9":"instock","10":"shipping-taxable","11":"purchasable","12":"product-type-simple"},"supplier_id":null,"supplier_sku":"","barcode":null,"atum_controlled":true,"out_stock_date":null,"out_stock_threshold":null,"inheritable":false,"inbound_stock":null,"stock_on_hold":0,"sold_today":0,"sales_last_days":0,"reserved_stock":null,"customer_returns":null,"warehouse_damage":null,"lost_in_post":null,"other_logs":null,"out_stock_days":0,"lost_sales":0,"has_location":false,"update_date":"2026-04-10T05:58:46","atum_locations":[],"atum_stock_status":"instock","restock_status":false,"low_stock_amount":"","sales_update_date":"2026-04-10T05:58:46","calc_backorders":null,"_links":{"self":[{"href":"https:\/\/jijitattoo.com\/index.php?rest_route=\/wp\/v2\/product\/2254","targetHints":{"allow":["GET"]}}],"collection":[{"href":"https:\/\/jijitattoo.com\/index.php?rest_route=\/wp\/v2\/product"}],"about":[{"href":"https:\/\/jijitattoo.com\/index.php?rest_route=\/wp\/v2\/types\/product"}],"replies":[{"embeddable":true,"href":"https:\/\/jijitattoo.com\/index.php?rest_route=%2Fwp%2Fv2%2Fcomments&post=2254"}],"wp:featuredmedia":[{"embeddable":true,"href":"https:\/\/jijitattoo.com\/index.php?rest_route=\/wp\/v2\/media\/2255"}],"wp:attachment":[{"href":"https:\/\/jijitattoo.com\/index.php?rest_route=%2Fwp%2Fv2%2Fmedia&parent=2254"}],"wp:term":[{"taxonomy":"product_brand","embeddable":true,"href":"https:\/\/jijitattoo.com\/index.php?rest_route=%2Fwp%2Fv2%2Fproduct_brand&post=2254"},{"taxonomy":"product_cat","embeddable":true,"href":"https:\/\/jijitattoo.com\/index.php?rest_route=%2Fwp%2Fv2%2Fproduct_cat&post=2254"},{"taxonomy":"product_tag","embeddable":true,"href":"https:\/\/jijitattoo.com\/index.php?rest_route=%2Fwp%2Fv2%2Fproduct_tag&post=2254"}],"curies":[{"name":"wp","href":"https:\/\/api.w.org\/{rel}","templated":true}]}}