{"id":2266,"date":"2025-12-27T20:33:54","date_gmt":"2025-12-27T20:33:54","guid":{"rendered":"https:\/\/jijitattoo.com\/?post_type=product&#038;p=2266"},"modified":"2025-12-27T20:33:54","modified_gmt":"2025-12-27T20:33:54","slug":"laneige-baume-levres","status":"publish","type":"product","link":"https:\/\/jijitattoo.com\/?product=laneige-baume-levres","title":{"rendered":"LaNeige Baume L\u00e8vres"},"content":{"rendered":"<p>Le <em data-start=\"375\" data-end=\"391\">Lip Glowy Balm<\/em> de <strong data-start=\"395\" data-end=\"406\">Laneige<\/strong> est un <strong data-start=\"414\" data-end=\"458\">baume \u00e0 l\u00e8vres nourrissant et protecteur<\/strong>, con\u00e7u pour garder les l\u00e8vres <strong data-start=\"489\" data-end=\"541\">douces, hydrat\u00e9es et brillantes toute la journ\u00e9e<\/strong>. Sa formule l\u00e9g\u00e8re mais riche en \u00e9mollients aide \u00e0 <strong data-start=\"593\" data-end=\"643\">pr\u00e9venir le dess\u00e8chement et les l\u00e8vres gerc\u00e9es<\/strong>, tout en offrant une <strong data-start=\"665\" data-end=\"713\">brillance subtile et un fini pulpeux naturel<\/strong>.<\/p>\n<p>\u2714\ufe0f <strong data-start=\"793\" data-end=\"816\">Hydrate intens\u00e9ment<\/strong> les l\u00e8vres s\u00e8ches ou gerc\u00e9es avec des beurres nourrissants comme le <strong data-start=\"885\" data-end=\"905\">beurre de karit\u00e9<\/strong> et le <strong data-start=\"912\" data-end=\"945\">beurre de graines de murumuru<\/strong>. <br data-start=\"984\" data-end=\"987\" \/>\u2714\ufe0f <strong data-start=\"990\" data-end=\"1023\">Donne une brillance naturelle<\/strong> et un aspect pulpeux sans effet collant.<br data-start=\"1102\" data-end=\"1105\" \/>\u2714\ufe0f <strong data-start=\"1108\" data-end=\"1159\">Prot\u00e8ge contre les agressions environnementales<\/strong> gr\u00e2ce \u00e0 une barri\u00e8re protectrice form\u00e9e par des cires et des beurres.\u00a0<br data-start=\"1267\" data-end=\"1270\" \/>\u2714\ufe0f Offre une <strong data-start=\"1283\" data-end=\"1313\">couleur l\u00e9g\u00e8re et raffin\u00e9e<\/strong> disponible en plusieurs saveurs parfum\u00e9es (comme Berry, Mango, Sweet Candy, etc.).\u00a0<br data-start=\"1434\" data-end=\"1437\" \/>\u2714\ufe0f Convient \u00e0 <strong data-start=\"1451\" data-end=\"1475\">tous types de l\u00e8vres<\/strong>, m\u00eame sensibles.<\/p>\n","protected":false},"excerpt":{"rendered":"<p>Le Lip Glowy Balm de Laneige est un baume \u00e0 l\u00e8vres nourrissant et protecteur, con\u00e7u pour garder les l\u00e8vres douces, hydrat\u00e9es et brillantes toute la journ\u00e9e. Sa formule l\u00e9g\u00e8re mais riche en \u00e9mollients aide \u00e0 pr\u00e9venir le dess\u00e8chement et les l\u00e8vres gerc\u00e9es, tout en offrant une brillance subtile et un fini pulpeux naturel. \u2714\ufe0f Hydrate [&hellip;]<\/p>\n","protected":false},"featured_media":2267,"comment_status":"open","ping_status":"closed","template":"","meta":[],"product_brand":[],"product_cat":[15],"product_tag":[],"class_list":{"0":"post-2266","1":"product","2":"type-product","3":"status-publish","4":"has-post-thumbnail","6":"product_cat-uncategorized","8":"first","9":"instock","10":"shipping-taxable","11":"purchasable","12":"product-type-simple"},"supplier_id":null,"supplier_sku":"","barcode":null,"atum_controlled":true,"out_stock_date":null,"out_stock_threshold":null,"inheritable":false,"inbound_stock":null,"stock_on_hold":0,"sold_today":0,"sales_last_days":0,"reserved_stock":null,"customer_returns":null,"warehouse_damage":null,"lost_in_post":null,"other_logs":null,"out_stock_days":0,"lost_sales":0,"has_location":false,"update_date":"2026-04-10T05:58:46","atum_locations":[],"atum_stock_status":"instock","restock_status":false,"low_stock_amount":"","sales_update_date":"2026-04-10T05:58:46","calc_backorders":null,"_links":{"self":[{"href":"https:\/\/jijitattoo.com\/index.php?rest_route=\/wp\/v2\/product\/2266","targetHints":{"allow":["GET"]}}],"collection":[{"href":"https:\/\/jijitattoo.com\/index.php?rest_route=\/wp\/v2\/product"}],"about":[{"href":"https:\/\/jijitattoo.com\/index.php?rest_route=\/wp\/v2\/types\/product"}],"replies":[{"embeddable":true,"href":"https:\/\/jijitattoo.com\/index.php?rest_route=%2Fwp%2Fv2%2Fcomments&post=2266"}],"wp:featuredmedia":[{"embeddable":true,"href":"https:\/\/jijitattoo.com\/index.php?rest_route=\/wp\/v2\/media\/2267"}],"wp:attachment":[{"href":"https:\/\/jijitattoo.com\/index.php?rest_route=%2Fwp%2Fv2%2Fmedia&parent=2266"}],"wp:term":[{"taxonomy":"product_brand","embeddable":true,"href":"https:\/\/jijitattoo.com\/index.php?rest_route=%2Fwp%2Fv2%2Fproduct_brand&post=2266"},{"taxonomy":"product_cat","embeddable":true,"href":"https:\/\/jijitattoo.com\/index.php?rest_route=%2Fwp%2Fv2%2Fproduct_cat&post=2266"},{"taxonomy":"product_tag","embeddable":true,"href":"https:\/\/jijitattoo.com\/index.php?rest_route=%2Fwp%2Fv2%2Fproduct_tag&post=2266"}],"curies":[{"name":"wp","href":"https:\/\/api.w.org\/{rel}","templated":true}]}}