{"id":2271,"date":"2025-12-27T20:41:47","date_gmt":"2025-12-27T20:41:47","guid":{"rendered":"https:\/\/jijitattoo.com\/?post_type=product&#038;p=2271"},"modified":"2025-12-27T20:41:47","modified_gmt":"2025-12-27T20:41:47","slug":"ginseng-serum-of-j","status":"publish","type":"product","link":"https:\/\/jijitattoo.com\/?product=ginseng-serum-of-j","title":{"rendered":"Ginseng Serum of J"},"content":{"rendered":"<p>Ce s\u00e9rum associe <strong data-start=\"461\" data-end=\"498\">l\u2019eau de racine de ginseng cor\u00e9en<\/strong>, un ingr\u00e9dient phare de la m\u00e9decine traditionnelle <em data-start=\"550\" data-end=\"559\">Hanbang<\/em>, \u00e0 la <strong data-start=\"566\" data-end=\"587\">mucine d\u2019escargot<\/strong> et autres extraits botaniques pour <strong data-start=\"623\" data-end=\"676\">hydrater, revitaliser, prot\u00e9ger et lisser la peau<\/strong>. La formule l\u00e9g\u00e8re p\u00e9n\u00e8tre facilement et aide \u00e0 redonner <strong data-start=\"734\" data-end=\"773\">relief, \u00e9lasticit\u00e9 et \u00e9clat naturel<\/strong> \u00e0 un teint fatigu\u00e9 ou terne.<\/p>\n<p>\u2714\ufe0f <strong data-start=\"880\" data-end=\"937\">Revitalise et redonne de l\u2019\u00e9nergie \u00e0 la peau fatigu\u00e9e<\/strong>, pour un aspect plus rebondi et vitalis\u00e9.\u00a0<br data-start=\"1017\" data-end=\"1020\" \/>\u2714\ufe0f <strong data-start=\"1023\" data-end=\"1048\">Hydrate en profondeur<\/strong> gr\u00e2ce au ginseng et \u00e0 d\u2019autres humectants.\u00a0<br data-start=\"1129\" data-end=\"1132\" \/>\u2714\ufe0f <strong data-start=\"1135\" data-end=\"1168\">Am\u00e9liore l\u2019\u00e9lasticit\u00e9 cutan\u00e9e<\/strong>, favorise un teint plus ferme et souple.\u00a0<br data-start=\"1247\" data-end=\"1250\" \/>\u2714\ufe0f <strong data-start=\"1253\" data-end=\"1277\">Antioxydant puissant<\/strong> : aide \u00e0 prot\u00e9ger contre les dommages environnementaux et le vieillissement pr\u00e9matur\u00e9.<br data-start=\"1402\" data-end=\"1405\" \/>\u2714\ufe0f <strong data-start=\"1408\" data-end=\"1437\">Apaise et nourrit la peau<\/strong>, y compris les peaux sensibles, s\u00e8ches ou irrit\u00e9es.\u00a0<br data-start=\"1527\" data-end=\"1530\" \/>\u2714\ufe0f <strong data-start=\"1533\" data-end=\"1564\">Unifie et illumine le teint<\/strong> pour une peau plus radieuse au fil du temps.<\/p>\n","protected":false},"excerpt":{"rendered":"<p>Ce s\u00e9rum associe l\u2019eau de racine de ginseng cor\u00e9en, un ingr\u00e9dient phare de la m\u00e9decine traditionnelle Hanbang, \u00e0 la mucine d\u2019escargot et autres extraits botaniques pour hydrater, revitaliser, prot\u00e9ger et lisser la peau. La formule l\u00e9g\u00e8re p\u00e9n\u00e8tre facilement et aide \u00e0 redonner relief, \u00e9lasticit\u00e9 et \u00e9clat naturel \u00e0 un teint fatigu\u00e9 ou terne. \u2714\ufe0f Revitalise [&hellip;]<\/p>\n","protected":false},"featured_media":2272,"comment_status":"open","ping_status":"closed","template":"","meta":[],"product_brand":[],"product_cat":[15],"product_tag":[],"class_list":{"0":"post-2271","1":"product","2":"type-product","3":"status-publish","4":"has-post-thumbnail","6":"product_cat-uncategorized","8":"first","9":"instock","10":"shipping-taxable","11":"purchasable","12":"product-type-simple"},"supplier_id":null,"supplier_sku":"","barcode":null,"atum_controlled":true,"out_stock_date":null,"out_stock_threshold":null,"inheritable":false,"inbound_stock":null,"stock_on_hold":0,"sold_today":0,"sales_last_days":0,"reserved_stock":null,"customer_returns":null,"warehouse_damage":null,"lost_in_post":null,"other_logs":null,"out_stock_days":0,"lost_sales":0,"has_location":false,"update_date":"2026-04-10T05:58:46","atum_locations":[],"atum_stock_status":"instock","restock_status":false,"low_stock_amount":"","sales_update_date":"2026-04-10T05:58:46","calc_backorders":null,"_links":{"self":[{"href":"https:\/\/jijitattoo.com\/index.php?rest_route=\/wp\/v2\/product\/2271","targetHints":{"allow":["GET"]}}],"collection":[{"href":"https:\/\/jijitattoo.com\/index.php?rest_route=\/wp\/v2\/product"}],"about":[{"href":"https:\/\/jijitattoo.com\/index.php?rest_route=\/wp\/v2\/types\/product"}],"replies":[{"embeddable":true,"href":"https:\/\/jijitattoo.com\/index.php?rest_route=%2Fwp%2Fv2%2Fcomments&post=2271"}],"wp:featuredmedia":[{"embeddable":true,"href":"https:\/\/jijitattoo.com\/index.php?rest_route=\/wp\/v2\/media\/2272"}],"wp:attachment":[{"href":"https:\/\/jijitattoo.com\/index.php?rest_route=%2Fwp%2Fv2%2Fmedia&parent=2271"}],"wp:term":[{"taxonomy":"product_brand","embeddable":true,"href":"https:\/\/jijitattoo.com\/index.php?rest_route=%2Fwp%2Fv2%2Fproduct_brand&post=2271"},{"taxonomy":"product_cat","embeddable":true,"href":"https:\/\/jijitattoo.com\/index.php?rest_route=%2Fwp%2Fv2%2Fproduct_cat&post=2271"},{"taxonomy":"product_tag","embeddable":true,"href":"https:\/\/jijitattoo.com\/index.php?rest_route=%2Fwp%2Fv2%2Fproduct_tag&post=2271"}],"curies":[{"name":"wp","href":"https:\/\/api.w.org\/{rel}","templated":true}]}}