{"id":2279,"date":"2025-12-27T20:59:34","date_gmt":"2025-12-27T20:59:34","guid":{"rendered":"https:\/\/jijitattoo.com\/?post_type=product&#038;p=2279"},"modified":"2025-12-27T20:59:34","modified_gmt":"2025-12-27T20:59:34","slug":"capsule-ampoule-centella","status":"publish","type":"product","link":"https:\/\/jijitattoo.com\/?product=capsule-ampoule-centella","title":{"rendered":"Capsule Ampoule Centella"},"content":{"rendered":"<p>Une <strong data-start=\"623\" data-end=\"649\">ampoule pour le visage<\/strong> l\u00e9g\u00e8re avec une base aqueuse ou gel qui combine <strong data-start=\"698\" data-end=\"751\">haut pourcentage d\u2019extrait de <em data-start=\"730\" data-end=\"749\">Centella Asiatica<\/em><\/strong> avec des <strong data-start=\"761\" data-end=\"788\">micro\u2011capsules d\u2019actifs<\/strong> comme la <strong data-start=\"798\" data-end=\"813\">niacinamide<\/strong>, l\u2019<strong data-start=\"817\" data-end=\"839\">acide tranexamique<\/strong> et des d\u00e9riv\u00e9s de vitamine\u202fC. Au contact de la peau, ces capsules lib\u00e8rent leurs ingr\u00e9dients pour <strong data-start=\"938\" data-end=\"1002\">apaiser, hydrater, illuminer et aider \u00e0 uniformiser le teint<\/strong> tout en r\u00e9duisant visiblement les taches pigmentaires ou zones ternes.<\/p>\n<p>\u2714\ufe0f <strong data-start=\"1151\" data-end=\"1189\">Apaise les rougeurs et irritations<\/strong>, gr\u00e2ce \u00e0 la Centella riche en madecassoside et asiaticoside.<br data-start=\"1288\" data-end=\"1291\" \/>\u2714\ufe0f <strong data-start=\"1294\" data-end=\"1318\">Hydrate profond\u00e9ment<\/strong> et renforce la barri\u00e8re cutan\u00e9e.\u00a0<br data-start=\"1389\" data-end=\"1392\" \/>\u2714\ufe0f <strong data-start=\"1395\" data-end=\"1427\">\u00c9clat et uniformit\u00e9 du teint<\/strong>\u202f: les actifs comme la niacinamide (\u2248\u202f4\u202f%) et l\u2019acide tranexamique (\u2248\u202f2\u202f%) aident \u00e0 estomper les taches sombres et la pigmentation irr\u00e9guli\u00e8re.<br data-start=\"1608\" data-end=\"1611\" \/>\u2714\ufe0f <strong data-start=\"1614\" data-end=\"1648\">Texture l\u00e9g\u00e8re et non collante<\/strong> qui p\u00e9n\u00e8tre rapidement, parfaite sous d\u2019autres soins.<\/p>\n","protected":false},"excerpt":{"rendered":"<p>Une ampoule pour le visage l\u00e9g\u00e8re avec une base aqueuse ou gel qui combine haut pourcentage d\u2019extrait de Centella Asiatica avec des micro\u2011capsules d\u2019actifs comme la niacinamide, l\u2019acide tranexamique et des d\u00e9riv\u00e9s de vitamine\u202fC. Au contact de la peau, ces capsules lib\u00e8rent leurs ingr\u00e9dients pour apaiser, hydrater, illuminer et aider \u00e0 uniformiser le teint tout [&hellip;]<\/p>\n","protected":false},"featured_media":2280,"comment_status":"open","ping_status":"closed","template":"","meta":[],"product_brand":[],"product_cat":[15],"product_tag":[],"class_list":{"0":"post-2279","1":"product","2":"type-product","3":"status-publish","4":"has-post-thumbnail","6":"product_cat-uncategorized","8":"first","9":"outofstock","10":"shipping-taxable","11":"purchasable","12":"product-type-simple"},"supplier_id":null,"supplier_sku":"","barcode":null,"atum_controlled":true,"out_stock_date":null,"out_stock_threshold":null,"inheritable":false,"inbound_stock":null,"stock_on_hold":0,"sold_today":0,"sales_last_days":0,"reserved_stock":null,"customer_returns":null,"warehouse_damage":null,"lost_in_post":null,"other_logs":null,"out_stock_days":0,"lost_sales":0,"has_location":false,"update_date":"2026-04-10T05:58:46","atum_locations":[],"atum_stock_status":"outofstock","restock_status":false,"low_stock_amount":"","sales_update_date":"2026-04-10T05:58:46","calc_backorders":null,"_links":{"self":[{"href":"https:\/\/jijitattoo.com\/index.php?rest_route=\/wp\/v2\/product\/2279","targetHints":{"allow":["GET"]}}],"collection":[{"href":"https:\/\/jijitattoo.com\/index.php?rest_route=\/wp\/v2\/product"}],"about":[{"href":"https:\/\/jijitattoo.com\/index.php?rest_route=\/wp\/v2\/types\/product"}],"replies":[{"embeddable":true,"href":"https:\/\/jijitattoo.com\/index.php?rest_route=%2Fwp%2Fv2%2Fcomments&post=2279"}],"wp:featuredmedia":[{"embeddable":true,"href":"https:\/\/jijitattoo.com\/index.php?rest_route=\/wp\/v2\/media\/2280"}],"wp:attachment":[{"href":"https:\/\/jijitattoo.com\/index.php?rest_route=%2Fwp%2Fv2%2Fmedia&parent=2279"}],"wp:term":[{"taxonomy":"product_brand","embeddable":true,"href":"https:\/\/jijitattoo.com\/index.php?rest_route=%2Fwp%2Fv2%2Fproduct_brand&post=2279"},{"taxonomy":"product_cat","embeddable":true,"href":"https:\/\/jijitattoo.com\/index.php?rest_route=%2Fwp%2Fv2%2Fproduct_cat&post=2279"},{"taxonomy":"product_tag","embeddable":true,"href":"https:\/\/jijitattoo.com\/index.php?rest_route=%2Fwp%2Fv2%2Fproduct_tag&post=2279"}],"curies":[{"name":"wp","href":"https:\/\/api.w.org\/{rel}","templated":true}]}}